{"id":6050,"date":"2019-12-09T15:04:00","date_gmt":"2019-12-09T15:04:00","guid":{"rendered":"https:\/\/allergies-alimentaires.org\/statistics\/"},"modified":"2024-02-15T15:31:05","modified_gmt":"2024-02-15T20:31:05","slug":"statistics","status":"publish","type":"page","link":"https:\/\/allergies-alimentaires.org\/en\/statistics\/","title":{"rendered":"Statistics"},"content":{"rendered":"\t\t<div data-elementor-type=\"wp-post\" data-elementor-id=\"6050\" class=\"elementor elementor-6050 elementor-1642\" data-elementor-post-type=\"page\">\n\t\t\t\t\t\t<section class=\"elementor-section elementor-top-section elementor-element elementor-element-25d6a76e elementor-section-full_width mep3col elementor-section-height-default elementor-section-height-default\" data-id=\"25d6a76e\" data-element_type=\"section\" data-e-type=\"section\">\n\t\t\t\t\t\t<div class=\"elementor-container elementor-column-gap-default\">\n\t\t\t\t\t<div class=\"elementor-column elementor-col-33 elementor-top-column elementor-element elementor-element-126c8c0d elementor-hidden-tablet elementor-hidden-phone\" data-id=\"126c8c0d\" data-element_type=\"column\" data-e-type=\"column\">\n\t\t\t<div class=\"elementor-widget-wrap elementor-element-populated\">\n\t\t\t\t\t\t<div class=\"elementor-element elementor-element-1af60355 sidenav elementor-nav-menu--dropdown-tablet elementor-nav-menu__text-align-aside elementor-nav-menu--toggle elementor-nav-menu--burger elementor-widget elementor-widget-global elementor-global-628 elementor-widget-nav-menu\" data-id=\"1af60355\" data-element_type=\"widget\" data-e-type=\"widget\" data-settings=\"{&quot;layout&quot;:&quot;vertical&quot;,&quot;submenu_icon&quot;:{&quot;value&quot;:&quot;fas fa-caret-down&quot;,&quot;library&quot;:&quot;fa-solid&quot;},&quot;toggle&quot;:&quot;burger&quot;}\" data-widget_type=\"nav-menu.default\">\n\t\t\t\t<div class=\"elementor-widget-container\">\n\t\t\t\t\t\t\t\t<nav aria-label=\"Menu\" class=\"elementor-nav-menu--main elementor-nav-menu__container elementor-nav-menu--layout-vertical e--pointer-underline e--animation-fade\">\n\t\t\t\t<ul id=\"menu-1-1af60355\" class=\"elementor-nav-menu sm-vertical\"><li class=\"menu-item menu-item-type-custom menu-item-object-custom menu-item-6126\"><a class=\"elementor-item\"><span class=\"sidenavtitle\">INFO ALLERGIES<\/span><\/a><\/li>\n<li class=\"menu-item menu-item-type-post_type menu-item-object-page menu-item-6127\"><a href=\"https:\/\/allergies-alimentaires.org\/en\/what-is-a-food-allergy\/\" class=\"elementor-item\">What is a Food Allergy?<\/a><\/li>\n<li class=\"menu-item menu-item-type-post_type menu-item-object-page menu-item-6128\"><a href=\"https:\/\/allergies-alimentaires.org\/en\/symptoms\/\" class=\"elementor-item\">Symptoms<\/a><\/li>\n<li class=\"menu-item menu-item-type-post_type menu-item-object-page menu-item-has-children menu-item-6129\"><a href=\"https:\/\/allergies-alimentaires.org\/en\/9-priority-allergens\/\" class=\"elementor-item\">9 Priority Allergens<\/a>\n<ul class=\"sub-menu elementor-nav-menu--dropdown\">\n\t<li class=\"menu-item menu-item-type-post_type menu-item-object-page menu-item-6130\"><a href=\"https:\/\/allergies-alimentaires.org\/en\/9-priority-allergens\/peanuts\/\" class=\"elementor-sub-item\">Peanuts<\/a><\/li>\n\t<li class=\"menu-item menu-item-type-post_type menu-item-object-page menu-item-6131\"><a href=\"https:\/\/allergies-alimentaires.org\/en\/9-priority-allergens\/wheat\/\" class=\"elementor-sub-item\">Wheat or Triticale<\/a><\/li>\n\t<li class=\"menu-item menu-item-type-post_type menu-item-object-page menu-item-6132\"><a href=\"https:\/\/allergies-alimentaires.org\/en\/9-priority-allergens\/milk\/\" class=\"elementor-sub-item\">Milk<\/a><\/li>\n\t<li class=\"menu-item menu-item-type-post_type menu-item-object-page menu-item-6133\"><a href=\"https:\/\/allergies-alimentaires.org\/en\/9-priority-allergens\/mustard\/\" class=\"elementor-sub-item\">Mustard<\/a><\/li>\n\t<li class=\"menu-item menu-item-type-post_type menu-item-object-page menu-item-6134\"><a href=\"https:\/\/allergies-alimentaires.org\/en\/9-priority-allergens\/tree-nuts\/\" class=\"elementor-sub-item\">Tree Nuts<\/a><\/li>\n\t<li class=\"menu-item menu-item-type-post_type menu-item-object-page menu-item-6135\"><a href=\"https:\/\/allergies-alimentaires.org\/en\/9-priority-allergens\/eggs\/\" class=\"elementor-sub-item\">Eggs<\/a><\/li>\n\t<li class=\"menu-item menu-item-type-post_type menu-item-object-page menu-item-6136\"><a href=\"https:\/\/allergies-alimentaires.org\/en\/9-priority-allergens\/fish-crustaceans-and-molluscs\/\" class=\"elementor-sub-item\">Fish, Crustaceans and Molluscs<\/a><\/li>\n\t<li class=\"menu-item menu-item-type-post_type menu-item-object-page menu-item-6137\"><a href=\"https:\/\/allergies-alimentaires.org\/en\/9-priority-allergens\/sesame\/\" class=\"elementor-sub-item\">Sesame<\/a><\/li>\n\t<li class=\"menu-item menu-item-type-post_type menu-item-object-page menu-item-6138\"><a href=\"https:\/\/allergies-alimentaires.org\/en\/9-priority-allergens\/soybeans\/\" class=\"elementor-sub-item\">Soybeans<\/a><\/li>\n<\/ul>\n<\/li>\n<li class=\"menu-item menu-item-type-post_type menu-item-object-page menu-item-6139\"><a href=\"https:\/\/allergies-alimentaires.org\/en\/finding-hidden-allergens\/\" class=\"elementor-item\">Finding Hidden Allergens<\/a><\/li>\n<li class=\"menu-item menu-item-type-post_type menu-item-object-page menu-item-6140\"><a href=\"https:\/\/allergies-alimentaires.org\/en\/other-allergens\/\" class=\"elementor-item\">Other Allergens and Triggers<\/a><\/li>\n<li class=\"menu-item menu-item-type-post_type menu-item-object-page menu-item-6141\"><a href=\"https:\/\/allergies-alimentaires.org\/en\/food-sensitivities-and-intolerances-2\/\" class=\"elementor-item\">Food Sensitivities and Intolerances<\/a><\/li>\n<li class=\"menu-item menu-item-type-post_type menu-item-object-page menu-item-6142\"><a href=\"https:\/\/allergies-alimentaires.org\/en\/at-risk-individuals\/\" class=\"elementor-item\">At Risk Individuals<\/a><\/li>\n<li class=\"menu-item menu-item-type-post_type menu-item-object-page menu-item-6143\"><a href=\"https:\/\/allergies-alimentaires.org\/en\/autoinjectors\/\" class=\"elementor-item\">Auto-injectors<\/a><\/li>\n<li class=\"menu-item menu-item-type-post_type menu-item-object-page menu-item-6144\"><a href=\"https:\/\/allergies-alimentaires.org\/en\/statistics\/\" class=\"elementor-item\">Statistics<\/a><\/li>\n<\/ul>\t\t\t<\/nav>\n\t\t\t\t\t<div class=\"elementor-menu-toggle\" role=\"button\" tabindex=\"0\" aria-label=\"Menu Toggle\" aria-expanded=\"false\">\n\t\t\t<i aria-hidden=\"true\" role=\"presentation\" class=\"elementor-menu-toggle__icon--open eicon-menu-bar\"><\/i><i aria-hidden=\"true\" role=\"presentation\" class=\"elementor-menu-toggle__icon--close eicon-close\"><\/i>\t\t<\/div>\n\t\t\t\t\t<nav class=\"elementor-nav-menu--dropdown elementor-nav-menu__container\" aria-hidden=\"true\">\n\t\t\t\t<ul id=\"menu-2-1af60355\" class=\"elementor-nav-menu sm-vertical\"><li class=\"menu-item menu-item-type-custom menu-item-object-custom menu-item-6126\"><a class=\"elementor-item\" tabindex=\"-1\"><span class=\"sidenavtitle\">INFO ALLERGIES<\/span><\/a><\/li>\n<li class=\"menu-item menu-item-type-post_type menu-item-object-page menu-item-6127\"><a href=\"https:\/\/allergies-alimentaires.org\/en\/what-is-a-food-allergy\/\" class=\"elementor-item\" tabindex=\"-1\">What is a Food Allergy?<\/a><\/li>\n<li class=\"menu-item menu-item-type-post_type menu-item-object-page menu-item-6128\"><a href=\"https:\/\/allergies-alimentaires.org\/en\/symptoms\/\" class=\"elementor-item\" tabindex=\"-1\">Symptoms<\/a><\/li>\n<li class=\"menu-item menu-item-type-post_type menu-item-object-page menu-item-has-children menu-item-6129\"><a href=\"https:\/\/allergies-alimentaires.org\/en\/9-priority-allergens\/\" class=\"elementor-item\" tabindex=\"-1\">9 Priority Allergens<\/a>\n<ul class=\"sub-menu elementor-nav-menu--dropdown\">\n\t<li class=\"menu-item menu-item-type-post_type menu-item-object-page menu-item-6130\"><a href=\"https:\/\/allergies-alimentaires.org\/en\/9-priority-allergens\/peanuts\/\" class=\"elementor-sub-item\" tabindex=\"-1\">Peanuts<\/a><\/li>\n\t<li class=\"menu-item menu-item-type-post_type menu-item-object-page menu-item-6131\"><a href=\"https:\/\/allergies-alimentaires.org\/en\/9-priority-allergens\/wheat\/\" class=\"elementor-sub-item\" tabindex=\"-1\">Wheat or Triticale<\/a><\/li>\n\t<li class=\"menu-item menu-item-type-post_type menu-item-object-page menu-item-6132\"><a href=\"https:\/\/allergies-alimentaires.org\/en\/9-priority-allergens\/milk\/\" class=\"elementor-sub-item\" tabindex=\"-1\">Milk<\/a><\/li>\n\t<li class=\"menu-item menu-item-type-post_type menu-item-object-page menu-item-6133\"><a href=\"https:\/\/allergies-alimentaires.org\/en\/9-priority-allergens\/mustard\/\" class=\"elementor-sub-item\" tabindex=\"-1\">Mustard<\/a><\/li>\n\t<li class=\"menu-item menu-item-type-post_type menu-item-object-page menu-item-6134\"><a href=\"https:\/\/allergies-alimentaires.org\/en\/9-priority-allergens\/tree-nuts\/\" class=\"elementor-sub-item\" tabindex=\"-1\">Tree Nuts<\/a><\/li>\n\t<li class=\"menu-item menu-item-type-post_type menu-item-object-page menu-item-6135\"><a href=\"https:\/\/allergies-alimentaires.org\/en\/9-priority-allergens\/eggs\/\" class=\"elementor-sub-item\" tabindex=\"-1\">Eggs<\/a><\/li>\n\t<li class=\"menu-item menu-item-type-post_type menu-item-object-page menu-item-6136\"><a href=\"https:\/\/allergies-alimentaires.org\/en\/9-priority-allergens\/fish-crustaceans-and-molluscs\/\" class=\"elementor-sub-item\" tabindex=\"-1\">Fish, Crustaceans and Molluscs<\/a><\/li>\n\t<li class=\"menu-item menu-item-type-post_type menu-item-object-page menu-item-6137\"><a href=\"https:\/\/allergies-alimentaires.org\/en\/9-priority-allergens\/sesame\/\" class=\"elementor-sub-item\" tabindex=\"-1\">Sesame<\/a><\/li>\n\t<li class=\"menu-item menu-item-type-post_type menu-item-object-page menu-item-6138\"><a href=\"https:\/\/allergies-alimentaires.org\/en\/9-priority-allergens\/soybeans\/\" class=\"elementor-sub-item\" tabindex=\"-1\">Soybeans<\/a><\/li>\n<\/ul>\n<\/li>\n<li class=\"menu-item menu-item-type-post_type menu-item-object-page menu-item-6139\"><a href=\"https:\/\/allergies-alimentaires.org\/en\/finding-hidden-allergens\/\" class=\"elementor-item\" tabindex=\"-1\">Finding Hidden Allergens<\/a><\/li>\n<li class=\"menu-item menu-item-type-post_type menu-item-object-page menu-item-6140\"><a href=\"https:\/\/allergies-alimentaires.org\/en\/other-allergens\/\" class=\"elementor-item\" tabindex=\"-1\">Other Allergens and Triggers<\/a><\/li>\n<li class=\"menu-item menu-item-type-post_type menu-item-object-page menu-item-6141\"><a href=\"https:\/\/allergies-alimentaires.org\/en\/food-sensitivities-and-intolerances-2\/\" class=\"elementor-item\" tabindex=\"-1\">Food Sensitivities and Intolerances<\/a><\/li>\n<li class=\"menu-item menu-item-type-post_type menu-item-object-page menu-item-6142\"><a href=\"https:\/\/allergies-alimentaires.org\/en\/at-risk-individuals\/\" class=\"elementor-item\" tabindex=\"-1\">At Risk Individuals<\/a><\/li>\n<li class=\"menu-item menu-item-type-post_type menu-item-object-page menu-item-6143\"><a href=\"https:\/\/allergies-alimentaires.org\/en\/autoinjectors\/\" class=\"elementor-item\" tabindex=\"-1\">Auto-injectors<\/a><\/li>\n<li class=\"menu-item menu-item-type-post_type menu-item-object-page menu-item-6144\"><a href=\"https:\/\/allergies-alimentaires.org\/en\/statistics\/\" class=\"elementor-item\" tabindex=\"-1\">Statistics<\/a><\/li>\n<\/ul>\t\t\t<\/nav>\n\t\t\t\t\t\t<\/div>\n\t\t\t\t<\/div>\n\t\t\t\t\t<\/div>\n\t\t<\/div>\n\t\t\t\t<div class=\"elementor-column elementor-col-33 elementor-top-column elementor-element elementor-element-af9e0d3\" data-id=\"af9e0d3\" data-element_type=\"column\" data-e-type=\"column\">\n\t\t\t<div class=\"elementor-widget-wrap elementor-element-populated\">\n\t\t\t\t\t\t<div class=\"elementor-element elementor-element-ff8b0e0 elementor-widget elementor-widget-text-editor\" data-id=\"ff8b0e0\" data-element_type=\"widget\" data-e-type=\"widget\" data-widget_type=\"text-editor.default\">\n\t\t\t\t<div class=\"elementor-widget-container\">\n\t\t\t\t\t\t\t\t\t<h2>More than a quarter of a million Quebecers live with food allergies<\/h2><ul><li>It is estimated that approximately 300,000 people in Quebec have food allergies, representing 4% of the province\u2019s population. Health Canada\u2019s estimates are even higher:<\/li><\/ul><blockquote><p><span style=\"color: #808080;\">According to a recent publication [i], approximately 7% of Canadians self-report a food allergy. However, fewer are likely to have a physician-diagnosed food allergy, which are estimated at prevalence levels up to 5-6% for young children and 3-4% for adults in westernized countries [ii] [iii].<\/span><\/p><\/blockquote><ul><li style=\"text-align: left;\">40,000 children in Quebec elementary schools have food allergies [iv].<\/li><li style=\"text-align: left;\">7% of Quebec families have at least one allergic person (parents, family, friends, office colleagues, business partners, etc.) [v].<\/li><li style=\"text-align: left;\">The Minist\u00e8re de la Sant\u00e9 et des Services sociaux du Qu\u00e9bec estimates that 6% of babies, 3% of children aged 10 years and over, and approximately 1 to 2% of adults are affected by one or more food allergies. [vi]<\/li><\/ul><h2>Food allergies can be caused by a wide variety of foods<\/h2><ul><li>Nine foods are responsible for more than 90% of allergic reactions: cow&#8217;s milk, eggs, soy, wheat, peanuts, nuts (walnut, hazelnut, almond, cashew, pecan and pistachio), mustard, fish and seafood [vii].<\/li><li>In Canada, more than 160 foods have been identified as triggers for allergic reactions [viii].<\/li><\/ul><h2>The majority of children outgrow their allergies before the age of 7<\/h2><ul><li>76% of milk allergies are outgrown before the age of 5 [ix].<\/li><li>75% of egg allergies are outgrown before the age of 7 [x].<\/li><li>80% of wheat allergies are outgrown before the age of 5 [xi].<\/li><li>Only 20% of peanut allergies are outgrown before the age of 7 [xii].<\/li><\/ul><p>\u00a0<\/p>\t\t\t\t\t\t\t\t<\/div>\n\t\t\t\t<\/div>\n\t\t\t\t<div class=\"elementor-element elementor-element-61751b6 elementor-widget elementor-widget-toggle\" data-id=\"61751b6\" data-element_type=\"widget\" data-e-type=\"widget\" data-widget_type=\"toggle.default\">\n\t\t\t\t<div class=\"elementor-widget-container\">\n\t\t\t\t\t\t\t<div class=\"elementor-toggle\">\n\t\t\t\t\t\t\t<div class=\"elementor-toggle-item\">\n\t\t\t\t\t<div id=\"elementor-tab-title-1021\" class=\"elementor-tab-title\" data-tab=\"1\" role=\"button\" aria-controls=\"elementor-tab-content-1021\" aria-expanded=\"false\">\n\t\t\t\t\t\t\t\t\t\t\t\t<span class=\"elementor-toggle-icon elementor-toggle-icon-left\" aria-hidden=\"true\">\n\t\t\t\t\t\t\t\t\t\t\t\t\t\t\t<span class=\"elementor-toggle-icon-closed\"><i class=\"fas fa-caret-right\"><\/i><\/span>\n\t\t\t\t\t\t\t\t<span class=\"elementor-toggle-icon-opened\"><i class=\"elementor-toggle-icon-opened fas fa-caret-up\"><\/i><\/span>\n\t\t\t\t\t\t\t\t\t\t\t\t\t<\/span>\n\t\t\t\t\t\t\t\t\t\t\t\t<a class=\"elementor-toggle-title\" tabindex=\"0\">R\u00e9f\u00e9rences<\/a>\n\t\t\t\t\t<\/div>\n\n\t\t\t\t\t<div id=\"elementor-tab-content-1021\" class=\"elementor-tab-content elementor-clearfix\" data-tab=\"1\" role=\"region\" aria-labelledby=\"elementor-tab-title-1021\"><p>[i] Overall Prevalence of Self-reported Food Allergy in Canada, L. Soller et al, Journal of Allergy and Clinical Immunology (2012). doi: 10.1016\/j.jaci.2012.06.029<br \/>[ii] Prevalence and cumulative incidence of food hypersensitivity in the first 3 years of life. C Venter et al, Allergy 2008: 63: 354-359.<br \/>Maternally reported food allergies and other food-related health problems in infants: Characteristics and associated factors. S Luccioli et al. Pediatrics, volume 122, sup. 2, S105-S112, Octobre 2008.<br \/>Prevalence of adverse reactions to food in Germany \u0096 A population study. T Zuberbier et al. Allergy 2004: 59: 338-345.<br \/>The prevalence of food hypersensitivity in an unselected population of children and adults. M Osterballe et al. Pediatric Allergy and Immunology 2005: 16: 567-573.<br \/>[iii] Sant\u00e9 Canada, Les allergies alimentaires et les intol\u00e9rances alimentaires, <a href=\"https:\/\/www.canada.ca\/fr\/sante-canada\/services\/aliments-nutrition\/salubrite-aliments\/allergies-alimentaires-intolerances-alimentaires.html\" target=\"_blank\" rel=\"noopener\">https:\/\/www.canada.ca\/fr\/sante-canada\/services\/aliments-nutrition\/salubrite-aliments\/allergies-alimentaires-intolerances-alimentaires.html<\/a>#fn1, consult\u00e9 le 18 juillet 2019.<br \/>[iv] Dufresne Claire, Vivre avec les allergies alimentaires, Montr\u00e9al, Les \u00e9ditions la presse. 2009, 253p.<br \/>[v] \u00c9tude nationale Ipsos Reid, 2001.<br \/>[vi] Minist\u00e8re de la Sant\u00e9 et des Services sociaux du Qu\u00e9bec (2013). Allergies alimentaires.<br \/>Retrieved from : <a href=\"https:\/\/www.quebec.ca\/sante\/alimentation\/allergies-alimentaires\/developpement-allergie\" target=\"_blank\" rel=\"noopener\">Comment se d\u00e9veloppe une allergie alimentaire | Gouvernement du Qu\u00e9bec (quebec.ca)<\/a>\u00a0[Accessed : 15 f\u00e9vrier 2024].<br \/>[vii] Sicherer SH, Sampson HA. (2000) Peanut and tree nut allergy. Curr Opin Pediatr, 12 (6), 567-573.<br \/>Hefle SL, Nordlee JA, Taylor SL. (1996) Allergenic foods. Crit Rev Food Sci Nutr, 36 (Suppl), S69-89<br \/>[viii] Sans noix ni loi \u00bb. Dussault, St\u00e9phan. Prot\u00e9gez-vous, janvier 2002, p. 19-21.<br \/>[ix] [x] [xi] [xii] Branum AM, Lukacs SL. Food allergy among U.S. children: Trends in prevalence and hospitalizations. NCHS data brief, no 10. Hyattsville, MD: National Center for Health Statistics. 2008.<\/p><\/div>\n\t\t\t\t<\/div>\n\t\t\t\t\t\t\t\t<\/div>\n\t\t\t\t\t\t<\/div>\n\t\t\t\t<\/div>\n\t\t\t\t\t<\/div>\n\t\t<\/div>\n\t\t\t\t<div class=\"elementor-column elementor-col-33 elementor-top-column elementor-element elementor-element-26af6fcc\" data-id=\"26af6fcc\" data-element_type=\"column\" data-e-type=\"column\">\n\t\t\t<div class=\"elementor-widget-wrap elementor-element-populated\">\n\t\t\t\t\t\t<div class=\"elementor-element elementor-element-2da51966 elementor-widget elementor-widget-image\" data-id=\"2da51966\" data-element_type=\"widget\" data-e-type=\"widget\" data-widget_type=\"image.default\">\n\t\t\t\t<div class=\"elementor-widget-container\">\n\t\t\t\t\t\t\t\t\t\t\t\t\t\t\t<img fetchpriority=\"high\" decoding=\"async\" width=\"1024\" height=\"861\" src=\"https:\/\/allergies-alimentaires.org\/wp-content\/uploads\/2019\/07\/allergies-quebec_statistiques-1024x861.jpg\" class=\"attachment-large size-large wp-image-1878\" alt=\"\" srcset=\"https:\/\/allergies-alimentaires.org\/wp-content\/uploads\/2019\/07\/allergies-quebec_statistiques-1024x861.jpg 1024w, https:\/\/allergies-alimentaires.org\/wp-content\/uploads\/2019\/07\/allergies-quebec_statistiques-300x252.jpg 300w, https:\/\/allergies-alimentaires.org\/wp-content\/uploads\/2019\/07\/allergies-quebec_statistiques-768x646.jpg 768w, https:\/\/allergies-alimentaires.org\/wp-content\/uploads\/2019\/07\/allergies-quebec_statistiques.jpg 1070w\" sizes=\"(max-width: 1024px) 100vw, 1024px\" \/>\t\t\t\t\t\t\t\t\t\t\t\t\t\t\t<\/div>\n\t\t\t\t<\/div>\n\t\t\t\t<div class=\"elementor-element elementor-element-283bf585 rightnav elementor-widget elementor-widget-text-editor\" data-id=\"283bf585\" data-element_type=\"widget\" data-e-type=\"widget\" data-widget_type=\"text-editor.default\">\n\t\t\t\t<div class=\"elementor-widget-container\">\n\t\t\t\t\t\t\t\t\t<strong>SUGGESTED READING:<\/strong>\n<div id=\"u374\" class=\"ax_default box_1\" data-label=\"bouton-soumettre\">\n<div id=\"u374_text\" class=\"text \">\n<p id=\"cache20\"><a href=\"https:\/\/allergies-alimentaires.org\/en\/a-testimonial-learning-to-live-with-an-allergy-or-other-food-sensitivities\/\"><span id=\"cache21\">Learning to Live with an Allergy or Other Food Sensitivities (Testimonial)<\/span><\/a><\/p>\n\n<\/div>\n<\/div>\n<div id=\"u375\" class=\"ax_default materialicons\">\n<div id=\"u375_div\" class=\"\">\n<div id=\"u377\" class=\"ax_default box_1 mouseOver\" data-label=\"bouton-soumettre\">\n<div id=\"u377_text\" class=\"text \">\n<p id=\"cache18\"><a href=\"https:\/\/allergies-alimentaires.org\/en\/cross-contamination\/\"><span id=\"cache19\">Avoiding Cross-contact<\/span><\/a><\/p>\n<a href=\"https:\/\/allergies-alimentaires.org\/en\/pulled-pork-with-homemade-sauce-and-creamy-polenta\/\">Pulled Pork Recipe with Homemade Sauce and Creamy Polenta<\/a>\n\n<\/div>\n<\/div>\n<div id=\"u378\" class=\"ax_default materialicons\">\n<div id=\"u378_div\" class=\"\">\n<p class=\"pt-cv-title\"><\/p>\n\n<\/div>\n<\/div>\n<\/div>\n<\/div>\t\t\t\t\t\t\t\t<\/div>\n\t\t\t\t<\/div>\n\t\t\t\t\t<\/div>\n\t\t<\/div>\n\t\t\t\t\t<\/div>\n\t\t<\/section>\n\t\t\t\t<\/div>\n\t\t","protected":false},"excerpt":{"rendered":"<p>More than a quarter of a million Quebecers live with food allergies It is estimated that approximately 300,000 people in &#8230; <a title=\"Statistics\" class=\"read-more\" href=\"https:\/\/allergies-alimentaires.org\/en\/statistics\/\" aria-label=\"Read more about Statistics\">Lire plus<\/a><\/p>\n","protected":false},"author":1,"featured_media":0,"parent":0,"menu_order":0,"comment_status":"closed","ping_status":"closed","template":"","meta":{"footnotes":""},"categories":[21],"tags":[],"class_list":{"0":"post-6050","1":"page","2":"type-page","3":"status-publish","5":"category-info-allergies","6":"infinite-scroll-item","7":"no-featured-image-padding"},"_links":{"self":[{"href":"https:\/\/allergies-alimentaires.org\/en\/wp-json\/wp\/v2\/pages\/6050","targetHints":{"allow":["GET"]}}],"collection":[{"href":"https:\/\/allergies-alimentaires.org\/en\/wp-json\/wp\/v2\/pages"}],"about":[{"href":"https:\/\/allergies-alimentaires.org\/en\/wp-json\/wp\/v2\/types\/page"}],"author":[{"embeddable":true,"href":"https:\/\/allergies-alimentaires.org\/en\/wp-json\/wp\/v2\/users\/1"}],"replies":[{"embeddable":true,"href":"https:\/\/allergies-alimentaires.org\/en\/wp-json\/wp\/v2\/comments?post=6050"}],"version-history":[{"count":0,"href":"https:\/\/allergies-alimentaires.org\/en\/wp-json\/wp\/v2\/pages\/6050\/revisions"}],"wp:attachment":[{"href":"https:\/\/allergies-alimentaires.org\/en\/wp-json\/wp\/v2\/media?parent=6050"}],"wp:term":[{"taxonomy":"category","embeddable":true,"href":"https:\/\/allergies-alimentaires.org\/en\/wp-json\/wp\/v2\/categories?post=6050"},{"taxonomy":"post_tag","embeddable":true,"href":"https:\/\/allergies-alimentaires.org\/en\/wp-json\/wp\/v2\/tags?post=6050"}],"curies":[{"name":"wp","href":"https:\/\/api.w.org\/{rel}","templated":true}]}}