{"id":6003,"date":"2019-12-09T14:41:57","date_gmt":"2019-12-09T14:41:57","guid":{"rendered":"https:\/\/allergies-alimentaires.org\/tools\/"},"modified":"2024-07-30T13:52:01","modified_gmt":"2024-07-30T17:52:01","slug":"tools","status":"publish","type":"page","link":"https:\/\/allergies-alimentaires.org\/en\/tools\/","title":{"rendered":"Tools"},"content":{"rendered":"\t\t<div data-elementor-type=\"wp-post\" data-elementor-id=\"6003\" class=\"elementor elementor-6003 elementor-86\" data-elementor-post-type=\"page\">\n\t\t\t\t\t\t<section class=\"elementor-section elementor-top-section elementor-element elementor-element-5f383181 elementor-section-full_width mep3col elementor-section-height-default elementor-section-height-default\" data-id=\"5f383181\" data-element_type=\"section\" data-e-type=\"section\">\n\t\t\t\t\t\t<div class=\"elementor-container elementor-column-gap-default\">\n\t\t\t\t\t<div class=\"elementor-column elementor-col-33 elementor-top-column elementor-element elementor-element-3732af2a elementor-hidden-tablet elementor-hidden-phone\" data-id=\"3732af2a\" data-element_type=\"column\" data-e-type=\"column\">\n\t\t\t<div class=\"elementor-widget-wrap elementor-element-populated\">\n\t\t\t\t\t\t<div class=\"elementor-element elementor-element-e96caa2 elementor-widget elementor-widget-html\" data-id=\"e96caa2\" data-element_type=\"widget\" data-e-type=\"widget\" data-widget_type=\"html.default\">\n\t\t\t\t<div class=\"elementor-widget-container\">\n\t\t\t\t\t<!-- NE PAS EFFACER -->\r\n\r\n<script>\r\njQuery(document).ready(function($){\r\n\t\t\/* tab *\/\t\t\r\n\t\r\n\t\tfunction tab() {\t\r\n            $(\".elementor-tab-title\").unbind();\r\n            $(\".elementor-tab-title\").click(\r\n                function(){\r\n                    $(\".elementor-tab-title\").removeClass(\"elementor-active\");\r\n                    $(this).addClass(\"elementor-active\");\r\n                    $(\".elementor-tab-content\").hide();\r\n                    $(this).next(\".elementor-tab-content\").toggle();\r\n                }\r\n            );\r\n\t\t}\r\n\r\n\t\tsetTimeout(tab,500);\r\n\r\n});\r\n<\/script>\t\t\t\t<\/div>\n\t\t\t\t<\/div>\n\t\t\t\t\t<\/div>\n\t\t<\/div>\n\t\t\t\t<div class=\"elementor-column elementor-col-33 elementor-top-column elementor-element elementor-element-2ab55d00\" data-id=\"2ab55d00\" data-element_type=\"column\" data-e-type=\"column\">\n\t\t\t<div class=\"elementor-widget-wrap elementor-element-populated\">\n\t\t\t\t\t\t<div class=\"elementor-element elementor-element-99d8076 elementor-widget elementor-widget-text-editor\" data-id=\"99d8076\" data-element_type=\"widget\" data-e-type=\"widget\" data-widget_type=\"text-editor.default\">\n\t\t\t\t<div class=\"elementor-widget-container\">\n\t\t\t\t\t\t\t\t\t<h3><strong>Toolbox<\/strong><\/h3><p>In this toolbox are resources for people living with allergies, for their family and friends as well as for the professionals who care for them, such as printable brochures and documentation, informative videos, webinar recordings, reading suggestions, and a list of useful websites.<\/p><table style=\"width: 100%;\" border=\"1\"><tbody><tr><td style=\"vertical-align: top; background-color: white;\" colspan=\"1\" rowspan=\"9\"><strong>On this page:<\/strong><\/td><td><a href=\"#1\">Immediately upon diagnosis &gt;<\/a><\/td><\/tr><tr><td><a href=\"#2\">Medical appointments &gt;<\/a><\/td><\/tr><tr><td><a href=\"#3\">Learn more about food allergies &gt;<\/a><\/td><\/tr><tr><td><a href=\"#4\">Babies and young children &gt;<\/a><\/td><\/tr><tr><td><a href=\"#5\">School, daycare, and summer camp &gt;<\/a><\/td><\/tr><tr><td><a href=\"#6\">Celebrations and holidays &gt;<\/a><\/td><\/tr><tr><td><a href=\"#7\">Mental health &gt;<\/a><\/td><\/tr><tr><td><a href=\"#8\">In the kitchen &gt;<\/a><\/td><\/tr><tr><td><a href=\"#9\">For health professionals &gt;<\/a><\/td><\/tr><\/tbody><\/table><div id=\"1\"><h3><strong>Immediately upon diagnosis<\/strong><\/h3><\/div><ul><li><a href=\"https:\/\/allergies-alimentaires.org\/wp-content\/uploads\/2019\/09\/49_allergies-quebec_trousse_pour_patients_nouvellement_diagnostiques.pdf\">Trousse pour le patients nouvellement diagnostiqu\u00e9s<\/a> (PDF )<\/li><li><a href=\"https:\/\/www.youtube.com\/watch?v=vvm6zXSJOJA&amp;ab_channel=AllergiesQu%C3%A9bec\" target=\"_blank\" rel=\"noopener\">Quand utiliser l\u2019auto-injecteur d\u2019\u00e9pin\u00e9phrine<\/a> (capsule 2019)<\/li><li><a href=\"https:\/\/allergies-alimentaires.org\/wp-content\/uploads\/2019\/09\/49_allergies-quebec_quand_utiliser_l_auto_injecteur_d_epinephrine.pdf\">Tableau des sympt\u00f4mes de l\u2019anaphylaxie<\/a> (PDF)<\/li><li><a href=\"https:\/\/www.epipen.ca\/order-your-free-epipen-essential\" target=\"_blank\" rel=\"noopener\">Commander un auto-injecteur de pratique<\/a><\/li><li><a href=\"https:\/\/www.epipen.ca\/how-to-use-epipen\" target=\"_blank\" rel=\"noopener\">Proc\u00e9dure pour utiliser l\u2019auto-injecteur EpiPen MD<\/a><\/li><li><a href=\"https:\/\/www.canada.ca\/fr\/sante-canada\/services\/medicaments-produits-sante\/medicaments\/annonces\/auvi-q-renseignements-patient.html\" target=\"_blank\" rel=\"noopener\">Proc\u00e9dure pour utiliser l\u2019auto-injecteur Auvi-Q<\/a><\/li><li><a href=\"https:\/\/www.epipen101.ca\/fr\/welcome\" target=\"_blank\" rel=\"noopener\">Formation interactive de 20 minutes sur l\u2019utilisation de l\u2019EpiPen MD<\/a><\/li><li><a href=\"https:\/\/www.medicalert.ca\/?lang=fr\" target=\"_blank\" rel=\"noopener\">Commander de l\u2019identification m\u00e9dicale<\/a><\/li><li><a href=\"https:\/\/recalls-rappels.canada.ca\/en\/subscribe\" target=\"_blank\" rel=\"noopener\">Liste de rappels de l\u2019Agence canadienne d\u2019inspection des aliments<\/a><\/li><li><a href=\"https:\/\/media.mapaq.gouv.qc.ca\/abonnements\/rappelsaliments.html\" target=\"_blank\" rel=\"noopener\">Liste de rappels du Minist\u00e8re Agriculture, P\u00eacheries et Alimentation du Qu\u00e9bec<\/a><\/li><\/ul><div id=\"2\"><h3><strong>Medical appointments<\/strong><\/h3><\/div><ul><li><a href=\"http:\/\/allerg.qc.ca\/index.php\" target=\"_blank\" rel=\"noopener\">Liste des allergologues pratiquant dans votre r\u00e9gion<\/a><\/li><li><a href=\"http:\/\/www.allerg.qc.ca\/Information_allergique\/Aide%20Memoire%20Consultation%20Allergies.pdf\" target=\"_blank\" rel=\"noopener\">Aide-m\u00e9moire pour bien pr\u00e9parer votre consultation chez l\u2019allergologue<\/a><\/li><li><a href=\"https:\/\/allergies-alimentaires.org\/wp-content\/uploads\/2019\/08\/31_allergies-quebec_plan-d-urgence-individualise.pdf\">Plan d\u2019urgence individualis\u00e9<\/a> \u00e0 remplir avec votre professionnel de la sant\u00e9<\/li><li><a href=\"https:\/\/www.dietitians.ca\/\" target=\"_blank\" rel=\"noopener\">Site des di\u00e9t\u00e9tistes du Canada<\/a><\/li><li><a href=\"https:\/\/opdq.org\/trouver-une-professionnelle\/\" target=\"_blank\" rel=\"noopener\">Trouver une nutritionniste sur le site de l\u2019OPDQ<\/a><\/li><\/ul><div id=\"3\"><h3><strong>Learn more about food allergies<\/strong><\/h3><\/div><ul><li><a href=\"https:\/\/allergies-alimentaires.org\/wp-content\/uploads\/2019\/09\/49_allergies-quebec_abc_des_allergies_alimentaires.pdf\">ABC des allergies alimentaires<\/a> (PDF )<\/li><li><a href=\"http:\/\/www.allerg.qc.ca\/\" target=\"_blank\" rel=\"noopener\">Association des allergologues et immunologues du Qu\u00e9bec<\/a><\/li><li><a href=\"http:\/\/www.hc-sc.gc.ca\/fn-an\/securit\/allerg\/fa-aa\/index-fra.php\" target=\"_blank\" rel=\"noopener\">Sant\u00e9 Canada<\/a><\/li><li><a href=\"http:\/\/www.phac-aspc.gc.ca\/\" target=\"_blank\" rel=\"noopener\">Agence de sant\u00e9 publique du Canada<\/a><\/li><li><a href=\"http:\/\/www.worldallergy.org\/\" target=\"_blank\" rel=\"noopener\">World Allergy Organization<\/a> \u2013 en anglais<\/li><li><a href=\"https:\/\/foodallergycanada.ca\/\" target=\"_blank\" rel=\"noopener\">Food Allergy Canada<\/a><\/li><li><a href=\"https:\/\/allergies-alimentaires.org\/wp-content\/uploads\/2019\/09\/49_allergies-quebec_votre_centre_de_reference.pdf\">Allergies Qu\u00e9bec votre centre de r\u00e9f\u00e9rence<\/a> (PDF)<\/li><li>Le Guide complet des allergies, Jean-Nicolas Boursiquot, Assia Hassaine, Beno\u00eet Wallaert, \u00c9ditions \u00c9dito, 2016.<\/li><\/ul><div id=\"4\"><h3><strong>Babies and young children<\/strong><\/h3><\/div><ul><li><a href=\"https:\/\/allergies-alimentaires.org\/wp-content\/uploads\/2019\/09\/49_allergies-quebec_votre_enfant_vit-il_avec_des_allergies_alimentaires.pdf\">Votre enfant vit-il avec une allergie?<\/a> (PDF)<\/li><li><a href=\"https:\/\/allergies-alimentaires.org\/wp-content\/uploads\/2019\/09\/49_allergies-quebec_journal_bons_repas_a_completer.pdf\">Journal d\u2019introduction des aliments solides<\/a> \u00a0(PDF)<\/li><li><a href=\"https:\/\/allergies-alimentaires.org\/wp-content\/uploads\/2019\/09\/49_allergies-quebec_journal_des_bonnes_tetees.pdf\">Journal des bonnes t\u00e9t\u00e9es<\/a> \u00a0(PDF )<\/li><li><a href=\"https:\/\/www.youtube.com\/watch?v=tKUKFWyF1tw&amp;ab_channel=AllergiesQu%C3%A9bec\" target=\"_blank\" rel=\"noopener\">Les sympt\u00f4mes de r\u00e9action allergique \u00e0 surveiller lors de l&#8217;introduction des aliments solides<\/a> (capsule 2019)<\/li><li><a href=\"https:\/\/www.youtube.com\/watch?v=3izA_CYuQu8&amp;ab_channel=AllergiesQu%C3%A9bec\" target=\"_blank\" rel=\"noopener\">L&#8217;allergie alimentaire pose-t-elle un risque pour l&#8217;\u00e9tat nutritionnel de l&#8217;enfant?<\/a> (capsule 2019)<\/li><li><a href=\"https:\/\/www.soinsdenosenfants.cps.ca\/\" target=\"_blank\" rel=\"noopener\">Soci\u00e9t\u00e9 canadienne de p\u00e9diatrie<\/a><\/li><li><a href=\"http:\/\/www.nourri-source.org\/\" target=\"_blank\" rel=\"noopener\">Nourri-source<\/a><\/li><li><a href=\"http:\/\/www.lllc.ca\/\" target=\"_blank\" rel=\"noopener\">La ligue Leche<\/a><\/li><li><a href=\"http:\/\/www.aap.org\/\" target=\"_blank\" rel=\"noopener\">American Pediatrics Academy<\/a> \u2013 en anglais<\/li><li>Moi, je connais \u00e7a les allergies! (Dominique Seigneur avec illustrations de Jacques Laplante), \u00c9ditions de l\u2019Homme, 2019.<\/li><li>En mode allergies, Anne-Marie Lafleur et Ch\u00e9rilyne Lalonde, \u00c9ditions La semaine, 2018.<\/li><li>Les allergies racont\u00e9es aux enfants, Sylvie Cyr, De Mortagne, 2018.<\/li><li>Pas de noix pour Sara &#8211; Une histoire sur&#8230;les allergies alimentaires, 2e \u00e9dition, Sylvie Louis, Les \u00e9ditions Enfants Qu\u00e9bec, 2016.<\/li><li>Laisse-moi t\u2019expliquer\u2026Les allergies alimentaires, Solene Bourque et Martine Desautels, \u00c9ditions Midi Trente, 2012.<\/li><\/ul><div id=\"5\"><h3><strong>School, daycare, and summer camp<\/strong><\/h3><\/div><ul><li><a href=\"https:\/\/www.youtube.com\/watch?v=Y1NFYdxn6rc&amp;ab_channel=AllergiesQu%C3%A9bec\" target=\"_blank\" rel=\"noopener\">Trucs et astuces pour une rentr\u00e9e en toute s\u00e9curit\u00e9<\/a> (webinaire 2016)<\/li><li><span style=\"color: #993366;\">Anaphylaxie dans les \u00e9coles et autres milieux version fran\u00e7aise (PDF 2 MB) [allergies-quebec_anaphylaxie_dans_les_ecoles_et_autres_milieux_v3]<\/span><\/li><li><a href=\"https:\/\/allergies-alimentaires.org\/wp-content\/uploads\/2019\/09\/49_allergies-quebec_anaphylaxis_in_schools_v3_.pdf\">Anaphylaxis in schools and other settings<\/a> (PDF )<\/li><li><a href=\"https:\/\/allergies-alimentaires.org\/wp-content\/uploads\/2019\/08\/31_allergies-quebec_plan-d-urgence-individualise.pdf\">Plan d\u2019urgence individualis\u00e9<\/a>(PDF )<\/li><li><a href=\"https:\/\/allergies-alimentaires.org\/wp-content\/uploads\/2019\/09\/49_allergies-quebec_10_conseils_pour_recevoir_le_campeur_allergique.pdf\">10 conseils pour camps d\u2019\u00e9t\u00e9 et camps de jour<\/a> (PDF)<\/li><li><a href=\"https:\/\/rcpem.com\/saine-alimentation\/\" target=\"_blank\" rel=\"noopener\">Une sentinelle dans la cuisine : guide de gestion du service alimentaire en milieu de garde<\/a>, Regroupement CPE Mont\u00e9r\u00e9gie, 2011.<\/li><li><a href=\"https:\/\/rcpem.com\/saine-alimentation\/\" target=\"_blank\" rel=\"noopener\">Protocoles et proc\u00e9dure, Allergies et intol\u00e9rances alimentaires en service de garde<\/a>, Regroupement CPE Mont\u00e9r\u00e9gie, 2008.<\/li><\/ul><div id=\"6\"><h3><strong>Celebrations and holidays<\/strong><\/h3><\/div><ul><li><a href=\"https:\/\/allergies-alimentaires.org\/wp-content\/uploads\/2019\/09\/49_allergies-quebec_affiche_Ma_citrouille_turquoise.pdf\">Affiche #MaCitrouilleTurquoise<\/a> \u00ab Des g\u00e2teries alimentaires sont offertes ici \u00bb (PDF )<\/li><li><a href=\"https:\/\/allergies-alimentaires.org\/wp-content\/uploads\/2019\/09\/49_allergies-quebec_affiche_Ma_citrouille_turquoise_a_faire_circuler.pdf\">Affiche #MaCitrouilleTurquoise 2<\/a>\u00ab Une initiative favorisant une Halloween s\u00e9curitaire pour les enfants allergiques \u00bb (PDF )<\/li><\/ul><div id=\"7\"><h3><strong>Mental health<\/strong><\/h3><\/div><ul><li><a href=\"https:\/\/www.youtube.com\/watch?v=ZmQTjml_RIE&amp;ab_channel=AllergiesQu%C3%A9bec\" target=\"_blank\" rel=\"noopener\">L\u2019anxi\u00e9t\u00e9 et les allergies alimentaires<\/a> (webinaire 2015)<\/li><\/ul><div id=\"8\"><h3><strong>In the kitchen<\/strong><\/h3><\/div><ul><li><a href=\"https:\/\/www.youtube.com\/watch?v=z0Ni4Si4TAs&amp;ab_channel=AllergiesQu%C3%A9bec\" target=\"_blank\" rel=\"noopener\">Sant\u00e9 et saveur, cr\u00e9er des plats savoureux en \u00e9vitant les allerg\u00e8nes<\/a> (webinaire 2015)<\/li><li>Les desserts de Petit lapin, Viviane Nguyen, \u00c9ditions de l\u2019Homme, 2018.<\/li><li>Allergique et gourmand, Dominique Seigneur, \u00c9ditions de l\u2019Homme, 2017.<\/li><li>Lunch r\u00e9invent\u00e9es, Marie-Jos\u00e9e Bettez et Christophe Bettez-Th\u00e9roux, \u00c9ditions Qu\u00e9bec Am\u00e9rique, 2017.<\/li><li>D\u00e9jouer les allergies alimentaires \u2013 2e \u00e9dition, Marie-Jos\u00e9e Bettez et \u00c9ric Th\u00e9roux, Les \u00c9ditions Qu\u00e9bec Am\u00e9rique, 2011.<\/li><\/ul><div id=\"9\"><h3><strong>For health professionals<\/strong><\/h3><\/div><ul><li><a href=\"https:\/\/www.youtube.com\/watch?v=Z1n2awJ5dvw&amp;feature=youtu.be\" target=\"_blank\" rel=\"noopener\">Mieux distinguer les sensibilit\u00e9s alimentaires immunologiques des difficult\u00e9s de nature digestives<\/a> (capsule 2019)<\/li><li><a href=\"https:\/\/www.youtube.com\/watch?v=JH69wiaTKa8&amp;ab_channel=AllergiesQu%C3%A9bec\" target=\"_blank\" rel=\"noopener\">Anaphylaxie chez vos patients : de l&#8217;importance des premiers sympt\u00f4mes au plan d&#8217;urgence individualis\u00e9<\/a> (capsule 2019)<\/li><li><a href=\"https:\/\/www.youtube.com\/watch?v=r5m3weImfos&amp;ab_channel=AllergiesQu%C3%A9bec\" target=\"_blank\" rel=\"noopener\">Nutrition et allergies alimentaires : de la th\u00e9orie \u00e0 la pratique<\/a> (webinaire 2017)<\/li><li><a href=\"https:\/\/www.youtube.com\/watch?v=8rQVkmUWOvw&amp;ab_channel=AllergiesQu%C3%A9bec\" target=\"_blank\" rel=\"noopener\">L\u2019allergie au lait, les derni\u00e8res avanc\u00e9es<\/a> (webinaire 2017)<\/li><li><a href=\"https:\/\/www.youtube.com\/watch?v=tYRatihqHEQ&amp;ab_channel=AllergiesQu%C3%A9bec\" target=\"_blank\" rel=\"noopener\">Probiotiques et allergies alimentaires : o\u00f9 nous en sommes en 2016<\/a> (webinaire)<\/li><li><a href=\"https:\/\/www.youtube.com\/watch?v=NzOX9p2ldsc&amp;ab_channel=AllergiesQu%C3%A9bec\" target=\"_blank\" rel=\"noopener\">Allergies alimentaires, vers une approche proactive pour r\u00e9tablir la tol\u00e9rance orale<\/a> (webinaire 2016)<\/li><\/ul>\t\t\t\t\t\t\t\t<\/div>\n\t\t\t\t<\/div>\n\t\t\t\t\t<\/div>\n\t\t<\/div>\n\t\t\t\t<div class=\"elementor-column elementor-col-33 elementor-top-column elementor-element elementor-element-4278006f\" data-id=\"4278006f\" data-element_type=\"column\" data-e-type=\"column\">\n\t\t\t<div class=\"elementor-widget-wrap elementor-element-populated\">\n\t\t\t\t\t\t<div class=\"elementor-element elementor-element-207683bf elementor-widget elementor-widget-image\" data-id=\"207683bf\" data-element_type=\"widget\" data-e-type=\"widget\" data-widget_type=\"image.default\">\n\t\t\t\t<div class=\"elementor-widget-container\">\n\t\t\t\t\t\t\t\t\t\t\t\t\t\t\t<img fetchpriority=\"high\" decoding=\"async\" width=\"960\" height=\"640\" src=\"https:\/\/allergies-alimentaires.org\/wp-content\/uploads\/2019\/09\/allergies-quebec_outil_1.webp\" class=\"attachment-large size-large wp-image-4796\" alt=\"\" \/>\t\t\t\t\t\t\t\t\t\t\t\t\t\t\t<\/div>\n\t\t\t\t<\/div>\n\t\t\t\t<div class=\"elementor-element elementor-element-6e69d22f rightnav elementor-widget elementor-widget-text-editor\" data-id=\"6e69d22f\" data-element_type=\"widget\" data-e-type=\"widget\" data-widget_type=\"text-editor.default\">\n\t\t\t\t<div class=\"elementor-widget-container\">\n\t\t\t\t\t\t\t\t\t<p><strong>SUGGESTED READINGS:<\/strong><\/p><p>\u00a0<\/p><div id=\"u374\" class=\"ax_default box_1\" data-label=\"bouton-soumettre\"><div id=\"u374_text\" class=\"text \"><p id=\"cache20\"><a href=\"https:\/\/allergies-alimentaires.org\/developing-a-food-allergy-in-adulthood-2\/?lang=en\"><span id=\"cache21\">Developing a Food Allergy in Adulthood<\/span><\/a><\/p><\/div><\/div><div id=\"u375\" class=\"ax_default materialicons\"><div id=\"u375_div\" class=\"\"><div id=\"u377\" class=\"ax_default box_1 mouseOver\" data-label=\"bouton-soumettre\"><div id=\"u377_text\" class=\"text \"><p id=\"cache18\"><a href=\"https:\/\/allergies-alimentaires.org\/basic-rules\/?lang=en\"><span id=\"cache19\">Basic Steps to Ensure Safety of People with Allergies<\/span><\/a><\/p><\/div><\/div><div id=\"u378\" class=\"ax_default materialicons\"><div id=\"u378_div\" class=\"\"><a href=\"https:\/\/allergies-alimentaires.org\/psychological-aspect\/?lang=en\">Psychological Aspect of Living with Food Allergies<\/a><\/div><\/div><\/div><\/div>\t\t\t\t\t\t\t\t<\/div>\n\t\t\t\t<\/div>\n\t\t\t\t\t<\/div>\n\t\t<\/div>\n\t\t\t\t\t<\/div>\n\t\t<\/section>\n\t\t\t\t<\/div>\n\t\t","protected":false},"excerpt":{"rendered":"<p>Toolbox In this toolbox are resources for people living with allergies, for their family and friends as well as for &#8230; <a title=\"Tools\" class=\"read-more\" href=\"https:\/\/allergies-alimentaires.org\/en\/tools\/\" aria-label=\"Read more about Tools\">Lire plus<\/a><\/p>\n","protected":false},"author":1,"featured_media":0,"parent":0,"menu_order":0,"comment_status":"closed","ping_status":"closed","template":"","meta":{"footnotes":""},"categories":[],"tags":[],"class_list":{"0":"post-6003","1":"page","2":"type-page","3":"status-publish","5":"infinite-scroll-item","6":"no-featured-image-padding"},"_links":{"self":[{"href":"https:\/\/allergies-alimentaires.org\/en\/wp-json\/wp\/v2\/pages\/6003","targetHints":{"allow":["GET"]}}],"collection":[{"href":"https:\/\/allergies-alimentaires.org\/en\/wp-json\/wp\/v2\/pages"}],"about":[{"href":"https:\/\/allergies-alimentaires.org\/en\/wp-json\/wp\/v2\/types\/page"}],"author":[{"embeddable":true,"href":"https:\/\/allergies-alimentaires.org\/en\/wp-json\/wp\/v2\/users\/1"}],"replies":[{"embeddable":true,"href":"https:\/\/allergies-alimentaires.org\/en\/wp-json\/wp\/v2\/comments?post=6003"}],"version-history":[{"count":0,"href":"https:\/\/allergies-alimentaires.org\/en\/wp-json\/wp\/v2\/pages\/6003\/revisions"}],"wp:attachment":[{"href":"https:\/\/allergies-alimentaires.org\/en\/wp-json\/wp\/v2\/media?parent=6003"}],"wp:term":[{"taxonomy":"category","embeddable":true,"href":"https:\/\/allergies-alimentaires.org\/en\/wp-json\/wp\/v2\/categories?post=6003"},{"taxonomy":"post_tag","embeddable":true,"href":"https:\/\/allergies-alimentaires.org\/en\/wp-json\/wp\/v2\/tags?post=6003"}],"curies":[{"name":"wp","href":"https:\/\/api.w.org\/{rel}","templated":true}]}}