{"id":5997,"date":"2019-12-09T14:40:17","date_gmt":"2019-12-09T14:40:17","guid":{"rendered":"https:\/\/allergies-alimentaires.org\/in-the-media\/"},"modified":"2024-07-30T14:18:28","modified_gmt":"2024-07-30T18:18:28","slug":"in-the-media","status":"publish","type":"page","link":"https:\/\/allergies-alimentaires.org\/en\/in-the-media\/","title":{"rendered":"In the media"},"content":{"rendered":"\t\t<div data-elementor-type=\"wp-post\" data-elementor-id=\"5997\" class=\"elementor elementor-5997 elementor-893\" data-elementor-post-type=\"page\">\n\t\t\t\t\t\t<section class=\"elementor-section elementor-top-section elementor-element elementor-element-2c44efb1 elementor-section-full_width elementor-section-height-default elementor-section-height-default\" data-id=\"2c44efb1\" data-element_type=\"section\" data-e-type=\"section\">\n\t\t\t\t\t\t<div class=\"elementor-container elementor-column-gap-default\">\n\t\t\t\t\t<div class=\"elementor-column elementor-col-50 elementor-top-column elementor-element elementor-element-7a8040a6 elementor-hidden-tablet elementor-hidden-phone\" data-id=\"7a8040a6\" data-element_type=\"column\" data-e-type=\"column\">\n\t\t\t<div class=\"elementor-widget-wrap elementor-element-populated\">\n\t\t\t\t\t\t<div class=\"elementor-element elementor-element-5258496e sidenav elementor-nav-menu--dropdown-tablet elementor-nav-menu__text-align-aside elementor-nav-menu--toggle elementor-nav-menu--burger elementor-widget elementor-widget-global elementor-global-504 elementor-widget-nav-menu\" data-id=\"5258496e\" data-element_type=\"widget\" data-e-type=\"widget\" data-settings=\"{&quot;layout&quot;:&quot;vertical&quot;,&quot;submenu_icon&quot;:{&quot;value&quot;:&quot;fas fa-caret-down&quot;,&quot;library&quot;:&quot;fa-solid&quot;},&quot;toggle&quot;:&quot;burger&quot;}\" data-widget_type=\"nav-menu.default\">\n\t\t\t\t<div class=\"elementor-widget-container\">\n\t\t\t\t\t\t\t\t<nav aria-label=\"Menu\" class=\"elementor-nav-menu--main elementor-nav-menu__container elementor-nav-menu--layout-vertical e--pointer-none\">\n\t\t\t\t<ul id=\"menu-1-5258496e\" class=\"elementor-nav-menu sm-vertical\"><li class=\"menu-item menu-item-type-custom menu-item-object-custom menu-item-6120\"><a class=\"elementor-item\"><span class=\"sidenavtitle\">ASSOCIATION<\/span><\/a><\/li>\n<li class=\"menu-item menu-item-type-post_type menu-item-object-page menu-item-6121\"><a href=\"https:\/\/allergies-alimentaires.org\/en\/our-mission\/\" class=\"elementor-item\">Our Mission<\/a><\/li>\n<li class=\"menu-item menu-item-type-custom menu-item-object-custom menu-item-has-children menu-item-6122\"><a class=\"elementor-item\">Team<\/a>\n<ul class=\"sub-menu elementor-nav-menu--dropdown\">\n\t<li class=\"menu-item menu-item-type-post_type menu-item-object-page menu-item-6123\"><a href=\"https:\/\/allergies-alimentaires.org\/en\/allergies-quebec-staff\/\" class=\"elementor-sub-item\">Allergy Quebec Staff<\/a><\/li>\n\t<li class=\"menu-item menu-item-type-post_type menu-item-object-page menu-item-6234\"><a href=\"https:\/\/allergies-alimentaires.org\/en\/board-of-directors\/\" class=\"elementor-sub-item\">Board of Directors<\/a><\/li>\n\t<li class=\"menu-item menu-item-type-post_type menu-item-object-page menu-item-6235\"><a href=\"https:\/\/allergies-alimentaires.org\/en\/scientific-committee\/\" class=\"elementor-sub-item\">Scientific Committee<\/a><\/li>\n<\/ul>\n<\/li>\n<li class=\"menu-item menu-item-type-post_type menu-item-object-page menu-item-6889\"><a href=\"https:\/\/allergies-alimentaires.org\/en\/services-at-no-cost\/\" class=\"elementor-item\">Services<\/a><\/li>\n<li class=\"menu-item menu-item-type-post_type menu-item-object-page menu-item-6125\"><a href=\"https:\/\/allergies-alimentaires.org\/en\/becoming-a-member\/\" class=\"elementor-item\">Becoming a Member<\/a><\/li>\n<li class=\"menu-item menu-item-type-post_type menu-item-object-page menu-item-6236\"><a href=\"https:\/\/allergies-alimentaires.org\/en\/in-the-media\/\" class=\"elementor-item\">Media Room<\/a><\/li>\n<li class=\"menu-item menu-item-type-custom menu-item-object-custom menu-item-34651\"><a href=\"https:\/\/allergies-alimentaires.org\/wp-content\/uploads\/2024\/03\/AQ_Politique_Confidentialite_Protection_renseignements_personnels_SiteInternet_adoptee-Note_ANGLAIS.pdf\" class=\"elementor-item\">Privacy Policy<\/a><\/li>\n<\/ul>\t\t\t<\/nav>\n\t\t\t\t\t<div class=\"elementor-menu-toggle\" role=\"button\" tabindex=\"0\" aria-label=\"Menu Toggle\" aria-expanded=\"false\">\n\t\t\t<i aria-hidden=\"true\" role=\"presentation\" class=\"elementor-menu-toggle__icon--open eicon-menu-bar\"><\/i><i aria-hidden=\"true\" role=\"presentation\" class=\"elementor-menu-toggle__icon--close eicon-close\"><\/i>\t\t<\/div>\n\t\t\t\t\t<nav class=\"elementor-nav-menu--dropdown elementor-nav-menu__container\" aria-hidden=\"true\">\n\t\t\t\t<ul id=\"menu-2-5258496e\" class=\"elementor-nav-menu sm-vertical\"><li class=\"menu-item menu-item-type-custom menu-item-object-custom menu-item-6120\"><a class=\"elementor-item\" tabindex=\"-1\"><span class=\"sidenavtitle\">ASSOCIATION<\/span><\/a><\/li>\n<li class=\"menu-item menu-item-type-post_type menu-item-object-page menu-item-6121\"><a href=\"https:\/\/allergies-alimentaires.org\/en\/our-mission\/\" class=\"elementor-item\" tabindex=\"-1\">Our Mission<\/a><\/li>\n<li class=\"menu-item menu-item-type-custom menu-item-object-custom menu-item-has-children menu-item-6122\"><a class=\"elementor-item\" tabindex=\"-1\">Team<\/a>\n<ul class=\"sub-menu elementor-nav-menu--dropdown\">\n\t<li class=\"menu-item menu-item-type-post_type menu-item-object-page menu-item-6123\"><a href=\"https:\/\/allergies-alimentaires.org\/en\/allergies-quebec-staff\/\" class=\"elementor-sub-item\" tabindex=\"-1\">Allergy Quebec Staff<\/a><\/li>\n\t<li class=\"menu-item menu-item-type-post_type menu-item-object-page menu-item-6234\"><a href=\"https:\/\/allergies-alimentaires.org\/en\/board-of-directors\/\" class=\"elementor-sub-item\" tabindex=\"-1\">Board of Directors<\/a><\/li>\n\t<li class=\"menu-item menu-item-type-post_type menu-item-object-page menu-item-6235\"><a href=\"https:\/\/allergies-alimentaires.org\/en\/scientific-committee\/\" class=\"elementor-sub-item\" tabindex=\"-1\">Scientific Committee<\/a><\/li>\n<\/ul>\n<\/li>\n<li class=\"menu-item menu-item-type-post_type menu-item-object-page menu-item-6889\"><a href=\"https:\/\/allergies-alimentaires.org\/en\/services-at-no-cost\/\" class=\"elementor-item\" tabindex=\"-1\">Services<\/a><\/li>\n<li class=\"menu-item menu-item-type-post_type menu-item-object-page menu-item-6125\"><a href=\"https:\/\/allergies-alimentaires.org\/en\/becoming-a-member\/\" class=\"elementor-item\" tabindex=\"-1\">Becoming a Member<\/a><\/li>\n<li class=\"menu-item menu-item-type-post_type menu-item-object-page menu-item-6236\"><a href=\"https:\/\/allergies-alimentaires.org\/en\/in-the-media\/\" class=\"elementor-item\" tabindex=\"-1\">Media Room<\/a><\/li>\n<li class=\"menu-item menu-item-type-custom menu-item-object-custom menu-item-34651\"><a href=\"https:\/\/allergies-alimentaires.org\/wp-content\/uploads\/2024\/03\/AQ_Politique_Confidentialite_Protection_renseignements_personnels_SiteInternet_adoptee-Note_ANGLAIS.pdf\" class=\"elementor-item\" tabindex=\"-1\">Privacy Policy<\/a><\/li>\n<\/ul>\t\t\t<\/nav>\n\t\t\t\t\t\t<\/div>\n\t\t\t\t<\/div>\n\t\t\t\t\t<\/div>\n\t\t<\/div>\n\t\t\t\t<div class=\"elementor-column elementor-col-50 elementor-top-column elementor-element elementor-element-57ca792d\" data-id=\"57ca792d\" data-element_type=\"column\" data-e-type=\"column\">\n\t\t\t<div class=\"elementor-widget-wrap elementor-element-populated\">\n\t\t\t\t\t\t<div class=\"elementor-element elementor-element-90613ce elementor-widget elementor-widget-text-editor\" data-id=\"90613ce\" data-element_type=\"widget\" data-e-type=\"widget\" data-widget_type=\"text-editor.default\">\n\t\t\t\t<div class=\"elementor-widget-container\">\n\t\t\t\t\t\t\t\t\tPress review of Allergy Quebec\u2019s appearances in the News and on digital media.\t\t\t\t\t\t\t\t<\/div>\n\t\t\t\t<\/div>\n\t\t\t\t<div class=\"elementor-element elementor-element-a00de4f elementor-widget elementor-widget-text-editor\" data-id=\"a00de4f\" data-element_type=\"widget\" data-e-type=\"widget\" data-widget_type=\"text-editor.default\">\n\t\t\t\t<div class=\"elementor-widget-container\">\n\t\t\t\t\t\t\t\t\t<p>6 ao\u00fbt 2019 : <strong>SALUTBONJOUR.CA (Isabelle Huot) &#8211; WEB<\/strong><br \/><a href=\"https:\/\/www.salutbonjour.ca\/2019\/08\/06\/3-choses-a-savoir-sur-les-allergies-pour-la-rentree-scolaire\" target=\"_blank\" rel=\"noopener\">Article sur les allergies et la rentr\u00e9e scolaire \u2013 3 CHOSES \u00c0 SAVOIR SUR LES ALLERGIES POUR LA RENTR\u00c9E SCOLAIRE<\/a><\/p><p>3 ao\u00fbt 2019 : <strong>JOURNALDEMONTREAL.COM (Etienne Par\u00e9) &#8211; WEB<\/strong><br \/><a href=\"https:\/\/www.journaldequebec.com\/2019\/08\/03\/son-enfant-sest-injecte-son-epipen-par-accident\" target=\"_blank\" rel=\"noopener\">Article sur un incident impliquant un EpiPen et citation de Dominique Seigneur \u2013 SON ENFANT S\u2019EST INJECT\u00c9 SON EPIPEN PAR ACCIDENT<\/a><\/p><p>3 ao\u00fbt 2019 : <strong>TVANOUVELLES.CA (Etienne Par\u00e9)<\/strong> <strong>&#8211; WEB<\/strong><br \/><a href=\"https:\/\/www.tvanouvelles.ca\/2019\/08\/03\/son-enfant-sest-injecte-son-epipen-par-accident-1\" target=\"_blank\" rel=\"noopener\">Article sur un incident impliquant un EpiPen et citation de Dominique Seigneur \u2013 SON ENFANT S\u2019EST INJECT\u00c9 SON EPIPEN PAR ACCIDENT<\/a><\/p><p>3 ao\u00fbt 2019 : <strong>JOURNALDEQUEBEC.COM (Etienne Par\u00e9) &#8211; WEB<\/strong><br \/><a href=\"https:\/\/www.journaldequebec.com\/2019\/08\/03\/son-enfant-sest-injecte-son-epipen-par-accident\" target=\"_blank\" rel=\"noopener\">Article sur un incident impliquant un EpiPen et citation de Dominique Seigneur \u2013 SON ENFANT S\u2019EST INJECT\u00c9 SON EPIPEN PAR ACCIDENT<\/a><\/p><p>7 juillet 2019 : <strong>LAPRESSE.CA (Isabelle Hachey)<\/strong> <strong>&#8211; WEB<\/strong><br \/><a href=\"https:\/\/www.lapresse.ca\/debats\/chroniques\/isabelle-hachey\/201907\/06\/01-5232969-roulette-russe.php\" target=\"_blank\" rel=\"noopener\">Chronique sur les allergies et sur l\u2019importance de les prendre aux s\u00e9rieux du cot\u00e9 des restaurateurs et autres \u2013 ROULETTE RUSSE<\/a><\/p><p>6 juin 2019 : <strong>LE R\u00c9VEIL\/Nouveau-Brunswick (ICI Radio-Canada Premi\u00e8re) &#8211; RADIO<\/strong><br \/><a href=\"#\" target=\"_blank\" rel=\"noopener\">Entrevue de Dominique Seigneur sur la nouvelle politique en place pour les commissions scolaires francophones au NB \u2013 Animation de Michel Doucet.<\/a><\/p><p>6 juin 2019 : <strong>ICI.RADIO-CANADA.CA &#8211; WEB<\/strong><br \/>Article sur les allergies dans les \u00e9coles et citation de Dominique Seigneur \u2013 IL FAUT \u00c9VITER D\u2019ISOLER LES \u00c9L\u00c8VES ALLERGIQUES, PLAIDE UNE M\u00c8RE<\/p><p>5 juin 2019 : <strong>GRAVEL LE MATIN (ICI Radio-Canada Premi\u00e8re) &#8211; RADIO<\/strong><br \/><a href=\"https:\/\/ici.radio-canada.ca\/premiere\/emissions\/gravel-le-matin\/segments\/entrevue\/120663\/allergies-saisonnieres-symptomes-dominique-seigneur-changements-climatiques\" target=\"_blank\" rel=\"noopener\">Entrevue de Dominique Seigneur sur les allergies saisonni\u00e8res \u2013 Animation de Alain Gravel<\/a><\/p><p>5 juin 2019 : RCINET.CA (Pablo G\u00f3mez Barrios) <strong>&#8211; WEB<\/strong><br \/><a href=\"https:\/\/www.rcinet.ca\/es\/2019\/06\/05\/la-temporada-de-las-alergias-es-peor-este-ano\/\" target=\"_blank\" rel=\"noopener\">Article sur les allergies saisonni\u00e8res et citation de Dominique Seigneur \u2013 LA TEMPORADA DE LAS ALERGIAS ES PEOR ESTE A\u00d1O<\/a><\/p><p>14 mai 2019 : <strong>MSN.COM (Patricia Cloutier) &#8211; WEB<\/strong><br \/>Article sur les allergies dans les \u00e9coles et citation de Dominique Seigneur \u2013 ALLERGIES \u00c0 L&#8217;\u00c9COLE : L&#8217;APPROCHE COERCITIVE \u00c9CART\u00c9E<\/p><p>14 mai 2019 : <strong>LE SOLEIL (Patricia Cloutier) &#8211; WEB<\/strong><br \/>Article sur les allergies dans les \u00e9coles et citation de Dominique Seigneur \u2013 ALLERGIES \u00c0 L&#8217;\u00c9COLE : L&#8217;APPROCHE COERCITIVE \u00c9CART\u00c9E<\/p><p>24 mars 2019 : <strong>PLUS.LAPRESSE.CA (Philippe Mercure)<\/strong> <strong>&#8211; WEB<\/strong><br \/><a href=\"http:\/\/plus.lapresse.ca\/screens\/b6885937-f140-47ca-a546-8b11025b31e5__7C___0.html\" target=\"_blank\" rel=\"noopener\">Dossier sur les dangers des allergies alimentaires chez les enfants \u2013 ALLERGIES ALIMENTAIRES : AFFRONTER LE MAL AU LIEU DE L&#8217;\u00c9VITER<\/a><\/p><p>24 mars 2019 : <strong>LA PRESSE + (Philippe Mercure) &#8211; PRESSE<\/strong><br \/>Dossier sur les dangers des allergies alimentaires chez les enfants \u2013 ALLERGIES ALIMENTAIRES : AFFRONTER LE MAL AU LIEU DE L&#8217;\u00c9VITER<\/p><p>22 mars 2019 : <strong>LA SEMAINE (V\u00e9ronique Quirion) &#8211; PRESSE<\/strong><br \/>Br\u00e8ve sur le livre Moi, je connais \u00e7a les allergies! \u2013 LES CHOIX DE LA SEMAINE, LIVRES<\/p><p>21 mars 2019 : <strong>JOURNAL 24H (Gabriel Beauchemin)<\/strong> <strong>&#8211; PRESSE<\/strong><br \/>Br\u00e8ve sur le livre Moi, je connais \u00e7a les allergies! \u2013 JE SORS, JE RESTE<\/p><p>15 mars 2019 : <strong>MITSOU ET JEAN-PHILIPPE (Rythme FM 105.7) &#8211; RADIO<\/strong><br \/>Chronique sur le livre \u2013 Animation de Mitsou G\u00e9linas et Jean-Philippe Dion<\/p><p>14 mars 2019 : <strong>TPL MOMS (R\u00e9daction) &#8211; WEB<\/strong><br \/><a href=\"http:\/\/www.tplmoms.com\/2019\/03\/14\/moi-je-connais-ca-les-allergies-un-livre-ludique-sur-les-allergies-alimentaires\" target=\"_blank\" rel=\"noopener\">Article sur le livre \u2013 \u00ab MOI, JE CONNAIS \u00c7A, LES ALLERGIES\u00bb : UN LIVRE LUDIQUE SUR LES ALLERGIES ALIMENTAIRES<\/a><\/p><p>13 mars 2019 : <strong>Tellement Mom (Marie-H\u00e9l\u00e8ne Girard) &#8211; YOUTUBE<\/strong><br \/><a href=\"https:\/\/www.youtube.com\/watch?v=QLA8RWaBGcE&amp;t=585s (10min 30sec)\" target=\"_blank\" rel=\"noopener\">Mention de la r\u00e9ception du livre Moi, je connais \u00e7a, les allergies! \u2013 CAA\u2026 ENCOREEEEE! SUIVI OTITE CHARLOU ET RETOUR \u00c0 LA ROUTINE AVEC LES GARS (11\/03\/19)<\/a><\/p><p>11 mars 2019 : <strong>@unautrebloguedemaman &#8211; INSTAGRAM<\/strong><br \/><a href=\"https:\/\/www.instagram.com\/unautrebloguedemaman\/\" target=\"_blank\" rel=\"noopener\">https:\/\/www.instagram.com\/unautrebloguedemaman\/<\/a><\/p><p>11 mars 2019 : <strong>@sarakarinayt &#8211; INSTAGRAM<\/strong><br \/><a href=\"https:\/\/www.instagram.com\/sarakarinayt\/\" target=\"_blank\" rel=\"noopener\">https:\/\/www.instagram.com\/sarakarinayt\/<\/a><\/p><p>10 mars 2019 : <strong>L\u2019INITIATIVE (R\u00e9daction) &#8211; WEB<\/strong><br \/><a href=\"https:\/\/linitiative.ca\/moi-je-connais-a-les-allergies-par-dominique-seigneur-et-jacques-plante-parution-le-20-mars-2019\/\" target=\"_blank\" rel=\"noopener\">Reprise du communiqu\u00e9 de presse \u2013 MOI, JE CONNAIS \u00c7A LES ALLERGIES! PAR DOMINIQUE SEIGNEUR ET JACQUES PLANTE : PARUTION LE 20 MARS 2019<\/a><\/p><p>9 mars 2019 : <strong>Karine Vlog (Karine Pothier)<\/strong> <strong>&#8211; YOUTUBE<\/strong><br \/><a href=\"https:\/\/www.youtube.com\/watch?v=US6mQjZV9t0&amp;t=0s (9min 45sec)\" target=\"_blank\" rel=\"noopener\">Mention de la r\u00e9ception du livre Moi, je connais \u00e7a, les allergies! \u2013 07\/03\/2019 : Avancement chambre Amanda et bagage pour Qu\u00e9bec<\/a><\/p><p>7 mars 2019: <strong>@leoniepelletier &#8211; INSTAGRAM<\/strong><br \/><a href=\"https:\/\/www.instagram.com\/tv\/BuuGWp9gMha\/\" target=\"_blank\" rel=\"noopener\">https:\/\/www.instagram.com\/tv\/BuuGWp9gMha\/<\/a> (3m15s)<\/p><p>26 f\u00e9vrier 2019 : <strong>TPLMOMS.COM (No\u00e9mie Gigu\u00e8re)<\/strong> <strong>&#8211; WEB<\/strong><br \/><a href=\"http:\/\/www.tplmoms.com\/2019\/02\/26\/les-allergies-et-le-seipa-de-mon-fils-ont-un-impact-negatif-sur-ma-relation-avec-la-nourriture\" target=\"_blank\" rel=\"noopener\">Article sur les allergies alimentaires de son enfants \u2013 LES ALLERGIES ET LE SEIPA DE MON FILS ONT UN IMPACT N\u00c9GATIF SUR MA RELATION AVEC LA NOURRITURE<\/a><\/p><p>20 f\u00e9vrier 2018 : <strong>LA PRESSE + &#8211; PRESSE<\/strong><br \/>Dossier sur les restrictions alimentaires \u2013 SANS GLUTEN, SANS PRODUIT LAITIER ET LES AUTRES \u00ab SANS \u00bb : DU PLAISIR, M\u00caME AVEC DES RESTRICTIONS!<\/p><p>20 f\u00e9vrier 2019 : <strong>PLUS.LAPRESSE.CA &#8211; WEB<\/strong><br \/><a href=\"http:\/\/plus.lapresse.ca\/screens\/7313bc60-1c94-41a9-a334-9a18c9783f18__7C___0.html\" target=\"_blank\" rel=\"noopener\">Dossier sur les restrictions alimentaires \u2013 SANS GLUTEN, SANS PRODUIT LAITIER ET LES AUTRES \u00ab SANS \u00bb : DU PLAISIR, M\u00caME AVEC DES RESTRICTIONS!<\/a><\/p><p>30 janvier 2019 : <strong>SALUT BONJOUR (TVA)<\/strong> \u2013 <strong>T\u00c9L\u00c9VISION<\/strong><br \/>Entrevue avec Dominique Seigneur sur un rappel important de produits contenant du soya, du bl\u00e9 et du gluten \u2013 Animation de Gino Chouinard<\/p><p>25 janvier 2019 : <strong>MARIO DUMONT (TVA) &#8211; T\u00c9L\u00c9VISION<\/strong><br \/>Entrevue avec Dominique Seigneur sur les nouvelles recommandations d\u2019introduction d\u2019aliments allerg\u00e8nes \u2013 Animation de Mario Dumont<\/p><p>25 janvier 2019 : <strong>J\u00c9R\u00d4ME LANDRY AU RETOUR (\u00c9nergie 98.9)<\/strong> <strong>&#8211; RADIO<\/strong><br \/>Entrevue avec Dominique Seigneur sur les nouvelles recommandations d\u2019introduction d\u2019aliments allerg\u00e8nes \u2013 Animation de J\u00e9r\u00f4me Landry<\/p><p>25 janvier 2019 : <strong>HUFFPOST QU\u00c9BEC (Camille Laurin-Desjardins) &#8211; WEB<\/strong><br \/><a href=\"https:\/\/www.huffpost.com\/archive\/qc\/entry\/allergenes-6-mois-bebe-haut-risque_qc_5cccf01be4b04ac53bed3d98\" target=\"_blank\" rel=\"noopener\">Article sur les nouvelles recommandations d\u2019introduction d\u2019aliments allerg\u00e8nes \u2013 DES ALLERG\u00c8NES D\u00c8S 6 MOIS, M\u00caME SI VOTRE B\u00c9B\u00c9 EST \u00c0 \u00ab HAUT RISQUE \u00bb<\/a><\/p><p>24 janvier 2019 : <strong>COGECO NOUVELLES (98.5 FM) &#8211; RADIO<\/strong><br \/>Entrevue avec Dr. Philippe B\u00e9gin sur les nouvelles recommandations d\u2019introduction d\u2019aliments allerg\u00e8nes<\/p>\t\t\t\t\t\t\t\t<\/div>\n\t\t\t\t<\/div>\n\t\t\t\t\t<\/div>\n\t\t<\/div>\n\t\t\t\t\t<\/div>\n\t\t<\/section>\n\t\t\t\t<\/div>\n\t\t","protected":false},"excerpt":{"rendered":"<p>Press review of Allergy Quebec\u2019s appearances in the News and on digital media. 6 ao\u00fbt 2019 : SALUTBONJOUR.CA (Isabelle Huot) &#8230; <a title=\"In the media\" class=\"read-more\" href=\"https:\/\/allergies-alimentaires.org\/en\/in-the-media\/\" aria-label=\"Read more about In the media\">Lire plus<\/a><\/p>\n","protected":false},"author":1,"featured_media":0,"parent":0,"menu_order":0,"comment_status":"closed","ping_status":"closed","template":"","meta":{"footnotes":""},"categories":[],"tags":[],"class_list":{"0":"post-5997","1":"page","2":"type-page","3":"status-publish","5":"infinite-scroll-item","6":"no-featured-image-padding"},"_links":{"self":[{"href":"https:\/\/allergies-alimentaires.org\/en\/wp-json\/wp\/v2\/pages\/5997","targetHints":{"allow":["GET"]}}],"collection":[{"href":"https:\/\/allergies-alimentaires.org\/en\/wp-json\/wp\/v2\/pages"}],"about":[{"href":"https:\/\/allergies-alimentaires.org\/en\/wp-json\/wp\/v2\/types\/page"}],"author":[{"embeddable":true,"href":"https:\/\/allergies-alimentaires.org\/en\/wp-json\/wp\/v2\/users\/1"}],"replies":[{"embeddable":true,"href":"https:\/\/allergies-alimentaires.org\/en\/wp-json\/wp\/v2\/comments?post=5997"}],"version-history":[{"count":0,"href":"https:\/\/allergies-alimentaires.org\/en\/wp-json\/wp\/v2\/pages\/5997\/revisions"}],"wp:attachment":[{"href":"https:\/\/allergies-alimentaires.org\/en\/wp-json\/wp\/v2\/media?parent=5997"}],"wp:term":[{"taxonomy":"category","embeddable":true,"href":"https:\/\/allergies-alimentaires.org\/en\/wp-json\/wp\/v2\/categories?post=5997"},{"taxonomy":"post_tag","embeddable":true,"href":"https:\/\/allergies-alimentaires.org\/en\/wp-json\/wp\/v2\/tags?post=5997"}],"curies":[{"name":"wp","href":"https:\/\/api.w.org\/{rel}","templated":true}]}}