{"id":5991,"date":"2019-12-09T14:38:16","date_gmt":"2019-12-09T14:38:16","guid":{"rendered":"https:\/\/allergies-alimentaires.org\/board-of-directors\/"},"modified":"2026-03-24T13:37:07","modified_gmt":"2026-03-24T17:37:07","slug":"board-of-directors","status":"publish","type":"page","link":"https:\/\/allergies-alimentaires.org\/en\/board-of-directors\/","title":{"rendered":"Board of Directors"},"content":{"rendered":"\t\t<div data-elementor-type=\"wp-post\" data-elementor-id=\"5991\" class=\"elementor elementor-5991 elementor-1597\" data-elementor-post-type=\"page\">\n\t\t\t\t\t\t<section class=\"elementor-section elementor-top-section elementor-element elementor-element-2a59ec7 elementor-section-full_width elementor-section-height-default elementor-section-height-default\" data-id=\"2a59ec7\" data-element_type=\"section\" data-e-type=\"section\">\n\t\t\t\t\t\t<div class=\"elementor-container elementor-column-gap-default\">\n\t\t\t\t\t<div class=\"elementor-column elementor-col-50 elementor-top-column elementor-element elementor-element-6239dc55 elementor-hidden-tablet elementor-hidden-phone\" data-id=\"6239dc55\" data-element_type=\"column\" data-e-type=\"column\">\n\t\t\t<div class=\"elementor-widget-wrap elementor-element-populated\">\n\t\t\t\t\t\t<div class=\"elementor-element elementor-element-4b0a8131 sidenav elementor-nav-menu--dropdown-tablet elementor-nav-menu__text-align-aside elementor-nav-menu--toggle elementor-nav-menu--burger elementor-widget elementor-widget-global elementor-global-504 elementor-widget-nav-menu\" data-id=\"4b0a8131\" data-element_type=\"widget\" data-e-type=\"widget\" data-settings=\"{&quot;layout&quot;:&quot;vertical&quot;,&quot;submenu_icon&quot;:{&quot;value&quot;:&quot;fas fa-caret-down&quot;,&quot;library&quot;:&quot;fa-solid&quot;},&quot;toggle&quot;:&quot;burger&quot;}\" data-widget_type=\"nav-menu.default\">\n\t\t\t\t<div class=\"elementor-widget-container\">\n\t\t\t\t\t\t\t\t<nav aria-label=\"Menu\" class=\"elementor-nav-menu--main elementor-nav-menu__container elementor-nav-menu--layout-vertical e--pointer-none\">\n\t\t\t\t<ul id=\"menu-1-4b0a8131\" class=\"elementor-nav-menu sm-vertical\"><li class=\"menu-item menu-item-type-custom menu-item-object-custom menu-item-6120\"><a class=\"elementor-item\"><span class=\"sidenavtitle\">ASSOCIATION<\/span><\/a><\/li>\n<li class=\"menu-item menu-item-type-post_type menu-item-object-page menu-item-6121\"><a href=\"https:\/\/allergies-alimentaires.org\/en\/our-mission\/\" class=\"elementor-item\">Our Mission<\/a><\/li>\n<li class=\"menu-item menu-item-type-custom menu-item-object-custom menu-item-has-children menu-item-6122\"><a class=\"elementor-item\">Team<\/a>\n<ul class=\"sub-menu elementor-nav-menu--dropdown\">\n\t<li class=\"menu-item menu-item-type-post_type menu-item-object-page menu-item-6123\"><a href=\"https:\/\/allergies-alimentaires.org\/en\/allergies-quebec-staff\/\" class=\"elementor-sub-item\">Allergy Quebec Staff<\/a><\/li>\n\t<li class=\"menu-item menu-item-type-post_type menu-item-object-page menu-item-6234\"><a href=\"https:\/\/allergies-alimentaires.org\/en\/board-of-directors\/\" class=\"elementor-sub-item\">Board of Directors<\/a><\/li>\n\t<li class=\"menu-item menu-item-type-post_type menu-item-object-page menu-item-6235\"><a href=\"https:\/\/allergies-alimentaires.org\/en\/scientific-committee\/\" class=\"elementor-sub-item\">Scientific Committee<\/a><\/li>\n<\/ul>\n<\/li>\n<li class=\"menu-item menu-item-type-post_type menu-item-object-page menu-item-6889\"><a href=\"https:\/\/allergies-alimentaires.org\/en\/services-at-no-cost\/\" class=\"elementor-item\">Services<\/a><\/li>\n<li class=\"menu-item menu-item-type-post_type menu-item-object-page menu-item-6125\"><a href=\"https:\/\/allergies-alimentaires.org\/en\/becoming-a-member\/\" class=\"elementor-item\">Becoming a Member<\/a><\/li>\n<li class=\"menu-item menu-item-type-post_type menu-item-object-page menu-item-6236\"><a href=\"https:\/\/allergies-alimentaires.org\/en\/in-the-media\/\" class=\"elementor-item\">Media Room<\/a><\/li>\n<li class=\"menu-item menu-item-type-custom menu-item-object-custom menu-item-34651\"><a href=\"https:\/\/allergies-alimentaires.org\/wp-content\/uploads\/2024\/03\/AQ_Politique_Confidentialite_Protection_renseignements_personnels_SiteInternet_adoptee-Note_ANGLAIS.pdf\" class=\"elementor-item\">Privacy Policy<\/a><\/li>\n<\/ul>\t\t\t<\/nav>\n\t\t\t\t\t<div class=\"elementor-menu-toggle\" role=\"button\" tabindex=\"0\" aria-label=\"Menu Toggle\" aria-expanded=\"false\">\n\t\t\t<i aria-hidden=\"true\" role=\"presentation\" class=\"elementor-menu-toggle__icon--open eicon-menu-bar\"><\/i><i aria-hidden=\"true\" role=\"presentation\" class=\"elementor-menu-toggle__icon--close eicon-close\"><\/i>\t\t<\/div>\n\t\t\t\t\t<nav class=\"elementor-nav-menu--dropdown elementor-nav-menu__container\" aria-hidden=\"true\">\n\t\t\t\t<ul id=\"menu-2-4b0a8131\" class=\"elementor-nav-menu sm-vertical\"><li class=\"menu-item menu-item-type-custom menu-item-object-custom menu-item-6120\"><a class=\"elementor-item\" tabindex=\"-1\"><span class=\"sidenavtitle\">ASSOCIATION<\/span><\/a><\/li>\n<li class=\"menu-item menu-item-type-post_type menu-item-object-page menu-item-6121\"><a href=\"https:\/\/allergies-alimentaires.org\/en\/our-mission\/\" class=\"elementor-item\" tabindex=\"-1\">Our Mission<\/a><\/li>\n<li class=\"menu-item menu-item-type-custom menu-item-object-custom menu-item-has-children menu-item-6122\"><a class=\"elementor-item\" tabindex=\"-1\">Team<\/a>\n<ul class=\"sub-menu elementor-nav-menu--dropdown\">\n\t<li class=\"menu-item menu-item-type-post_type menu-item-object-page menu-item-6123\"><a href=\"https:\/\/allergies-alimentaires.org\/en\/allergies-quebec-staff\/\" class=\"elementor-sub-item\" tabindex=\"-1\">Allergy Quebec Staff<\/a><\/li>\n\t<li class=\"menu-item menu-item-type-post_type menu-item-object-page menu-item-6234\"><a href=\"https:\/\/allergies-alimentaires.org\/en\/board-of-directors\/\" class=\"elementor-sub-item\" tabindex=\"-1\">Board of Directors<\/a><\/li>\n\t<li class=\"menu-item menu-item-type-post_type menu-item-object-page menu-item-6235\"><a href=\"https:\/\/allergies-alimentaires.org\/en\/scientific-committee\/\" class=\"elementor-sub-item\" tabindex=\"-1\">Scientific Committee<\/a><\/li>\n<\/ul>\n<\/li>\n<li class=\"menu-item menu-item-type-post_type menu-item-object-page menu-item-6889\"><a href=\"https:\/\/allergies-alimentaires.org\/en\/services-at-no-cost\/\" class=\"elementor-item\" tabindex=\"-1\">Services<\/a><\/li>\n<li class=\"menu-item menu-item-type-post_type menu-item-object-page menu-item-6125\"><a href=\"https:\/\/allergies-alimentaires.org\/en\/becoming-a-member\/\" class=\"elementor-item\" tabindex=\"-1\">Becoming a Member<\/a><\/li>\n<li class=\"menu-item menu-item-type-post_type menu-item-object-page menu-item-6236\"><a href=\"https:\/\/allergies-alimentaires.org\/en\/in-the-media\/\" class=\"elementor-item\" tabindex=\"-1\">Media Room<\/a><\/li>\n<li class=\"menu-item menu-item-type-custom menu-item-object-custom menu-item-34651\"><a href=\"https:\/\/allergies-alimentaires.org\/wp-content\/uploads\/2024\/03\/AQ_Politique_Confidentialite_Protection_renseignements_personnels_SiteInternet_adoptee-Note_ANGLAIS.pdf\" class=\"elementor-item\" tabindex=\"-1\">Privacy Policy<\/a><\/li>\n<\/ul>\t\t\t<\/nav>\n\t\t\t\t\t\t<\/div>\n\t\t\t\t<\/div>\n\t\t\t\t\t<\/div>\n\t\t<\/div>\n\t\t\t\t<div class=\"elementor-column elementor-col-50 elementor-top-column elementor-element elementor-element-16951ad6\" data-id=\"16951ad6\" data-element_type=\"column\" data-e-type=\"column\">\n\t\t\t<div class=\"elementor-widget-wrap elementor-element-populated\">\n\t\t\t\t\t\t<div class=\"elementor-element elementor-element-2128281 elementor-widget__width-initial elementor-widget elementor-widget-text-editor\" data-id=\"2128281\" data-element_type=\"widget\" data-e-type=\"widget\" data-widget_type=\"text-editor.default\">\n\t\t\t\t<div class=\"elementor-widget-container\">\n\t\t\t\t\t\t\t\t\t<h2>Executive Committee<\/h2>\n<table style=\"width: 1167px; height: 744px;\" border=\"\\&quot;0\\&quot;\">\n<tbody>\n<tr style=\"height: 132.617px;\">\n<td colspan=\"\\&quot;2\\&quot;\" rowspan=\"\\&quot;1\\&quot;\">\n<h3><strong>President<\/strong><\/h3>\n<p style=\"width: 581px;\"><b>Caroline H\u00e9roux<\/b><br>Author, screenplay writer<\/p>\n<\/td>\n<\/tr>\n<tr>\n<td>\n<h3 style=\"width: 275px;\"><strong>Secretary<br><\/strong><\/h3>\n<p><strong>Audrey Ann Laurin<\/strong><br>Director<br>Citoyen<\/p>\n<\/td>\n<td>\n<h3><b>Treasurer<\/b><\/h3>\n<p><b>Olivier Beaudoin, CPA<\/b><br>Associ\u00e9 \u2013 Fiscalit\u00e9<br>MTA CPA inc.<\/p>\n<\/td>\n<\/tr>\n<tr>\n<td colspan=\"\\&quot;2\\&quot;\" rowspan=\"\\&quot;1\\&quot;\">\n<h3>Administrators<\/h3>\n<div>\n<h3><b><a href=\"%5C%22mailto:\">Write to us<\/a> if you would like to be considered for this<br>position.<\/b><\/h3>\n<\/div>\n<\/td>\n<\/tr>\n<tr>\n<td><b>Kathlyn Andaluz<\/b><br>Regional Director of Human Resources<br>Vice President<br>Glencore Copper North America<\/td>\n<td><b>Caroline Ayotte<\/b><br>Executive Headhunter \u2013 Talent Acquisition Consultant<br>Une histoire de talents<\/td>\n<\/tr>\n<tr>\n<td style=\"width: 531px;\">\n<p style=\"width: 597px;\"><b>Luigi Carola<br><\/b>Senior Vice-president \u2013 Corporate Partnerships<br>Groupe CH<\/p>\n<\/td>\n<td style=\"margin-left: 0px; width: 261px;\"><b>Jo\u00eblle R. Chiasson<br><\/b>Associ\u00e9e-conseil en droit de l&#8217;environnement<br>Cain Lamarre<\/td>\n<\/tr>\n<tr>\n<td><b>Dre Marie-Jos\u00e9e Francoeur<\/b><br>Allergist<br>Centre Hospitalier Charles-Lemoyne<\/td>\n<td><strong>Marie-Dominique Gigu\u00e8re<\/strong><br>Project manager<br>Union des municipalit\u00e9s du Qu\u00e9bec<\/td>\n<\/tr>\n<tr>\n<td style=\"width: 501px;\"><b>Anne-Marie Lacombe<br><\/b>Directrice<br>Biblioth\u00e8que publique de Westmount et \u00e9v\u00e9nements communautaires<\/td>\n<td style=\"margin-left: -40px; width: 441px;\"><strong>Fran\u00e7ois-Xavier Seigneur<br><br><br><\/strong><\/td>\n<\/tr>\n<\/tbody>\n<\/table>\t\t\t\t\t\t\t\t<\/div>\n\t\t\t\t<\/div>\n\t\t\t\t\t<\/div>\n\t\t<\/div>\n\t\t\t\t\t<\/div>\n\t\t<\/section>\n\t\t\t\t<\/div>\n\t\t","protected":false},"excerpt":{"rendered":"<p>Executive Committee President Caroline H\u00e9rouxAuthor, screenplay writer Secretary Audrey Ann LaurinDirectorCitoyen Treasurer Olivier Beaudoin, CPAAssoci\u00e9 \u2013 Fiscalit\u00e9MTA CPA inc. Administrators &#8230; <a title=\"Board of Directors\" class=\"read-more\" href=\"https:\/\/allergies-alimentaires.org\/en\/board-of-directors\/\" aria-label=\"Read more about Board of Directors\">Lire plus<\/a><\/p>\n","protected":false},"author":1,"featured_media":0,"parent":0,"menu_order":0,"comment_status":"closed","ping_status":"closed","template":"","meta":{"footnotes":""},"categories":[],"tags":[],"class_list":{"0":"post-5991","1":"page","2":"type-page","3":"status-publish","5":"infinite-scroll-item","6":"no-featured-image-padding"},"_links":{"self":[{"href":"https:\/\/allergies-alimentaires.org\/en\/wp-json\/wp\/v2\/pages\/5991","targetHints":{"allow":["GET"]}}],"collection":[{"href":"https:\/\/allergies-alimentaires.org\/en\/wp-json\/wp\/v2\/pages"}],"about":[{"href":"https:\/\/allergies-alimentaires.org\/en\/wp-json\/wp\/v2\/types\/page"}],"author":[{"embeddable":true,"href":"https:\/\/allergies-alimentaires.org\/en\/wp-json\/wp\/v2\/users\/1"}],"replies":[{"embeddable":true,"href":"https:\/\/allergies-alimentaires.org\/en\/wp-json\/wp\/v2\/comments?post=5991"}],"version-history":[{"count":45,"href":"https:\/\/allergies-alimentaires.org\/en\/wp-json\/wp\/v2\/pages\/5991\/revisions"}],"predecessor-version":[{"id":45217,"href":"https:\/\/allergies-alimentaires.org\/en\/wp-json\/wp\/v2\/pages\/5991\/revisions\/45217"}],"wp:attachment":[{"href":"https:\/\/allergies-alimentaires.org\/en\/wp-json\/wp\/v2\/media?parent=5991"}],"wp:term":[{"taxonomy":"category","embeddable":true,"href":"https:\/\/allergies-alimentaires.org\/en\/wp-json\/wp\/v2\/categories?post=5991"},{"taxonomy":"post_tag","embeddable":true,"href":"https:\/\/allergies-alimentaires.org\/en\/wp-json\/wp\/v2\/tags?post=5991"}],"curies":[{"name":"wp","href":"https:\/\/api.w.org\/{rel}","templated":true}]}}