{"id":5985,"date":"2019-12-09T14:36:26","date_gmt":"2019-12-09T14:36:26","guid":{"rendered":"https:\/\/allergies-alimentaires.org\/scientific-committee\/"},"modified":"2026-02-03T16:47:10","modified_gmt":"2026-02-03T21:47:10","slug":"scientific-committee","status":"publish","type":"page","link":"https:\/\/allergies-alimentaires.org\/en\/scientific-committee\/","title":{"rendered":"Scientific Committee"},"content":{"rendered":"\t\t<div data-elementor-type=\"wp-post\" data-elementor-id=\"5985\" class=\"elementor elementor-5985 elementor-4904\" data-elementor-post-type=\"page\">\n\t\t\t\t\t\t<section class=\"elementor-section elementor-top-section elementor-element elementor-element-2a59ec7 elementor-section-full_width elementor-section-height-default elementor-section-height-default\" data-id=\"2a59ec7\" data-element_type=\"section\" data-e-type=\"section\">\n\t\t\t\t\t\t<div class=\"elementor-container elementor-column-gap-default\">\n\t\t\t\t\t<div class=\"elementor-column elementor-col-50 elementor-top-column elementor-element elementor-element-6239dc55 elementor-hidden-tablet elementor-hidden-phone\" data-id=\"6239dc55\" data-element_type=\"column\" data-e-type=\"column\">\n\t\t\t<div class=\"elementor-widget-wrap elementor-element-populated\">\n\t\t\t\t\t\t<div class=\"elementor-element elementor-element-4b0a8131 sidenav elementor-nav-menu--dropdown-tablet elementor-nav-menu__text-align-aside elementor-nav-menu--toggle elementor-nav-menu--burger elementor-widget elementor-widget-global elementor-global-504 elementor-widget-nav-menu\" data-id=\"4b0a8131\" data-element_type=\"widget\" data-e-type=\"widget\" data-settings=\"{&quot;layout&quot;:&quot;vertical&quot;,&quot;submenu_icon&quot;:{&quot;value&quot;:&quot;fas fa-caret-down&quot;,&quot;library&quot;:&quot;fa-solid&quot;},&quot;toggle&quot;:&quot;burger&quot;}\" data-widget_type=\"nav-menu.default\">\n\t\t\t\t<div class=\"elementor-widget-container\">\n\t\t\t\t\t\t\t\t<nav aria-label=\"Menu\" class=\"elementor-nav-menu--main elementor-nav-menu__container elementor-nav-menu--layout-vertical e--pointer-none\">\n\t\t\t\t<ul id=\"menu-1-4b0a8131\" class=\"elementor-nav-menu sm-vertical\"><li class=\"menu-item menu-item-type-custom menu-item-object-custom menu-item-6120\"><a class=\"elementor-item\"><span class=\"sidenavtitle\">ASSOCIATION<\/span><\/a><\/li>\n<li class=\"menu-item menu-item-type-post_type menu-item-object-page menu-item-6121\"><a href=\"https:\/\/allergies-alimentaires.org\/en\/our-mission\/\" class=\"elementor-item\">Our Mission<\/a><\/li>\n<li class=\"menu-item menu-item-type-custom menu-item-object-custom menu-item-has-children menu-item-6122\"><a class=\"elementor-item\">Team<\/a>\n<ul class=\"sub-menu elementor-nav-menu--dropdown\">\n\t<li class=\"menu-item menu-item-type-post_type menu-item-object-page menu-item-6123\"><a href=\"https:\/\/allergies-alimentaires.org\/en\/allergies-quebec-staff\/\" class=\"elementor-sub-item\">Allergy Quebec Staff<\/a><\/li>\n\t<li class=\"menu-item menu-item-type-post_type menu-item-object-page menu-item-6234\"><a href=\"https:\/\/allergies-alimentaires.org\/en\/board-of-directors\/\" class=\"elementor-sub-item\">Board of Directors<\/a><\/li>\n\t<li class=\"menu-item menu-item-type-post_type menu-item-object-page menu-item-6235\"><a href=\"https:\/\/allergies-alimentaires.org\/en\/scientific-committee\/\" class=\"elementor-sub-item\">Scientific Committee<\/a><\/li>\n<\/ul>\n<\/li>\n<li class=\"menu-item menu-item-type-post_type menu-item-object-page menu-item-6889\"><a href=\"https:\/\/allergies-alimentaires.org\/en\/services-at-no-cost\/\" class=\"elementor-item\">Services<\/a><\/li>\n<li class=\"menu-item menu-item-type-post_type menu-item-object-page menu-item-6125\"><a href=\"https:\/\/allergies-alimentaires.org\/en\/becoming-a-member\/\" class=\"elementor-item\">Becoming a Member<\/a><\/li>\n<li class=\"menu-item menu-item-type-post_type menu-item-object-page menu-item-6236\"><a href=\"https:\/\/allergies-alimentaires.org\/en\/in-the-media\/\" class=\"elementor-item\">Media Room<\/a><\/li>\n<li class=\"menu-item menu-item-type-custom menu-item-object-custom menu-item-34651\"><a href=\"https:\/\/allergies-alimentaires.org\/wp-content\/uploads\/2024\/03\/AQ_Politique_Confidentialite_Protection_renseignements_personnels_SiteInternet_adoptee-Note_ANGLAIS.pdf\" class=\"elementor-item\">Privacy Policy<\/a><\/li>\n<\/ul>\t\t\t<\/nav>\n\t\t\t\t\t<div class=\"elementor-menu-toggle\" role=\"button\" tabindex=\"0\" aria-label=\"Menu Toggle\" aria-expanded=\"false\">\n\t\t\t<i aria-hidden=\"true\" role=\"presentation\" class=\"elementor-menu-toggle__icon--open eicon-menu-bar\"><\/i><i aria-hidden=\"true\" role=\"presentation\" class=\"elementor-menu-toggle__icon--close eicon-close\"><\/i>\t\t<\/div>\n\t\t\t\t\t<nav class=\"elementor-nav-menu--dropdown elementor-nav-menu__container\" aria-hidden=\"true\">\n\t\t\t\t<ul id=\"menu-2-4b0a8131\" class=\"elementor-nav-menu sm-vertical\"><li class=\"menu-item menu-item-type-custom menu-item-object-custom menu-item-6120\"><a class=\"elementor-item\" tabindex=\"-1\"><span class=\"sidenavtitle\">ASSOCIATION<\/span><\/a><\/li>\n<li class=\"menu-item menu-item-type-post_type menu-item-object-page menu-item-6121\"><a href=\"https:\/\/allergies-alimentaires.org\/en\/our-mission\/\" class=\"elementor-item\" tabindex=\"-1\">Our Mission<\/a><\/li>\n<li class=\"menu-item menu-item-type-custom menu-item-object-custom menu-item-has-children menu-item-6122\"><a class=\"elementor-item\" tabindex=\"-1\">Team<\/a>\n<ul class=\"sub-menu elementor-nav-menu--dropdown\">\n\t<li class=\"menu-item menu-item-type-post_type menu-item-object-page menu-item-6123\"><a href=\"https:\/\/allergies-alimentaires.org\/en\/allergies-quebec-staff\/\" class=\"elementor-sub-item\" tabindex=\"-1\">Allergy Quebec Staff<\/a><\/li>\n\t<li class=\"menu-item menu-item-type-post_type menu-item-object-page menu-item-6234\"><a href=\"https:\/\/allergies-alimentaires.org\/en\/board-of-directors\/\" class=\"elementor-sub-item\" tabindex=\"-1\">Board of Directors<\/a><\/li>\n\t<li class=\"menu-item menu-item-type-post_type menu-item-object-page menu-item-6235\"><a href=\"https:\/\/allergies-alimentaires.org\/en\/scientific-committee\/\" class=\"elementor-sub-item\" tabindex=\"-1\">Scientific Committee<\/a><\/li>\n<\/ul>\n<\/li>\n<li class=\"menu-item menu-item-type-post_type menu-item-object-page menu-item-6889\"><a href=\"https:\/\/allergies-alimentaires.org\/en\/services-at-no-cost\/\" class=\"elementor-item\" tabindex=\"-1\">Services<\/a><\/li>\n<li class=\"menu-item menu-item-type-post_type menu-item-object-page menu-item-6125\"><a href=\"https:\/\/allergies-alimentaires.org\/en\/becoming-a-member\/\" class=\"elementor-item\" tabindex=\"-1\">Becoming a Member<\/a><\/li>\n<li class=\"menu-item menu-item-type-post_type menu-item-object-page menu-item-6236\"><a href=\"https:\/\/allergies-alimentaires.org\/en\/in-the-media\/\" class=\"elementor-item\" tabindex=\"-1\">Media Room<\/a><\/li>\n<li class=\"menu-item menu-item-type-custom menu-item-object-custom menu-item-34651\"><a href=\"https:\/\/allergies-alimentaires.org\/wp-content\/uploads\/2024\/03\/AQ_Politique_Confidentialite_Protection_renseignements_personnels_SiteInternet_adoptee-Note_ANGLAIS.pdf\" class=\"elementor-item\" tabindex=\"-1\">Privacy Policy<\/a><\/li>\n<\/ul>\t\t\t<\/nav>\n\t\t\t\t\t\t<\/div>\n\t\t\t\t<\/div>\n\t\t\t\t\t<\/div>\n\t\t<\/div>\n\t\t\t\t<div class=\"elementor-column elementor-col-50 elementor-top-column elementor-element elementor-element-16951ad6\" data-id=\"16951ad6\" data-element_type=\"column\" data-e-type=\"column\">\n\t\t\t<div class=\"elementor-widget-wrap elementor-element-populated\">\n\t\t\t\t\t\t<div class=\"elementor-element elementor-element-bffaa8d elementor-widget elementor-widget-text-editor\" data-id=\"bffaa8d\" data-element_type=\"widget\" data-e-type=\"widget\" data-widget_type=\"text-editor.default\">\n\t\t\t\t<div class=\"elementor-widget-container\">\n\t\t\t\t\t\t\t\t\t<p>Allergy Quebec would like to thank all the members of the Scientific Advisory Committee who generously share their time and expertise with us when it comes to reviewing the scientific content of our publications, as well as for their assistance in preparing outreach and scientific position statements.<\/p><p>Mandate: The Scientific Advisory Committee advises the Board of Directors and Allergies Qu\u00e9bec on medical, professional, and scientific issues related to food allergies. In some instances, the Committee also weigh\u2019s in on matters relating to official policy.<\/p>\t\t\t\t\t\t\t\t<\/div>\n\t\t\t\t<\/div>\n\t\t\t\t<div class=\"elementor-element elementor-element-a9f0eaf elementor-widget-mobile__width-initial elementor-widget elementor-widget-text-editor\" data-id=\"a9f0eaf\" data-element_type=\"widget\" data-e-type=\"widget\" data-widget_type=\"text-editor.default\">\n\t\t\t\t<div class=\"elementor-widget-container\">\n\t\t\t\t\t\t\t\t\t<table style=\"width: 100%;\" border=\"1\">\n<tbody>\n<tr>\n<td>Dr Marie-No\u00ebl Primeau<br>Allergist<br>Clinique d&#8217;allergie et d&#8217;asthme de Montr\u00e9al<\/td>\n<td>Dr Simon Hotte<br>Allergist<br>Clinique M\u00e9diGo, Gatineau&nbsp; &nbsp; &nbsp; &nbsp; &nbsp; &nbsp; &nbsp; &nbsp; &nbsp; &nbsp; &nbsp; &nbsp; &nbsp; &nbsp; &nbsp; &nbsp; &nbsp; &nbsp; &nbsp; &nbsp; &nbsp; &nbsp; &nbsp; &nbsp; &nbsp; &nbsp; &nbsp; &nbsp; &nbsp; &nbsp; &nbsp; &nbsp; &nbsp; &nbsp; &nbsp; &nbsp; &nbsp; &nbsp; &nbsp; &nbsp; &nbsp; &nbsp; &nbsp; &nbsp; &nbsp; &nbsp; &nbsp; &nbsp; &nbsp; &nbsp; &nbsp; &nbsp; &nbsp; &nbsp;<\/td>\n<\/tr>\n<tr>\n<td>Dr Andrew Moore<br>Allergist<br>Johns Hopkins Regional Physicians&nbsp; &nbsp; &nbsp; &nbsp; &nbsp; &nbsp; &nbsp; &nbsp; &nbsp; &nbsp; &nbsp; &nbsp; &nbsp;&nbsp;<\/td>\n<td>Dr Reza Alizadehfar<br>Allergist<br>H\u00f4pital de Montr\u00e9al pour enfants<\/td>\n<\/tr>\n<tr>\n<td>Dr Philippe B\u00e9gin<br>Allergist<br>CHU Sainte-Justine&nbsp; &nbsp; &nbsp; &nbsp; &nbsp; &nbsp; &nbsp; &nbsp; &nbsp; &nbsp; &nbsp; &nbsp; &nbsp; &nbsp; &nbsp; &nbsp; &nbsp; &nbsp; &nbsp; &nbsp; &nbsp; &nbsp; &nbsp; &nbsp; &nbsp; &nbsp; &nbsp; &nbsp; &nbsp; &nbsp; &nbsp; &nbsp; &nbsp; &nbsp;&nbsp;<\/td>\n<td>Dr Marie-Jos\u00e9e Francoeur<br>Allergist<br>Centre Hospitalier Charles-Lemoyne<\/td>\n<\/tr>\n<tr>\n<td>Dr \u00c9milie Proulx<br>Allergist<br>Centre hospitalier r\u00e9gional de Lanaudi\u00e8re&nbsp; &nbsp; &nbsp; &nbsp; &nbsp;&nbsp;<\/td>\n<td>Cosette Gerg\u00e8s, RD<br>Dietitian<br>Nutritionnistes en p\u00e9diatrie&nbsp; &nbsp; &nbsp; &nbsp; &nbsp; &nbsp; &nbsp; &nbsp; &nbsp; &nbsp; &nbsp; &nbsp; &nbsp; &nbsp; &nbsp; &nbsp; &nbsp; &nbsp; &nbsp; &nbsp; &nbsp; &nbsp; &nbsp; &nbsp; &nbsp; &nbsp; &nbsp; &nbsp; &nbsp; &nbsp; &nbsp;&nbsp;<\/td>\n<\/tr>\n<tr>\n<td style=\"width: 316px;\">Maryse Boutin, RD<br>Dietitian<br>CHU Sainte-Justine&nbsp; &nbsp; &nbsp; &nbsp; &nbsp; &nbsp; &nbsp; &nbsp; &nbsp; &nbsp; &nbsp;<\/td>\n<td style=\"width: 285px;\">\n<p>Manon Chiasson<br>Pharmacist&nbsp; &nbsp; &nbsp; &nbsp; &nbsp; &nbsp; &nbsp; &nbsp; &nbsp; &nbsp; &nbsp; &nbsp; &nbsp; &nbsp; &nbsp; &nbsp; &nbsp; &nbsp; &nbsp; &nbsp; &nbsp; &nbsp; &nbsp; &nbsp; &nbsp; &nbsp; &nbsp; &nbsp; &nbsp; &nbsp;<\/p>\n<\/td>\n<\/tr>\n<tr>\n<td style=\"width: 316px;\">B\u00e9n\u00e9dicte L. Tremblay, Ph.D. RD<br>Dietitian and Assistant Professor<br>Universit\u00e9 Laval<\/td>\n<td style=\"width: 285px;\">&nbsp;<\/td>\n<\/tr>\n<\/tbody>\n<\/table>\t\t\t\t\t\t\t\t<\/div>\n\t\t\t\t<\/div>\n\t\t\t\t\t<\/div>\n\t\t<\/div>\n\t\t\t\t\t<\/div>\n\t\t<\/section>\n\t\t\t\t<\/div>\n\t\t","protected":false},"excerpt":{"rendered":"<p>Allergy Quebec would like to thank all the members of the Scientific Advisory Committee who generously share their time and &#8230; <a title=\"Scientific Committee\" class=\"read-more\" href=\"https:\/\/allergies-alimentaires.org\/en\/scientific-committee\/\" aria-label=\"Read more about Scientific Committee\">Lire plus<\/a><\/p>\n","protected":false},"author":1,"featured_media":0,"parent":0,"menu_order":0,"comment_status":"closed","ping_status":"closed","template":"","meta":{"footnotes":""},"categories":[],"tags":[],"class_list":{"0":"post-5985","1":"page","2":"type-page","3":"status-publish","5":"infinite-scroll-item","6":"no-featured-image-padding"},"_links":{"self":[{"href":"https:\/\/allergies-alimentaires.org\/en\/wp-json\/wp\/v2\/pages\/5985","targetHints":{"allow":["GET"]}}],"collection":[{"href":"https:\/\/allergies-alimentaires.org\/en\/wp-json\/wp\/v2\/pages"}],"about":[{"href":"https:\/\/allergies-alimentaires.org\/en\/wp-json\/wp\/v2\/types\/page"}],"author":[{"embeddable":true,"href":"https:\/\/allergies-alimentaires.org\/en\/wp-json\/wp\/v2\/users\/1"}],"replies":[{"embeddable":true,"href":"https:\/\/allergies-alimentaires.org\/en\/wp-json\/wp\/v2\/comments?post=5985"}],"version-history":[{"count":9,"href":"https:\/\/allergies-alimentaires.org\/en\/wp-json\/wp\/v2\/pages\/5985\/revisions"}],"predecessor-version":[{"id":44748,"href":"https:\/\/allergies-alimentaires.org\/en\/wp-json\/wp\/v2\/pages\/5985\/revisions\/44748"}],"wp:attachment":[{"href":"https:\/\/allergies-alimentaires.org\/en\/wp-json\/wp\/v2\/media?parent=5985"}],"wp:term":[{"taxonomy":"category","embeddable":true,"href":"https:\/\/allergies-alimentaires.org\/en\/wp-json\/wp\/v2\/categories?post=5985"},{"taxonomy":"post_tag","embeddable":true,"href":"https:\/\/allergies-alimentaires.org\/en\/wp-json\/wp\/v2\/tags?post=5985"}],"curies":[{"name":"wp","href":"https:\/\/api.w.org\/{rel}","templated":true}]}}