{"id":5900,"date":"2019-12-09T13:41:03","date_gmt":"2019-12-09T13:41:03","guid":{"rendered":"https:\/\/allergies-alimentaires.org\/9-priority-allergens\/soybeans\/"},"modified":"2024-06-12T17:24:28","modified_gmt":"2024-06-12T21:24:28","slug":"soybeans","status":"publish","type":"page","link":"https:\/\/allergies-alimentaires.org\/en\/9-priority-allergens\/soybeans\/","title":{"rendered":"Soybeans"},"content":{"rendered":"\t\t<div data-elementor-type=\"wp-post\" data-elementor-id=\"5900\" class=\"elementor elementor-5900 elementor-1627\" data-elementor-post-type=\"page\">\n\t\t\t\t\t\t<section class=\"elementor-section elementor-top-section elementor-element elementor-element-3c6c7f39 elementor-section-full_width mep3col elementor-section-height-default elementor-section-height-default\" data-id=\"3c6c7f39\" data-element_type=\"section\" data-e-type=\"section\">\n\t\t\t\t\t\t<div class=\"elementor-container elementor-column-gap-default\">\n\t\t\t\t\t<div class=\"elementor-column elementor-col-33 elementor-top-column elementor-element elementor-element-25cd671c elementor-hidden-tablet elementor-hidden-phone\" data-id=\"25cd671c\" data-element_type=\"column\" data-e-type=\"column\">\n\t\t\t<div class=\"elementor-widget-wrap elementor-element-populated\">\n\t\t\t\t\t\t<div class=\"elementor-element elementor-element-526f7d2 sidenav elementor-nav-menu--dropdown-tablet elementor-nav-menu__text-align-aside elementor-nav-menu--toggle elementor-nav-menu--burger elementor-widget elementor-widget-global elementor-global-628 elementor-widget-nav-menu\" data-id=\"526f7d2\" data-element_type=\"widget\" data-e-type=\"widget\" data-settings=\"{&quot;layout&quot;:&quot;vertical&quot;,&quot;submenu_icon&quot;:{&quot;value&quot;:&quot;fas fa-caret-down&quot;,&quot;library&quot;:&quot;fa-solid&quot;},&quot;toggle&quot;:&quot;burger&quot;}\" data-widget_type=\"nav-menu.default\">\n\t\t\t\t<div class=\"elementor-widget-container\">\n\t\t\t\t\t\t\t\t<nav aria-label=\"Menu\" class=\"elementor-nav-menu--main elementor-nav-menu__container elementor-nav-menu--layout-vertical e--pointer-underline e--animation-fade\">\n\t\t\t\t<ul id=\"menu-1-526f7d2\" class=\"elementor-nav-menu sm-vertical\"><li class=\"menu-item menu-item-type-custom menu-item-object-custom menu-item-6126\"><a class=\"elementor-item\"><span class=\"sidenavtitle\">INFO ALLERGIES<\/span><\/a><\/li>\n<li class=\"menu-item menu-item-type-post_type menu-item-object-page menu-item-6127\"><a href=\"https:\/\/allergies-alimentaires.org\/en\/what-is-a-food-allergy\/\" class=\"elementor-item\">What is a Food Allergy?<\/a><\/li>\n<li class=\"menu-item menu-item-type-post_type menu-item-object-page menu-item-6128\"><a href=\"https:\/\/allergies-alimentaires.org\/en\/symptoms\/\" class=\"elementor-item\">Symptoms<\/a><\/li>\n<li class=\"menu-item menu-item-type-post_type menu-item-object-page menu-item-has-children menu-item-6129\"><a href=\"https:\/\/allergies-alimentaires.org\/en\/9-priority-allergens\/\" class=\"elementor-item\">9 Priority Allergens<\/a>\n<ul class=\"sub-menu elementor-nav-menu--dropdown\">\n\t<li class=\"menu-item menu-item-type-post_type menu-item-object-page menu-item-6130\"><a href=\"https:\/\/allergies-alimentaires.org\/en\/9-priority-allergens\/peanuts\/\" class=\"elementor-sub-item\">Peanuts<\/a><\/li>\n\t<li class=\"menu-item menu-item-type-post_type menu-item-object-page menu-item-6131\"><a href=\"https:\/\/allergies-alimentaires.org\/en\/9-priority-allergens\/wheat\/\" class=\"elementor-sub-item\">Wheat or Triticale<\/a><\/li>\n\t<li class=\"menu-item menu-item-type-post_type menu-item-object-page menu-item-6132\"><a href=\"https:\/\/allergies-alimentaires.org\/en\/9-priority-allergens\/milk\/\" class=\"elementor-sub-item\">Milk<\/a><\/li>\n\t<li class=\"menu-item menu-item-type-post_type menu-item-object-page menu-item-6133\"><a href=\"https:\/\/allergies-alimentaires.org\/en\/9-priority-allergens\/mustard\/\" class=\"elementor-sub-item\">Mustard<\/a><\/li>\n\t<li class=\"menu-item menu-item-type-post_type menu-item-object-page menu-item-6134\"><a href=\"https:\/\/allergies-alimentaires.org\/en\/9-priority-allergens\/tree-nuts\/\" class=\"elementor-sub-item\">Tree Nuts<\/a><\/li>\n\t<li class=\"menu-item menu-item-type-post_type menu-item-object-page menu-item-6135\"><a href=\"https:\/\/allergies-alimentaires.org\/en\/9-priority-allergens\/eggs\/\" class=\"elementor-sub-item\">Eggs<\/a><\/li>\n\t<li class=\"menu-item menu-item-type-post_type menu-item-object-page menu-item-6136\"><a href=\"https:\/\/allergies-alimentaires.org\/en\/9-priority-allergens\/fish-crustaceans-and-molluscs\/\" class=\"elementor-sub-item\">Fish, Crustaceans and Molluscs<\/a><\/li>\n\t<li class=\"menu-item menu-item-type-post_type menu-item-object-page menu-item-6137\"><a href=\"https:\/\/allergies-alimentaires.org\/en\/9-priority-allergens\/sesame\/\" class=\"elementor-sub-item\">Sesame<\/a><\/li>\n\t<li class=\"menu-item menu-item-type-post_type menu-item-object-page menu-item-6138\"><a href=\"https:\/\/allergies-alimentaires.org\/en\/9-priority-allergens\/soybeans\/\" class=\"elementor-sub-item\">Soybeans<\/a><\/li>\n<\/ul>\n<\/li>\n<li class=\"menu-item menu-item-type-post_type menu-item-object-page menu-item-6139\"><a href=\"https:\/\/allergies-alimentaires.org\/en\/finding-hidden-allergens\/\" class=\"elementor-item\">Finding Hidden Allergens<\/a><\/li>\n<li class=\"menu-item menu-item-type-post_type menu-item-object-page menu-item-6140\"><a href=\"https:\/\/allergies-alimentaires.org\/en\/other-allergens\/\" class=\"elementor-item\">Other Allergens and Triggers<\/a><\/li>\n<li class=\"menu-item menu-item-type-post_type menu-item-object-page menu-item-6141\"><a href=\"https:\/\/allergies-alimentaires.org\/en\/food-sensitivities-and-intolerances-2\/\" class=\"elementor-item\">Food Sensitivities and Intolerances<\/a><\/li>\n<li class=\"menu-item menu-item-type-post_type menu-item-object-page menu-item-6142\"><a href=\"https:\/\/allergies-alimentaires.org\/en\/at-risk-individuals\/\" class=\"elementor-item\">At Risk Individuals<\/a><\/li>\n<li class=\"menu-item menu-item-type-post_type menu-item-object-page menu-item-6143\"><a href=\"https:\/\/allergies-alimentaires.org\/en\/autoinjectors\/\" class=\"elementor-item\">Auto-injectors<\/a><\/li>\n<li class=\"menu-item menu-item-type-post_type menu-item-object-page menu-item-6144\"><a href=\"https:\/\/allergies-alimentaires.org\/en\/statistics\/\" class=\"elementor-item\">Statistics<\/a><\/li>\n<\/ul>\t\t\t<\/nav>\n\t\t\t\t\t<div class=\"elementor-menu-toggle\" role=\"button\" tabindex=\"0\" aria-label=\"Menu Toggle\" aria-expanded=\"false\">\n\t\t\t<i aria-hidden=\"true\" role=\"presentation\" class=\"elementor-menu-toggle__icon--open eicon-menu-bar\"><\/i><i aria-hidden=\"true\" role=\"presentation\" class=\"elementor-menu-toggle__icon--close eicon-close\"><\/i>\t\t<\/div>\n\t\t\t\t\t<nav class=\"elementor-nav-menu--dropdown elementor-nav-menu__container\" aria-hidden=\"true\">\n\t\t\t\t<ul id=\"menu-2-526f7d2\" class=\"elementor-nav-menu sm-vertical\"><li class=\"menu-item menu-item-type-custom menu-item-object-custom menu-item-6126\"><a class=\"elementor-item\" tabindex=\"-1\"><span class=\"sidenavtitle\">INFO ALLERGIES<\/span><\/a><\/li>\n<li class=\"menu-item menu-item-type-post_type menu-item-object-page menu-item-6127\"><a href=\"https:\/\/allergies-alimentaires.org\/en\/what-is-a-food-allergy\/\" class=\"elementor-item\" tabindex=\"-1\">What is a Food Allergy?<\/a><\/li>\n<li class=\"menu-item menu-item-type-post_type menu-item-object-page menu-item-6128\"><a href=\"https:\/\/allergies-alimentaires.org\/en\/symptoms\/\" class=\"elementor-item\" tabindex=\"-1\">Symptoms<\/a><\/li>\n<li class=\"menu-item menu-item-type-post_type menu-item-object-page menu-item-has-children menu-item-6129\"><a href=\"https:\/\/allergies-alimentaires.org\/en\/9-priority-allergens\/\" class=\"elementor-item\" tabindex=\"-1\">9 Priority Allergens<\/a>\n<ul class=\"sub-menu elementor-nav-menu--dropdown\">\n\t<li class=\"menu-item menu-item-type-post_type menu-item-object-page menu-item-6130\"><a href=\"https:\/\/allergies-alimentaires.org\/en\/9-priority-allergens\/peanuts\/\" class=\"elementor-sub-item\" tabindex=\"-1\">Peanuts<\/a><\/li>\n\t<li class=\"menu-item menu-item-type-post_type menu-item-object-page menu-item-6131\"><a href=\"https:\/\/allergies-alimentaires.org\/en\/9-priority-allergens\/wheat\/\" class=\"elementor-sub-item\" tabindex=\"-1\">Wheat or Triticale<\/a><\/li>\n\t<li class=\"menu-item menu-item-type-post_type menu-item-object-page menu-item-6132\"><a href=\"https:\/\/allergies-alimentaires.org\/en\/9-priority-allergens\/milk\/\" class=\"elementor-sub-item\" tabindex=\"-1\">Milk<\/a><\/li>\n\t<li class=\"menu-item menu-item-type-post_type menu-item-object-page menu-item-6133\"><a href=\"https:\/\/allergies-alimentaires.org\/en\/9-priority-allergens\/mustard\/\" class=\"elementor-sub-item\" tabindex=\"-1\">Mustard<\/a><\/li>\n\t<li class=\"menu-item menu-item-type-post_type menu-item-object-page menu-item-6134\"><a href=\"https:\/\/allergies-alimentaires.org\/en\/9-priority-allergens\/tree-nuts\/\" class=\"elementor-sub-item\" tabindex=\"-1\">Tree Nuts<\/a><\/li>\n\t<li class=\"menu-item menu-item-type-post_type menu-item-object-page menu-item-6135\"><a href=\"https:\/\/allergies-alimentaires.org\/en\/9-priority-allergens\/eggs\/\" class=\"elementor-sub-item\" tabindex=\"-1\">Eggs<\/a><\/li>\n\t<li class=\"menu-item menu-item-type-post_type menu-item-object-page menu-item-6136\"><a href=\"https:\/\/allergies-alimentaires.org\/en\/9-priority-allergens\/fish-crustaceans-and-molluscs\/\" class=\"elementor-sub-item\" tabindex=\"-1\">Fish, Crustaceans and Molluscs<\/a><\/li>\n\t<li class=\"menu-item menu-item-type-post_type menu-item-object-page menu-item-6137\"><a href=\"https:\/\/allergies-alimentaires.org\/en\/9-priority-allergens\/sesame\/\" class=\"elementor-sub-item\" tabindex=\"-1\">Sesame<\/a><\/li>\n\t<li class=\"menu-item menu-item-type-post_type menu-item-object-page menu-item-6138\"><a href=\"https:\/\/allergies-alimentaires.org\/en\/9-priority-allergens\/soybeans\/\" class=\"elementor-sub-item\" tabindex=\"-1\">Soybeans<\/a><\/li>\n<\/ul>\n<\/li>\n<li class=\"menu-item menu-item-type-post_type menu-item-object-page menu-item-6139\"><a href=\"https:\/\/allergies-alimentaires.org\/en\/finding-hidden-allergens\/\" class=\"elementor-item\" tabindex=\"-1\">Finding Hidden Allergens<\/a><\/li>\n<li class=\"menu-item menu-item-type-post_type menu-item-object-page menu-item-6140\"><a href=\"https:\/\/allergies-alimentaires.org\/en\/other-allergens\/\" class=\"elementor-item\" tabindex=\"-1\">Other Allergens and Triggers<\/a><\/li>\n<li class=\"menu-item menu-item-type-post_type menu-item-object-page menu-item-6141\"><a href=\"https:\/\/allergies-alimentaires.org\/en\/food-sensitivities-and-intolerances-2\/\" class=\"elementor-item\" tabindex=\"-1\">Food Sensitivities and Intolerances<\/a><\/li>\n<li class=\"menu-item menu-item-type-post_type menu-item-object-page menu-item-6142\"><a href=\"https:\/\/allergies-alimentaires.org\/en\/at-risk-individuals\/\" class=\"elementor-item\" tabindex=\"-1\">At Risk Individuals<\/a><\/li>\n<li class=\"menu-item menu-item-type-post_type menu-item-object-page menu-item-6143\"><a href=\"https:\/\/allergies-alimentaires.org\/en\/autoinjectors\/\" class=\"elementor-item\" tabindex=\"-1\">Auto-injectors<\/a><\/li>\n<li class=\"menu-item menu-item-type-post_type menu-item-object-page menu-item-6144\"><a href=\"https:\/\/allergies-alimentaires.org\/en\/statistics\/\" class=\"elementor-item\" tabindex=\"-1\">Statistics<\/a><\/li>\n<\/ul>\t\t\t<\/nav>\n\t\t\t\t\t\t<\/div>\n\t\t\t\t<\/div>\n\t\t\t\t\t<\/div>\n\t\t<\/div>\n\t\t\t\t<div class=\"elementor-column elementor-col-33 elementor-top-column elementor-element elementor-element-4fd046fd\" data-id=\"4fd046fd\" data-element_type=\"column\" data-e-type=\"column\">\n\t\t\t<div class=\"elementor-widget-wrap elementor-element-populated\">\n\t\t\t\t\t\t<div class=\"elementor-element elementor-element-0317fb2 elementor-widget elementor-widget-text-editor\" data-id=\"0317fb2\" data-element_type=\"widget\" data-e-type=\"widget\" data-widget_type=\"text-editor.default\">\n\t\t\t\t<div class=\"elementor-widget-container\">\n\t\t\t\t\t\t\t\t\t<p>Soybeans are listed as a priority allergen in Canada. This page focuses on available resources and special considerations related to soybean allergy.<\/p><table style=\"width: 100%;\" border=\"1\"><tbody><tr><td style=\"vertical-align: top; background-color: white;\" colspan=\"1\" rowspan=\"7\"><strong>On this page:<\/strong><\/td><td><a href=\"#1\">Statistics and facts on soy allergy<\/a><a href=\"#1\"> &gt;<\/a><\/td><\/tr><tr><td><a href=\"#2\">Soybeans Reference Guide<\/a><a href=\"#1\"> &gt;<\/a><\/td><\/tr><tr><td><em>\u00a0\u00a0\u00a0 Terms that may indicate the presence of soybeans<br \/><\/em><\/td><\/tr><tr><td><em>\u00a0\u00a0\u00a0 Foods that are possible sources of soybeans<br \/><\/em><\/td><\/tr><tr><td><em>\u00a0\u00a0\u00a0 Potential sources of soybeans in commonly used products<br \/><\/em><\/td><\/tr><tr><td><em>\u00a0\u00a0\u00a0 Soybean replacements and cooking without soybean<br \/><\/em><\/td><\/tr><tr><td><a href=\"#3\">Helpful resources<\/a><a href=\"#1\"> &gt;<\/a><\/td><\/tr><\/tbody><\/table><h2 id=\"1\">Facts about soy allergy<\/h2><ul><li>Soy allergy affects 0.1% of Canadians[i].<\/li><li>Soy allergy tends to be outgrown with time. A study published in 2010 showed that 50% of participants developed soy tolerance at age 7 and 69% at age 10[ii].<\/li><li>Nearly 30 allergenic soy proteins capable of binding specifically to IgE antibodies produced in allergic people have been identified [iii]. Of these soy proteins, only a few are considered major allergens.These include Gly m Bd 60K, Gly m Bd 30K, and Gly m Bd 28K[iv].<\/li><li>Soybeans are one of the common triggers of<a href=\"\/?p=3859\"> food protein-induced enterocolitis syndrome (FPIES)<\/a>(in French), a non-IgE-mediated allergic reaction characterized by repeated projectile vomiting and a lethargic state[v].<\/li><li>Exposure to soybean dust, for example around processing plant, is associated with increased respiratory symptoms in sensitized individuals [vi]. In 1985-1986, 13 waves of increased asthma attacks associated with soybean dust in the air were observed in Barcelona[vii].<\/li><li>Highly refined soybean oil is considered safe for soy-allergic individuals as the refining process essentially removes the allergenic portion of soy. [viii]. Despite the low risk of reaction to refined soybean oil, Allergy Quebec recommends that the allergic person consult his allergist in order to assess he or she\u2019s specific risk.<\/li><\/ul><div id=\"2\"><h2>Soybeans &#8211; REFERENCE GUIDE<\/h2><\/div><p><a href=\"https:\/\/allergies-alimentaires.org\/wp-content\/uploads\/2019\/08\/26_allergies-quebec_aide-memoire-soya.pdf\" target=\"_blank\" rel=\"noopener\">REFERENCE GUIDE Soybeans<\/a>, in PDF (0,5 Mo) (in French)<\/p><table style=\"width: 100%;\" border=\"1\"><tbody><tr><td style=\"background-color: #efefef;\" colspan=\"3\" rowspan=\"1\"><center><strong>Terms that may indicate the presence of soy (non-exhaustive list)<\/strong><\/center><\/td><\/tr><tr><td style=\"width: 33%;\">Edamame<\/td><td style=\"width: 33%;\">Glucine max<\/td><td style=\"width: 33%;\">Hydrolyzed soybean vegetable proteins<\/td><\/tr><tr><td>Hydrolyzed Vegetable Proteins (HVP)<\/td><td>Kinako<\/td><td>Kouridofu \/ kori-dofu<\/td><\/tr><tr><td>Soy milk beverage<\/td><td>Miso<\/td><td>Monodiglyceride<\/td><\/tr><tr><td>Natto<\/td><td>Nimame<\/td><td>Okara<\/td><\/tr><tr><td>Shoyu<\/td><td>Sobee<\/td><td>Soja<\/td><\/tr><tr><td>Soya<\/td><td>Soja hispida<\/td><td>Soy protein<\/td><\/tr><tr><td>Soy protein isolate<\/td><td>Soy sauce<\/td><td>Soya lecithin<\/td><\/tr><tr><td>Soybean albumin<\/td><td>Soybean curd<\/td><td>Soybean flour<\/td><\/tr><tr><td>Soybean germ<\/td><td>Soybean oil<\/td><td>Soybeans<\/td><\/tr><tr><td>Sprouted beans<\/td><td>Tamari<\/td><td>Tempeh<\/td><\/tr><tr><td>Textured Vegetable Proteins (TVP)<\/td><td>Tofu<\/td><td>Vegetable lecithin<\/td><\/tr><tr><td>Vegetable soy proteins<\/td><td>Yuba<\/td><td>\u00a0<\/td><\/tr><tr><td colspan=\"3\" rowspan=\"1\"><em><a href=\"https:\/\/www.canada.ca\/en\/health-canada\/services\/food-nutrition\/food-labelling\/allergen-labelling.html\" target=\"_blank\" rel=\"noopener\">Health Canada\u2019s food allergen labelling regulations<\/a> established in 2012 prohibit use of the following terms. Manufacturers must declare the presence of soybeans in the list of ingredients either on the label of their product or in the words \u201cContains\u201d. However, it is important to keep those terms in mind when travelling, as regulations vary from one country to another. In some cases, it may also be useful to know them when we are offered artisanal or homemade products.<\/em><\/td><\/tr><tr><td style=\"background-color: #efefef;\" colspan=\"3\" rowspan=\"1\"><center><strong>Foods that are likely sources of soy (non-exhaustive list)<\/strong><\/center><\/td><\/tr><tr><td>Breadcrumbs<\/td><td>Breaded foods<\/td><td>Cereals<\/td><\/tr><tr><td>Chocolate<\/td><td>Commercial sauce bases<\/td><td>Dairy substitutes<\/td><\/tr><tr><td>Imitation fish<\/td><td>Infant formulas<\/td><td>Lecithin<\/td><\/tr><tr><td>Margarine<\/td><td>Meal substitutes<\/td><td>Meat lengthener<\/td><\/tr><tr><td>Mexican cuisine<\/td><td>Nutritional additives<\/td><td>Sauces (hoisin, teriyaki)<\/td><\/tr><tr><td>Surimi<\/td><td>Vegetarian dishes<\/td><td>\u00a0<\/td><\/tr><tr><td style=\"background-color: #efefef;\" colspan=\"3\" rowspan=\"1\"><center><strong>Foods that are potential sources of soy (non-exhaustive list)<\/strong><\/center><\/td><\/tr><tr><td>Baked products<\/td><td>Beverage mixes (e. g. hot chocolate, lemonade)<\/td><td>Biscuits \/ cookies<\/td><\/tr><tr><td>Bread<\/td><td>Breakfast and baby cereals<\/td><td>Canned fish (in a broth)<\/td><\/tr><tr><td>Chewing gum<\/td><td>Chips and crisps<\/td><td>Colour (may contain soy lecithin)<\/td><\/tr><tr><td>Commercial vegetable broths<\/td><td>Consomm\u00e9<\/td><td>Crackers<\/td><\/tr><tr><td>Dipping sauces<\/td><td>Emulsifier (where not specified)<\/td><td>Flavoring agents<\/td><\/tr><tr><td>Ground corn<\/td><td>Ice cream<\/td><td>Imitation bacon<\/td><\/tr><tr><td>Monosodium glutamate<\/td><td>Pastry Mixes<\/td><td>Processed and prepared meats<\/td><\/tr><tr><td>Sauces and soups<\/td><td>Seasoning or herbal mixes<\/td><td>Seasonings<\/td><\/tr><tr><td>Seitan<\/td><td>Snack foods<\/td><td>Spreads<\/td><\/tr><tr><td>Stabilizer (where not specified)<\/td><td>Thickening agent<\/td><td>Vegetable oil (where not specified)<\/td><\/tr><tr><td>Vegetable oil shortening<\/td><td>Vegetable P\u00e2t\u00e9<\/td><td>Vegetable starch<\/td><\/tr><tr><td style=\"background-color: #efefef;\" colspan=\"3\" rowspan=\"1\"><center><strong>Possible sources of soy in commonly used products (non-exhaustive list)<\/strong><\/center><\/td><\/tr><tr><td>Pet Foods<\/td><td>Handmade products<\/td><td>Soaps<\/td><\/tr><tr><td>Glycerin<\/td><td>Beauty products<\/td><td>Vitamins<\/td><\/tr><tr><td>Milk substitute for young animals<\/td><td>\u00a0<\/td><td>\u00a0<\/td><\/tr><tr><td colspan=\"3\" rowspan=\"1\"><i>Note: To find out if commonly used products contain soybeans, it is important to read the labels and contact the manufacturer. Food allergen labelling regulations apply only to packaged foods, they do not apply to non-food products.<\/i><\/td><\/tr><\/tbody><\/table><div>\u00a0<\/div><table style=\"width: 100%;\" border=\"1\"><tbody><tr><td style=\"background-color: #efefef;\"><b>Soybean replacements and cooking without soybean<\/b><\/td><td colspan=\"1\" rowspan=\"1\"><ul><li>Soy-free bread, baked goods, and cereals.<\/li><li>Rice, barley, rye, wheat, oatmeal, and cornmeal.<\/li><li>Cow\u2019s milk, cheese, yoghurt or other milk, and vegetable products (rice milk, coconut milk).<\/li><\/ul><\/td><\/tr><\/tbody><\/table><h2 id=\"3\">Resources for people with soy allergy<\/h2><ul><li><a href=\"https:\/\/allerg.qc.ca\/main_page_en.php\" target=\"_blank\" rel=\"noopener\">The Association of Allergists and Immunologists of Qu\u00e9bec<\/a><\/li><li><a href=\"https:\/\/www.canada.ca\/en\/health-canada\/services\/food-nutrition\/food-safety\/food-allergies-intolerances\/food-allergies.html\" target=\"_blank\" rel=\"noopener\">Health Canada<\/a><\/li><li><a href=\"https:\/\/foodallergycanada.ca\/\" target=\"_blank\" rel=\"noopener\">Food Allergies Canada<\/a><\/li><li>Subscribe for free to food recall notices from <a href=\"http:\/\/www.mapaq.gouv.qc.ca\/fr\/Consommation\/rappelsaliments\/Pages\/rappelsaliments.aspx\" target=\"_blank\" rel=\"noopener\">MAPAQ<\/a> (in French) and the<a href=\"https:\/\/recalls-rappels.canada.ca\/en\/subscribe\" target=\"_blank\" rel=\"noopener\"> Canadian Food Inspection Agency<\/a><\/li><\/ul><p>[i] Soller, S. et coll. (2015). Adjusting for nonresponse bias corrects overestimates of food allergy prevalence. Journal of Allergy and Clinical Immunology, 3(2), 291-293. DOI 10.1016\/j.jaip.2014.11.006<br \/>[ii] Savage, J. H. et coll. (2010). The natural history of soy allergy. Journal of Allergy and Clinical Immunology, 125(3):683-686. DOI : 10.1016\/j.jaci.2009.12.994<br \/>[iii] Kattan, J. D. et coll. (2011). Milk and soy allergy. Pediatric Clinics of North America, 58(2):407-426. DOI 10.1016\/j.pcl.2011.02.005<br \/>[iv] Wu, Y.-M. et coll. (2012). Synthesis and degradation of the major allergens in developing and germinating soybean seed. Journal of Integrative Plant Biology, 54(1):4-14. DOI 10.1111\/j.1744-7909.2011.01092.x<br \/>[v] Kattan, J. D. et coll. (2011). Milk and soy allergy. Pediatric Clinics of North America, 58(2):407-426. DOI 10.1016\/j.pcl.2011.02.005<br \/>[vi] Heederic, D. et coll. 2014). Daily changes of peek expiratory flow and respiratory symptoms occurrence around a soy processing factory. Annals of Agricultural and Environmental Medicine, 21(1):5-10. Rep\u00e9r\u00e9 \u00e0 <a href=\"https:\/\/core.ac.uk\/download\/pdf\/25537112.pdf\" target=\"_blank\" rel=\"noopener\">https:\/\/core.ac.uk\/download\/pdf\/25537112.pdf<\/a><br \/>[vii] Ant\u00f2, J. M. et coll. (1989). Community outbreaks of asthma associated with inhalation of soybean dust. The New England Journal of Medicine, 320(17):1097-1102 DOI 10.1056\/NEJM198904273201701<br \/>[viii] Taylor, S. L. et coll. (2004). Soybean oil is not allergenic to soybean-allergenic individuals. The Journal of Allergy and Clinical Immunology, 113(2, supplement):S99. DOI 10.1016\/j.jaci.2003.12.34<\/p>\t\t\t\t\t\t\t\t<\/div>\n\t\t\t\t<\/div>\n\t\t\t\t\t<\/div>\n\t\t<\/div>\n\t\t\t\t<div class=\"elementor-column elementor-col-33 elementor-top-column elementor-element elementor-element-66b8691\" data-id=\"66b8691\" data-element_type=\"column\" data-e-type=\"column\">\n\t\t\t<div class=\"elementor-widget-wrap elementor-element-populated\">\n\t\t\t\t\t\t<div class=\"elementor-element elementor-element-d9647e9 elementor-widget elementor-widget-image\" data-id=\"d9647e9\" data-element_type=\"widget\" data-e-type=\"widget\" data-widget_type=\"image.default\">\n\t\t\t\t<div class=\"elementor-widget-container\">\n\t\t\t\t\t\t\t\t\t\t\t\t\t\t\t<img fetchpriority=\"high\" decoding=\"async\" width=\"959\" height=\"642\" src=\"https:\/\/allergies-alimentaires.org\/wp-content\/uploads\/2019\/10\/allergies-quebec_soya_01.webp\" class=\"attachment-large size-large wp-image-5568\" alt=\"\" \/>\t\t\t\t\t\t\t\t\t\t\t\t\t\t\t<\/div>\n\t\t\t\t<\/div>\n\t\t\t\t<div class=\"elementor-element elementor-element-f3a75ca rightnav elementor-widget elementor-widget-text-editor\" data-id=\"f3a75ca\" data-element_type=\"widget\" data-e-type=\"widget\" data-widget_type=\"text-editor.default\">\n\t\t\t\t<div class=\"elementor-widget-container\">\n\t\t\t\t\t\t\t\t\t<strong>SUGGESTED READING:<\/strong>\n<div id=\"u374\" class=\"ax_default box_1\" data-label=\"bouton-soumettre\">\n<div id=\"u374_text\" class=\"text \">\n<p id=\"cache20\"><a href=\"https:\/\/allergies-alimentaires.org\/en\/a-testimonial-learning-to-live-with-an-allergy-or-other-food-sensitivities\"><span id=\"cache21\">Learning to Live with an Allergy or Other Food Sensitivities (Testimonial)<\/span><\/a><\/p>\n\n<\/div>\n<\/div>\n<div id=\"u375\" class=\"ax_default materialicons\">\n<div id=\"u375_div\" class=\"\">\n<div id=\"u377\" class=\"ax_default box_1 mouseOver\" data-label=\"bouton-soumettre\">\n<div id=\"u377_text\" class=\"text \">\n<p id=\"cache18\"><a href=\"https:\/\/allergies-alimentaires.org\/en\/cross-contamination\"><span id=\"cache19\">Avoiding Cross-contact<\/span><\/a><\/p>\n\n<\/div>\n<\/div>\n<\/div>\n<\/div>\t\t\t\t\t\t\t\t<\/div>\n\t\t\t\t<\/div>\n\t\t\t\t\t<\/div>\n\t\t<\/div>\n\t\t\t\t\t<\/div>\n\t\t<\/section>\n\t\t\t\t<\/div>\n\t\t","protected":false},"excerpt":{"rendered":"<p>Soybeans are listed as a priority allergen in Canada. This page focuses on available resources and special considerations related to &#8230; <a title=\"Soybeans\" class=\"read-more\" href=\"https:\/\/allergies-alimentaires.org\/en\/9-priority-allergens\/soybeans\/\" aria-label=\"Read more about Soybeans\">Lire plus<\/a><\/p>\n","protected":false},"author":1,"featured_media":0,"parent":5874,"menu_order":0,"comment_status":"closed","ping_status":"closed","template":"","meta":{"footnotes":""},"categories":[],"tags":[],"class_list":{"0":"post-5900","1":"page","2":"type-page","3":"status-publish","5":"infinite-scroll-item","6":"no-featured-image-padding"},"_links":{"self":[{"href":"https:\/\/allergies-alimentaires.org\/en\/wp-json\/wp\/v2\/pages\/5900","targetHints":{"allow":["GET"]}}],"collection":[{"href":"https:\/\/allergies-alimentaires.org\/en\/wp-json\/wp\/v2\/pages"}],"about":[{"href":"https:\/\/allergies-alimentaires.org\/en\/wp-json\/wp\/v2\/types\/page"}],"author":[{"embeddable":true,"href":"https:\/\/allergies-alimentaires.org\/en\/wp-json\/wp\/v2\/users\/1"}],"replies":[{"embeddable":true,"href":"https:\/\/allergies-alimentaires.org\/en\/wp-json\/wp\/v2\/comments?post=5900"}],"version-history":[{"count":0,"href":"https:\/\/allergies-alimentaires.org\/en\/wp-json\/wp\/v2\/pages\/5900\/revisions"}],"up":[{"embeddable":true,"href":"https:\/\/allergies-alimentaires.org\/en\/wp-json\/wp\/v2\/pages\/5874"}],"wp:attachment":[{"href":"https:\/\/allergies-alimentaires.org\/en\/wp-json\/wp\/v2\/media?parent=5900"}],"wp:term":[{"taxonomy":"category","embeddable":true,"href":"https:\/\/allergies-alimentaires.org\/en\/wp-json\/wp\/v2\/categories?post=5900"},{"taxonomy":"post_tag","embeddable":true,"href":"https:\/\/allergies-alimentaires.org\/en\/wp-json\/wp\/v2\/tags?post=5900"}],"curies":[{"name":"wp","href":"https:\/\/api.w.org\/{rel}","templated":true}]}}