{"id":5890,"date":"2019-12-09T13:36:42","date_gmt":"2019-12-09T13:36:42","guid":{"rendered":"https:\/\/allergies-alimentaires.org\/9-priority-allergens\/mustard\/"},"modified":"2024-06-12T17:25:12","modified_gmt":"2024-06-12T21:25:12","slug":"mustard","status":"publish","type":"page","link":"https:\/\/allergies-alimentaires.org\/en\/9-priority-allergens\/mustard\/","title":{"rendered":"Mustard"},"content":{"rendered":"\t\t<div data-elementor-type=\"wp-post\" data-elementor-id=\"5890\" class=\"elementor elementor-5890 elementor-1622\" data-elementor-post-type=\"page\">\n\t\t\t\t\t\t<section class=\"elementor-section elementor-top-section elementor-element elementor-element-3c6c7f39 elementor-section-full_width mep3col elementor-section-height-default elementor-section-height-default\" data-id=\"3c6c7f39\" data-element_type=\"section\" data-e-type=\"section\">\n\t\t\t\t\t\t<div class=\"elementor-container elementor-column-gap-default\">\n\t\t\t\t\t<div class=\"elementor-column elementor-col-33 elementor-top-column elementor-element elementor-element-25cd671c elementor-hidden-tablet elementor-hidden-phone\" data-id=\"25cd671c\" data-element_type=\"column\" data-e-type=\"column\">\n\t\t\t<div class=\"elementor-widget-wrap elementor-element-populated\">\n\t\t\t\t\t\t<div class=\"elementor-element elementor-element-526f7d2 sidenav elementor-nav-menu--dropdown-tablet elementor-nav-menu__text-align-aside elementor-nav-menu--toggle elementor-nav-menu--burger elementor-widget elementor-widget-global elementor-global-628 elementor-widget-nav-menu\" data-id=\"526f7d2\" data-element_type=\"widget\" data-e-type=\"widget\" data-settings=\"{&quot;layout&quot;:&quot;vertical&quot;,&quot;submenu_icon&quot;:{&quot;value&quot;:&quot;fas fa-caret-down&quot;,&quot;library&quot;:&quot;fa-solid&quot;},&quot;toggle&quot;:&quot;burger&quot;}\" data-widget_type=\"nav-menu.default\">\n\t\t\t\t<div class=\"elementor-widget-container\">\n\t\t\t\t\t\t\t\t<nav aria-label=\"Menu\" class=\"elementor-nav-menu--main elementor-nav-menu__container elementor-nav-menu--layout-vertical e--pointer-underline e--animation-fade\">\n\t\t\t\t<ul id=\"menu-1-526f7d2\" class=\"elementor-nav-menu sm-vertical\"><li class=\"menu-item menu-item-type-custom menu-item-object-custom menu-item-6126\"><a class=\"elementor-item\"><span class=\"sidenavtitle\">INFO ALLERGIES<\/span><\/a><\/li>\n<li class=\"menu-item menu-item-type-post_type menu-item-object-page menu-item-6127\"><a href=\"https:\/\/allergies-alimentaires.org\/en\/what-is-a-food-allergy\/\" class=\"elementor-item\">What is a Food Allergy?<\/a><\/li>\n<li class=\"menu-item menu-item-type-post_type menu-item-object-page menu-item-6128\"><a href=\"https:\/\/allergies-alimentaires.org\/en\/symptoms\/\" class=\"elementor-item\">Symptoms<\/a><\/li>\n<li class=\"menu-item menu-item-type-post_type menu-item-object-page menu-item-has-children menu-item-6129\"><a href=\"https:\/\/allergies-alimentaires.org\/en\/9-priority-allergens\/\" class=\"elementor-item\">9 Priority Allergens<\/a>\n<ul class=\"sub-menu elementor-nav-menu--dropdown\">\n\t<li class=\"menu-item menu-item-type-post_type menu-item-object-page menu-item-6130\"><a href=\"https:\/\/allergies-alimentaires.org\/en\/9-priority-allergens\/peanuts\/\" class=\"elementor-sub-item\">Peanuts<\/a><\/li>\n\t<li class=\"menu-item menu-item-type-post_type menu-item-object-page menu-item-6131\"><a href=\"https:\/\/allergies-alimentaires.org\/en\/9-priority-allergens\/wheat\/\" class=\"elementor-sub-item\">Wheat or Triticale<\/a><\/li>\n\t<li class=\"menu-item menu-item-type-post_type menu-item-object-page menu-item-6132\"><a href=\"https:\/\/allergies-alimentaires.org\/en\/9-priority-allergens\/milk\/\" class=\"elementor-sub-item\">Milk<\/a><\/li>\n\t<li class=\"menu-item menu-item-type-post_type menu-item-object-page menu-item-6133\"><a href=\"https:\/\/allergies-alimentaires.org\/en\/9-priority-allergens\/mustard\/\" class=\"elementor-sub-item\">Mustard<\/a><\/li>\n\t<li class=\"menu-item menu-item-type-post_type menu-item-object-page menu-item-6134\"><a href=\"https:\/\/allergies-alimentaires.org\/en\/9-priority-allergens\/tree-nuts\/\" class=\"elementor-sub-item\">Tree Nuts<\/a><\/li>\n\t<li class=\"menu-item menu-item-type-post_type menu-item-object-page menu-item-6135\"><a href=\"https:\/\/allergies-alimentaires.org\/en\/9-priority-allergens\/eggs\/\" class=\"elementor-sub-item\">Eggs<\/a><\/li>\n\t<li class=\"menu-item menu-item-type-post_type menu-item-object-page menu-item-6136\"><a href=\"https:\/\/allergies-alimentaires.org\/en\/9-priority-allergens\/fish-crustaceans-and-molluscs\/\" class=\"elementor-sub-item\">Fish, Crustaceans and Molluscs<\/a><\/li>\n\t<li class=\"menu-item menu-item-type-post_type menu-item-object-page menu-item-6137\"><a href=\"https:\/\/allergies-alimentaires.org\/en\/9-priority-allergens\/sesame\/\" class=\"elementor-sub-item\">Sesame<\/a><\/li>\n\t<li class=\"menu-item menu-item-type-post_type menu-item-object-page menu-item-6138\"><a href=\"https:\/\/allergies-alimentaires.org\/en\/9-priority-allergens\/soybeans\/\" class=\"elementor-sub-item\">Soybeans<\/a><\/li>\n<\/ul>\n<\/li>\n<li class=\"menu-item menu-item-type-post_type menu-item-object-page menu-item-6139\"><a href=\"https:\/\/allergies-alimentaires.org\/en\/finding-hidden-allergens\/\" class=\"elementor-item\">Finding Hidden Allergens<\/a><\/li>\n<li class=\"menu-item menu-item-type-post_type menu-item-object-page menu-item-6140\"><a href=\"https:\/\/allergies-alimentaires.org\/en\/other-allergens\/\" class=\"elementor-item\">Other Allergens and Triggers<\/a><\/li>\n<li class=\"menu-item menu-item-type-post_type menu-item-object-page menu-item-6141\"><a href=\"https:\/\/allergies-alimentaires.org\/en\/food-sensitivities-and-intolerances-2\/\" class=\"elementor-item\">Food Sensitivities and Intolerances<\/a><\/li>\n<li class=\"menu-item menu-item-type-post_type menu-item-object-page menu-item-6142\"><a href=\"https:\/\/allergies-alimentaires.org\/en\/at-risk-individuals\/\" class=\"elementor-item\">At Risk Individuals<\/a><\/li>\n<li class=\"menu-item menu-item-type-post_type menu-item-object-page menu-item-6143\"><a href=\"https:\/\/allergies-alimentaires.org\/en\/autoinjectors\/\" class=\"elementor-item\">Auto-injectors<\/a><\/li>\n<li class=\"menu-item menu-item-type-post_type menu-item-object-page menu-item-6144\"><a href=\"https:\/\/allergies-alimentaires.org\/en\/statistics\/\" class=\"elementor-item\">Statistics<\/a><\/li>\n<\/ul>\t\t\t<\/nav>\n\t\t\t\t\t<div class=\"elementor-menu-toggle\" role=\"button\" tabindex=\"0\" aria-label=\"Menu Toggle\" aria-expanded=\"false\">\n\t\t\t<i aria-hidden=\"true\" role=\"presentation\" class=\"elementor-menu-toggle__icon--open eicon-menu-bar\"><\/i><i aria-hidden=\"true\" role=\"presentation\" class=\"elementor-menu-toggle__icon--close eicon-close\"><\/i>\t\t<\/div>\n\t\t\t\t\t<nav class=\"elementor-nav-menu--dropdown elementor-nav-menu__container\" aria-hidden=\"true\">\n\t\t\t\t<ul id=\"menu-2-526f7d2\" class=\"elementor-nav-menu sm-vertical\"><li class=\"menu-item menu-item-type-custom menu-item-object-custom menu-item-6126\"><a class=\"elementor-item\" tabindex=\"-1\"><span class=\"sidenavtitle\">INFO ALLERGIES<\/span><\/a><\/li>\n<li class=\"menu-item menu-item-type-post_type menu-item-object-page menu-item-6127\"><a href=\"https:\/\/allergies-alimentaires.org\/en\/what-is-a-food-allergy\/\" class=\"elementor-item\" tabindex=\"-1\">What is a Food Allergy?<\/a><\/li>\n<li class=\"menu-item menu-item-type-post_type menu-item-object-page menu-item-6128\"><a href=\"https:\/\/allergies-alimentaires.org\/en\/symptoms\/\" class=\"elementor-item\" tabindex=\"-1\">Symptoms<\/a><\/li>\n<li class=\"menu-item menu-item-type-post_type menu-item-object-page menu-item-has-children menu-item-6129\"><a href=\"https:\/\/allergies-alimentaires.org\/en\/9-priority-allergens\/\" class=\"elementor-item\" tabindex=\"-1\">9 Priority Allergens<\/a>\n<ul class=\"sub-menu elementor-nav-menu--dropdown\">\n\t<li class=\"menu-item menu-item-type-post_type menu-item-object-page menu-item-6130\"><a href=\"https:\/\/allergies-alimentaires.org\/en\/9-priority-allergens\/peanuts\/\" class=\"elementor-sub-item\" tabindex=\"-1\">Peanuts<\/a><\/li>\n\t<li class=\"menu-item menu-item-type-post_type menu-item-object-page menu-item-6131\"><a href=\"https:\/\/allergies-alimentaires.org\/en\/9-priority-allergens\/wheat\/\" class=\"elementor-sub-item\" tabindex=\"-1\">Wheat or Triticale<\/a><\/li>\n\t<li class=\"menu-item menu-item-type-post_type menu-item-object-page menu-item-6132\"><a href=\"https:\/\/allergies-alimentaires.org\/en\/9-priority-allergens\/milk\/\" class=\"elementor-sub-item\" tabindex=\"-1\">Milk<\/a><\/li>\n\t<li class=\"menu-item menu-item-type-post_type menu-item-object-page menu-item-6133\"><a href=\"https:\/\/allergies-alimentaires.org\/en\/9-priority-allergens\/mustard\/\" class=\"elementor-sub-item\" tabindex=\"-1\">Mustard<\/a><\/li>\n\t<li class=\"menu-item menu-item-type-post_type menu-item-object-page menu-item-6134\"><a href=\"https:\/\/allergies-alimentaires.org\/en\/9-priority-allergens\/tree-nuts\/\" class=\"elementor-sub-item\" tabindex=\"-1\">Tree Nuts<\/a><\/li>\n\t<li class=\"menu-item menu-item-type-post_type menu-item-object-page menu-item-6135\"><a href=\"https:\/\/allergies-alimentaires.org\/en\/9-priority-allergens\/eggs\/\" class=\"elementor-sub-item\" tabindex=\"-1\">Eggs<\/a><\/li>\n\t<li class=\"menu-item menu-item-type-post_type menu-item-object-page menu-item-6136\"><a href=\"https:\/\/allergies-alimentaires.org\/en\/9-priority-allergens\/fish-crustaceans-and-molluscs\/\" class=\"elementor-sub-item\" tabindex=\"-1\">Fish, Crustaceans and Molluscs<\/a><\/li>\n\t<li class=\"menu-item menu-item-type-post_type menu-item-object-page menu-item-6137\"><a href=\"https:\/\/allergies-alimentaires.org\/en\/9-priority-allergens\/sesame\/\" class=\"elementor-sub-item\" tabindex=\"-1\">Sesame<\/a><\/li>\n\t<li class=\"menu-item menu-item-type-post_type menu-item-object-page menu-item-6138\"><a href=\"https:\/\/allergies-alimentaires.org\/en\/9-priority-allergens\/soybeans\/\" class=\"elementor-sub-item\" tabindex=\"-1\">Soybeans<\/a><\/li>\n<\/ul>\n<\/li>\n<li class=\"menu-item menu-item-type-post_type menu-item-object-page menu-item-6139\"><a href=\"https:\/\/allergies-alimentaires.org\/en\/finding-hidden-allergens\/\" class=\"elementor-item\" tabindex=\"-1\">Finding Hidden Allergens<\/a><\/li>\n<li class=\"menu-item menu-item-type-post_type menu-item-object-page menu-item-6140\"><a href=\"https:\/\/allergies-alimentaires.org\/en\/other-allergens\/\" class=\"elementor-item\" tabindex=\"-1\">Other Allergens and Triggers<\/a><\/li>\n<li class=\"menu-item menu-item-type-post_type menu-item-object-page menu-item-6141\"><a href=\"https:\/\/allergies-alimentaires.org\/en\/food-sensitivities-and-intolerances-2\/\" class=\"elementor-item\" tabindex=\"-1\">Food Sensitivities and Intolerances<\/a><\/li>\n<li class=\"menu-item menu-item-type-post_type menu-item-object-page menu-item-6142\"><a href=\"https:\/\/allergies-alimentaires.org\/en\/at-risk-individuals\/\" class=\"elementor-item\" tabindex=\"-1\">At Risk Individuals<\/a><\/li>\n<li class=\"menu-item menu-item-type-post_type menu-item-object-page menu-item-6143\"><a href=\"https:\/\/allergies-alimentaires.org\/en\/autoinjectors\/\" class=\"elementor-item\" tabindex=\"-1\">Auto-injectors<\/a><\/li>\n<li class=\"menu-item menu-item-type-post_type menu-item-object-page menu-item-6144\"><a href=\"https:\/\/allergies-alimentaires.org\/en\/statistics\/\" class=\"elementor-item\" tabindex=\"-1\">Statistics<\/a><\/li>\n<\/ul>\t\t\t<\/nav>\n\t\t\t\t\t\t<\/div>\n\t\t\t\t<\/div>\n\t\t\t\t\t<\/div>\n\t\t<\/div>\n\t\t\t\t<div class=\"elementor-column elementor-col-33 elementor-top-column elementor-element elementor-element-4fd046fd\" data-id=\"4fd046fd\" data-element_type=\"column\" data-e-type=\"column\">\n\t\t\t<div class=\"elementor-widget-wrap elementor-element-populated\">\n\t\t\t\t\t\t<div class=\"elementor-element elementor-element-3755017 elementor-widget elementor-widget-text-editor\" data-id=\"3755017\" data-element_type=\"widget\" data-e-type=\"widget\" data-widget_type=\"text-editor.default\">\n\t\t\t\t<div class=\"elementor-widget-container\">\n\t\t\t\t\t\t\t\t\t<p>Mustard is listed as a priority allergen in Canada. This page focuses on facts specific to mustard allergy, available resources, and special considerations related to this allergen, as well as possible cross-allergies and potential sources of contamination with mustard.<\/p><table style=\"width: 100%; height: 100%;\" border=\"1\"><tbody><tr><td style=\"vertical-align: top; background-color: white;\" colspan=\"1\" rowspan=\"6\"><strong>On this page:<\/strong><\/td><td><a href=\"#1\">Statistics and facts on mustard allergy<\/a><a href=\"#1\"> &gt;<\/a><\/td><\/tr><tr><td><a href=\"#2\">Mustard reference guide<\/a><a href=\"#1\"> &gt;<\/a><\/td><\/tr><tr><td><em>\u00a0\u00a0\u00a0 Terms that may indicate the presence of mustard<\/em><\/td><\/tr><tr><td><em>\u00a0\u00a0\u00a0 Foods that are likely sources of mustard<\/em><\/td><\/tr><tr><td><em>\u00a0\u00a0\u00a0 Foods that are possible sources of mustard<\/em><\/td><\/tr><tr><td><a href=\"#3\">Helpful resources<\/a><a href=\"#1\"> &gt;<\/a><\/td><\/tr><\/tbody><\/table><h2 id=\"1\">Statistics and data about mustard allergy<\/h2><ul><li>There is limited research on the prevalence of mustard allergy, This allergy seems to affect children before the age of three[1].<\/li><li>Mustard seeds come from a plant of the <em>Brassicaceae<\/em> family, which also includes broccoli, cauliflower, cabbage, and Brussels sprouts.<\/li><li>Two main varieties of mustard seeds are used in cooking and manufacturing food: white seeds (yellow mustard) and brown seeds (Indian mustard). Black seeds (black mustard) are also available in the market [2].<\/li><li>The main allergens in mustard are <em>Sin a 1<\/em> (yellow mustard) and <em>Bra j 1<\/em> (Indian mustard). The two proteins have a similar structure [3]. <em>Sin a 1<\/em> is resistant to heat and enzymatic degradation.<\/li><li>A study published in 2005 showed a correlated mustard allergy and sensitization to mugwort pollen (89%) and mites (68.4%)[4]. The researchers also found that all mustard-allergic participants were sensitized to other plants of the <em>Brassicaceae<\/em> family. Note that not all sensitized participants showed symptoms of an allergic reaction to the allergens of these plants. Further studies are needed to establish a possible cross-allergy between mustard and these plants.<\/li><li>Mustard contains irritant molecules (isothiocyanates and capsaicin) that make diagnosing an allergy to mustard difficult. These particles can cause non-immune reactions in some individuals similar to an IgE-mediated allergy. These reactions are believed to be responsible for some false positive results obtained in skin allergy tests to mustard [5]<\/li><li>Due to a high risk of cross contact, people allergic to mustard should avoid consuming commercial dry herbs and spices. It is best to choose fresh herbs, vegetables, garlic and onions as seasoning.<\/li><li>Some canola oils can be made from canola and mustard-canola-quality seeds. When highly refined, these oils contain negligible amounts of mustard protein and generally do not pose a risk. However, cold-pressed canola oils, which are less refined, may contain residual amounts of mustard protein. Health Canada, therefore, recommends that people with mustard allergies avoid consuming these cold-pressed oils [6]. As a matter of precaution, people with mustard allergy should consult an allergist before consuming canola oils.<\/li><\/ul><h2 id=\"2\">Mustard REFERENCE GUIDE<\/h2><p><a href=\"https:\/\/allergies-alimentaires.org\/wp-content\/uploads\/2019\/08\/21_allergies-quebec_aide-memoire-moutarde.pdf\" target=\"_blank\" rel=\"noopener\">Mustard REFERENCE GUIDE<\/a>, PDF format (0,5 Mo) (in French)<\/p><table style=\"width: 100%;\" border=\"1\"><tbody><tr><td style=\"background-color: #efefef;\" colspan=\"3\" rowspan=\"1\"><center><strong>Terms that may indicate the presence of mustard (non-exhaustive list)<\/strong><\/center><\/td><\/tr><tr><td style=\"width: 33%;\">Mustard seeds<\/td><td style=\"width: 33%;\">Mustard oil<\/td><td style=\"width: 33%;\">Powdered mustard<\/td><\/tr><tr><td>Mustard as a condiment (old-fashioned mustard, Meaux, Dijon, strong, store-bought, etc.)<\/td><td>All parts of the mustard plant (leaves, flowers, mustard shoots, etc.)<\/td><td>\u00a0<\/td><\/tr><tr><td colspan=\"3\" rowspan=\"1\"><em><a href=\"https:\/\/www.canada.ca\/en\/health-canada\/services\/food-nutrition\/food-labelling\/allergen-labelling.html\" target=\"_blank\" rel=\"noopener\">Health Canada&#8217;s food allergen labelling regulations<\/a> established in 2012 prohibit use of these terms. Manufacturers must declare the presence of mustard in the list of ingredients, either on the label of their product or in the words &#8220;Contains.&#8221; However, it is important to keep those terms in mind when travelling, as regulations vary from one country to another. In some cases, it may also be useful to know them when we are offered homemade or artisanal products.<\/em><\/td><\/tr><tr><td style=\"background-color: #efefef;\" colspan=\"3\" rowspan=\"1\"><center><strong>Foods that are likely sources of mustard (non-exhaustive list)<\/strong><\/center><\/td><\/tr><tr><td>Curry (carry or cari) and other Indian dishes<\/td><td>Spice mix<\/td><td>Pickles and vegetable marinades<\/td><\/tr><tr><td>Food Breading<\/td><td>Processed cheese (e. g. Cheez Whiz, Kraft Singles)<\/td><td>Frying dough<\/td><\/tr><tr><td>Mayonnaise<\/td><td>Sauces (e.g. horseradish, barbecue, b\u00e9arnaise, remoulade)<\/td><td>\u00a0<\/td><\/tr><tr><td style=\"background-color: #efefef;\" colspan=\"3\" rowspan=\"1\"><center><strong>Foods that are possible sources of mustard (non-exhaustive list)<\/strong><\/center><\/td><\/tr><tr><td>Emulsifying agents and binders<\/td><td>Relish<\/td><td>Broths and soups<\/td><\/tr><tr><td>Sausages<\/td><td>Deli meats<\/td><td>Flavoring agents<\/td><\/tr><tr><td>Dried herbs<\/td><td>All products whose ingredient list contains spices or seasonings without further specification<\/td><td>Ketchup<\/td><\/tr><tr><td>Dipping sauce<\/td><td>Commercial ready-made meals (e.g. quiches and pizza)<\/td><td>Dressings, including salad dressings<\/td><\/tr><tr><td style=\"background-color: #efefef;\" colspan=\"3\" rowspan=\"1\"><center><strong>Possible sources of mustard in commonly used products (non-exhaustive list)<\/strong><\/center><\/td><\/tr><tr><td>Pet Food<\/td><td>Beauty products<\/td><td>Glycerin<\/td><\/tr><tr><td>Soaps<\/td><td>Milk substitutes for young animals<\/td><td>Vitamins<\/td><\/tr><tr><td>Handmade products<\/td><td>\u00a0<\/td><td>\u00a0<\/td><\/tr><tr><td colspan=\"3\" rowspan=\"1\"><i>Note: To find out if commonly used products contain mustard, it is important to read the labels and contact the manufacturer. Food allergen labelling regulations apply only to packaged foods, they do not apply to non-food products.<\/i><\/td><\/tr><\/tbody><\/table><h2 id=\"3\">Resources for people allergic to mustard<\/h2><ul><li><a href=\"https:\/\/www.canada.ca\/en\/health-canada\/services\/food-nutrition\/reports-publications\/food-safety\/mustard-priority-food-allergen.html\" target=\"_blank\" rel=\"noopener\">Health Canada<\/a><\/li><li>Subscribe for free to food recall notices from the <a href=\"https:\/\/recalls-rappels.canada.ca\/en\/subscribe\" target=\"_blank\" rel=\"noopener\">Canadian Food Inspection Agency<\/a> and <a href=\"http:\/\/www.mapaq.gouv.qc.ca\/fr\/Consommation\/rappelsaliments\/Pages\/rappelsaliments.aspx\" target=\"_blank\" rel=\"noopener\">MAPAQ<\/a> (in French).<\/li><\/ul><p>[1] Ranc\u00e9, F., Dutau, G. et Abbal, M. (2000). Mustard allergy in children. Allergy, 55:496-500. DOI : 10.1034\/j.1398-9995.2000.00383.x<\/p><p>[2] Sant\u00e9 Canada. (2009). Moutarde : un allerg\u00e8ne prioritaire au Canada \u2014 un examen syst\u00e9matique. [PDF] Rep\u00e9r\u00e9 \u00e0 <a href=\"https:\/\/www.canada.ca\/content\/dam\/hc-sc\/migration\/hc-sc\/fn-an\/alt_formats\/pdf\/pubs\/label-etiquet\/mustard-moutarde\/index-fra.pdf\" target=\"_blank\" rel=\"noopener\">https:\/\/www.canada.ca\/content\/dam\/hc-sc\/migration\/hc-sc\/fn-an\/alt_formats\/pdf\/pubs\/label-etiquet\/mustard-moutarde\/index-fra.pdf<\/a><\/p><p>[3] Ranc\u00e9, F., Dutau, G. et Abbal, M. (2000). Mustard allergy in children. Allergy, 55:496-500. DOI : 10.1034\/j.1398-9995.2000.00383.x<\/p><p>[4] Figueroa, J. et coll. (2005). Mustard allergy confirmed by double-blind placebo-controlled food challenges: clinical features and cross-reactivity with mugwort pollen and plant-derived foods. Allergy, 60:48-55. DOI 10.1111\/j.1398-9995.2005.00644.x<\/p><p>[5] Ranc\u00e9, F. (2003). Mustard allergy as a new food allergy. Allergy, 58:287-288. DOI 10.1034\/j.1398-9995.2003.00109.x<\/p><p>[6] Sant\u00e9 Canada. (2016). Moutarde \u2014 Allerg\u00e8ne alimentaire prioritaire. [PDF] Rep\u00e9r\u00e9 \u00e0<a href=\"https:\/\/www.canada.ca\/content\/dam\/hc-sc\/migration\/hc-sc\/fn-an\/alt_formats\/pdf\/pubs\/securit\/2016-mustard-moutarde\/mustard-moutarde-fra.pdf\" target=\"_blank\" rel=\"noopener\"><br \/>https:\/\/www.canada.ca\/content\/dam\/hc-sc\/migration\/hc-sc\/fn-an\/alt_formats\/pdf\/pubs\/securit\/2016-mustard-moutarde\/mustard-moutarde-fra.pdf<\/a><\/p>\t\t\t\t\t\t\t\t<\/div>\n\t\t\t\t<\/div>\n\t\t\t\t\t<\/div>\n\t\t<\/div>\n\t\t\t\t<div class=\"elementor-column elementor-col-33 elementor-top-column elementor-element elementor-element-66b8691\" data-id=\"66b8691\" data-element_type=\"column\" data-e-type=\"column\">\n\t\t\t<div class=\"elementor-widget-wrap elementor-element-populated\">\n\t\t\t\t\t\t<div class=\"elementor-element elementor-element-d9647e9 elementor-widget elementor-widget-image\" data-id=\"d9647e9\" data-element_type=\"widget\" data-e-type=\"widget\" data-widget_type=\"image.default\">\n\t\t\t\t<div class=\"elementor-widget-container\">\n\t\t\t\t\t\t\t\t\t\t\t\t\t\t\t<img fetchpriority=\"high\" decoding=\"async\" width=\"960\" height=\"640\" src=\"https:\/\/allergies-alimentaires.org\/wp-content\/uploads\/2019\/10\/allergies-quebec_moutarde_01.webp\" class=\"attachment-large size-large wp-image-5551\" alt=\"\" \/>\t\t\t\t\t\t\t\t\t\t\t\t\t\t\t<\/div>\n\t\t\t\t<\/div>\n\t\t\t\t<div class=\"elementor-element elementor-element-f3a75ca rightnav elementor-widget elementor-widget-text-editor\" data-id=\"f3a75ca\" data-element_type=\"widget\" data-e-type=\"widget\" data-widget_type=\"text-editor.default\">\n\t\t\t\t<div class=\"elementor-widget-container\">\n\t\t\t\t\t\t\t\t\t<strong>SUGGESTED READING:<\/strong>\n<div id=\"u374\" class=\"ax_default box_1\" data-label=\"bouton-soumettre\">\n<div id=\"u374_text\" class=\"text \">\n<p id=\"cache20\"><a href=\"https:\/\/allergies-alimentaires.org\/en\/which-factors-influence-atopic-march\"><span id=\"cache21\">Which Factors Influence Atopic March?<\/span><\/a><\/p>\n\n<\/div>\n<\/div>\n<div id=\"u375\" class=\"ax_default materialicons\">\n<div id=\"u375_div\" class=\"\">\n<div id=\"u377\" class=\"ax_default box_1 mouseOver\" data-label=\"bouton-soumettre\">\n<div id=\"u377_text\" class=\"text \">\n<p id=\"cache18\"><a href=\"https:\/\/allergies-alimentaires.org\/en\/labelling\"><span id=\"cache19\">Labelling of Food Products and Alcoholic Beverages<\/span><\/a><\/p>\n\n<\/div>\n<\/div>\n<div id=\"u378\" class=\"ax_default materialicons\">\n<div id=\"u378_div\" class=\"\"><a href=\"https:\/\/allergies-alimentaires.org\/en\/food-sensitivities-and-intolerances-2\">Food Sensitivities and Intolerances<\/a><\/div>\n<\/div>\n<\/div>\n<\/div>\t\t\t\t\t\t\t\t<\/div>\n\t\t\t\t<\/div>\n\t\t\t\t\t<\/div>\n\t\t<\/div>\n\t\t\t\t\t<\/div>\n\t\t<\/section>\n\t\t\t\t<\/div>\n\t\t","protected":false},"excerpt":{"rendered":"<p>Mustard is listed as a priority allergen in Canada. This page focuses on facts specific to mustard allergy, available resources, &#8230; <a title=\"Mustard\" class=\"read-more\" href=\"https:\/\/allergies-alimentaires.org\/en\/9-priority-allergens\/mustard\/\" aria-label=\"Read more about Mustard\">Lire plus<\/a><\/p>\n","protected":false},"author":1,"featured_media":0,"parent":5874,"menu_order":0,"comment_status":"closed","ping_status":"closed","template":"","meta":{"footnotes":""},"categories":[],"tags":[],"class_list":{"0":"post-5890","1":"page","2":"type-page","3":"status-publish","5":"infinite-scroll-item","6":"no-featured-image-padding"},"_links":{"self":[{"href":"https:\/\/allergies-alimentaires.org\/en\/wp-json\/wp\/v2\/pages\/5890","targetHints":{"allow":["GET"]}}],"collection":[{"href":"https:\/\/allergies-alimentaires.org\/en\/wp-json\/wp\/v2\/pages"}],"about":[{"href":"https:\/\/allergies-alimentaires.org\/en\/wp-json\/wp\/v2\/types\/page"}],"author":[{"embeddable":true,"href":"https:\/\/allergies-alimentaires.org\/en\/wp-json\/wp\/v2\/users\/1"}],"replies":[{"embeddable":true,"href":"https:\/\/allergies-alimentaires.org\/en\/wp-json\/wp\/v2\/comments?post=5890"}],"version-history":[{"count":0,"href":"https:\/\/allergies-alimentaires.org\/en\/wp-json\/wp\/v2\/pages\/5890\/revisions"}],"up":[{"embeddable":true,"href":"https:\/\/allergies-alimentaires.org\/en\/wp-json\/wp\/v2\/pages\/5874"}],"wp:attachment":[{"href":"https:\/\/allergies-alimentaires.org\/en\/wp-json\/wp\/v2\/media?parent=5890"}],"wp:term":[{"taxonomy":"category","embeddable":true,"href":"https:\/\/allergies-alimentaires.org\/en\/wp-json\/wp\/v2\/categories?post=5890"},{"taxonomy":"post_tag","embeddable":true,"href":"https:\/\/allergies-alimentaires.org\/en\/wp-json\/wp\/v2\/tags?post=5890"}],"curies":[{"name":"wp","href":"https:\/\/api.w.org\/{rel}","templated":true}]}}