{"id":5877,"date":"2019-12-09T13:30:09","date_gmt":"2019-12-09T13:30:09","guid":{"rendered":"https:\/\/allergies-alimentaires.org\/9-priority-allergens\/peanuts\/"},"modified":"2024-06-12T17:26:37","modified_gmt":"2024-06-12T21:26:37","slug":"peanuts","status":"publish","type":"page","link":"https:\/\/allergies-alimentaires.org\/en\/9-priority-allergens\/peanuts\/","title":{"rendered":"Peanuts"},"content":{"rendered":"\t\t<div data-elementor-type=\"wp-post\" data-elementor-id=\"5877\" class=\"elementor elementor-5877 elementor-1618\" data-elementor-post-type=\"page\">\n\t\t\t\t\t\t<section class=\"elementor-section elementor-top-section elementor-element elementor-element-3c6c7f39 elementor-section-full_width mep3col elementor-section-height-default elementor-section-height-default\" data-id=\"3c6c7f39\" data-element_type=\"section\" data-e-type=\"section\">\n\t\t\t\t\t\t<div class=\"elementor-container elementor-column-gap-default\">\n\t\t\t\t\t<div class=\"elementor-column elementor-col-33 elementor-top-column elementor-element elementor-element-25cd671c elementor-hidden-tablet elementor-hidden-phone\" data-id=\"25cd671c\" data-element_type=\"column\" data-e-type=\"column\">\n\t\t\t<div class=\"elementor-widget-wrap elementor-element-populated\">\n\t\t\t\t\t\t<div class=\"elementor-element elementor-element-526f7d2 sidenav elementor-nav-menu--dropdown-tablet elementor-nav-menu__text-align-aside elementor-nav-menu--toggle elementor-nav-menu--burger elementor-widget elementor-widget-global elementor-global-628 elementor-widget-nav-menu\" data-id=\"526f7d2\" data-element_type=\"widget\" data-e-type=\"widget\" data-settings=\"{&quot;layout&quot;:&quot;vertical&quot;,&quot;submenu_icon&quot;:{&quot;value&quot;:&quot;fas fa-caret-down&quot;,&quot;library&quot;:&quot;fa-solid&quot;},&quot;toggle&quot;:&quot;burger&quot;}\" data-widget_type=\"nav-menu.default\">\n\t\t\t\t<div class=\"elementor-widget-container\">\n\t\t\t\t\t\t\t\t<nav aria-label=\"Menu\" class=\"elementor-nav-menu--main elementor-nav-menu__container elementor-nav-menu--layout-vertical e--pointer-underline e--animation-fade\">\n\t\t\t\t<ul id=\"menu-1-526f7d2\" class=\"elementor-nav-menu sm-vertical\"><li class=\"menu-item menu-item-type-custom menu-item-object-custom menu-item-6126\"><a class=\"elementor-item\"><span class=\"sidenavtitle\">INFO ALLERGIES<\/span><\/a><\/li>\n<li class=\"menu-item menu-item-type-post_type menu-item-object-page menu-item-6127\"><a href=\"https:\/\/allergies-alimentaires.org\/en\/what-is-a-food-allergy\/\" class=\"elementor-item\">What is a Food Allergy?<\/a><\/li>\n<li class=\"menu-item menu-item-type-post_type menu-item-object-page menu-item-6128\"><a href=\"https:\/\/allergies-alimentaires.org\/en\/symptoms\/\" class=\"elementor-item\">Symptoms<\/a><\/li>\n<li class=\"menu-item menu-item-type-post_type menu-item-object-page menu-item-has-children menu-item-6129\"><a href=\"https:\/\/allergies-alimentaires.org\/en\/9-priority-allergens\/\" class=\"elementor-item\">9 Priority Allergens<\/a>\n<ul class=\"sub-menu elementor-nav-menu--dropdown\">\n\t<li class=\"menu-item menu-item-type-post_type menu-item-object-page menu-item-6130\"><a href=\"https:\/\/allergies-alimentaires.org\/en\/9-priority-allergens\/peanuts\/\" class=\"elementor-sub-item\">Peanuts<\/a><\/li>\n\t<li class=\"menu-item menu-item-type-post_type menu-item-object-page menu-item-6131\"><a href=\"https:\/\/allergies-alimentaires.org\/en\/9-priority-allergens\/wheat\/\" class=\"elementor-sub-item\">Wheat or Triticale<\/a><\/li>\n\t<li class=\"menu-item menu-item-type-post_type menu-item-object-page menu-item-6132\"><a href=\"https:\/\/allergies-alimentaires.org\/en\/9-priority-allergens\/milk\/\" class=\"elementor-sub-item\">Milk<\/a><\/li>\n\t<li class=\"menu-item menu-item-type-post_type menu-item-object-page menu-item-6133\"><a href=\"https:\/\/allergies-alimentaires.org\/en\/9-priority-allergens\/mustard\/\" class=\"elementor-sub-item\">Mustard<\/a><\/li>\n\t<li class=\"menu-item menu-item-type-post_type menu-item-object-page menu-item-6134\"><a href=\"https:\/\/allergies-alimentaires.org\/en\/9-priority-allergens\/tree-nuts\/\" class=\"elementor-sub-item\">Tree Nuts<\/a><\/li>\n\t<li class=\"menu-item menu-item-type-post_type menu-item-object-page menu-item-6135\"><a href=\"https:\/\/allergies-alimentaires.org\/en\/9-priority-allergens\/eggs\/\" class=\"elementor-sub-item\">Eggs<\/a><\/li>\n\t<li class=\"menu-item menu-item-type-post_type menu-item-object-page menu-item-6136\"><a href=\"https:\/\/allergies-alimentaires.org\/en\/9-priority-allergens\/fish-crustaceans-and-molluscs\/\" class=\"elementor-sub-item\">Fish, Crustaceans and Molluscs<\/a><\/li>\n\t<li class=\"menu-item menu-item-type-post_type menu-item-object-page menu-item-6137\"><a href=\"https:\/\/allergies-alimentaires.org\/en\/9-priority-allergens\/sesame\/\" class=\"elementor-sub-item\">Sesame<\/a><\/li>\n\t<li class=\"menu-item menu-item-type-post_type menu-item-object-page menu-item-6138\"><a href=\"https:\/\/allergies-alimentaires.org\/en\/9-priority-allergens\/soybeans\/\" class=\"elementor-sub-item\">Soybeans<\/a><\/li>\n<\/ul>\n<\/li>\n<li class=\"menu-item menu-item-type-post_type menu-item-object-page menu-item-6139\"><a href=\"https:\/\/allergies-alimentaires.org\/en\/finding-hidden-allergens\/\" class=\"elementor-item\">Finding Hidden Allergens<\/a><\/li>\n<li class=\"menu-item menu-item-type-post_type menu-item-object-page menu-item-6140\"><a href=\"https:\/\/allergies-alimentaires.org\/en\/other-allergens\/\" class=\"elementor-item\">Other Allergens and Triggers<\/a><\/li>\n<li class=\"menu-item menu-item-type-post_type menu-item-object-page menu-item-6141\"><a href=\"https:\/\/allergies-alimentaires.org\/en\/food-sensitivities-and-intolerances-2\/\" class=\"elementor-item\">Food Sensitivities and Intolerances<\/a><\/li>\n<li class=\"menu-item menu-item-type-post_type menu-item-object-page menu-item-6142\"><a href=\"https:\/\/allergies-alimentaires.org\/en\/at-risk-individuals\/\" class=\"elementor-item\">At Risk Individuals<\/a><\/li>\n<li class=\"menu-item menu-item-type-post_type menu-item-object-page menu-item-6143\"><a href=\"https:\/\/allergies-alimentaires.org\/en\/autoinjectors\/\" class=\"elementor-item\">Auto-injectors<\/a><\/li>\n<li class=\"menu-item menu-item-type-post_type menu-item-object-page menu-item-6144\"><a href=\"https:\/\/allergies-alimentaires.org\/en\/statistics\/\" class=\"elementor-item\">Statistics<\/a><\/li>\n<\/ul>\t\t\t<\/nav>\n\t\t\t\t\t<div class=\"elementor-menu-toggle\" role=\"button\" tabindex=\"0\" aria-label=\"Menu Toggle\" aria-expanded=\"false\">\n\t\t\t<i aria-hidden=\"true\" role=\"presentation\" class=\"elementor-menu-toggle__icon--open eicon-menu-bar\"><\/i><i aria-hidden=\"true\" role=\"presentation\" class=\"elementor-menu-toggle__icon--close eicon-close\"><\/i>\t\t<\/div>\n\t\t\t\t\t<nav class=\"elementor-nav-menu--dropdown elementor-nav-menu__container\" aria-hidden=\"true\">\n\t\t\t\t<ul id=\"menu-2-526f7d2\" class=\"elementor-nav-menu sm-vertical\"><li class=\"menu-item menu-item-type-custom menu-item-object-custom menu-item-6126\"><a class=\"elementor-item\" tabindex=\"-1\"><span class=\"sidenavtitle\">INFO ALLERGIES<\/span><\/a><\/li>\n<li class=\"menu-item menu-item-type-post_type menu-item-object-page menu-item-6127\"><a href=\"https:\/\/allergies-alimentaires.org\/en\/what-is-a-food-allergy\/\" class=\"elementor-item\" tabindex=\"-1\">What is a Food Allergy?<\/a><\/li>\n<li class=\"menu-item menu-item-type-post_type menu-item-object-page menu-item-6128\"><a href=\"https:\/\/allergies-alimentaires.org\/en\/symptoms\/\" class=\"elementor-item\" tabindex=\"-1\">Symptoms<\/a><\/li>\n<li class=\"menu-item menu-item-type-post_type menu-item-object-page menu-item-has-children menu-item-6129\"><a href=\"https:\/\/allergies-alimentaires.org\/en\/9-priority-allergens\/\" class=\"elementor-item\" tabindex=\"-1\">9 Priority Allergens<\/a>\n<ul class=\"sub-menu elementor-nav-menu--dropdown\">\n\t<li class=\"menu-item menu-item-type-post_type menu-item-object-page menu-item-6130\"><a href=\"https:\/\/allergies-alimentaires.org\/en\/9-priority-allergens\/peanuts\/\" class=\"elementor-sub-item\" tabindex=\"-1\">Peanuts<\/a><\/li>\n\t<li class=\"menu-item menu-item-type-post_type menu-item-object-page menu-item-6131\"><a href=\"https:\/\/allergies-alimentaires.org\/en\/9-priority-allergens\/wheat\/\" class=\"elementor-sub-item\" tabindex=\"-1\">Wheat or Triticale<\/a><\/li>\n\t<li class=\"menu-item menu-item-type-post_type menu-item-object-page menu-item-6132\"><a href=\"https:\/\/allergies-alimentaires.org\/en\/9-priority-allergens\/milk\/\" class=\"elementor-sub-item\" tabindex=\"-1\">Milk<\/a><\/li>\n\t<li class=\"menu-item menu-item-type-post_type menu-item-object-page menu-item-6133\"><a href=\"https:\/\/allergies-alimentaires.org\/en\/9-priority-allergens\/mustard\/\" class=\"elementor-sub-item\" tabindex=\"-1\">Mustard<\/a><\/li>\n\t<li class=\"menu-item menu-item-type-post_type menu-item-object-page menu-item-6134\"><a href=\"https:\/\/allergies-alimentaires.org\/en\/9-priority-allergens\/tree-nuts\/\" class=\"elementor-sub-item\" tabindex=\"-1\">Tree Nuts<\/a><\/li>\n\t<li class=\"menu-item menu-item-type-post_type menu-item-object-page menu-item-6135\"><a href=\"https:\/\/allergies-alimentaires.org\/en\/9-priority-allergens\/eggs\/\" class=\"elementor-sub-item\" tabindex=\"-1\">Eggs<\/a><\/li>\n\t<li class=\"menu-item menu-item-type-post_type menu-item-object-page menu-item-6136\"><a href=\"https:\/\/allergies-alimentaires.org\/en\/9-priority-allergens\/fish-crustaceans-and-molluscs\/\" class=\"elementor-sub-item\" tabindex=\"-1\">Fish, Crustaceans and Molluscs<\/a><\/li>\n\t<li class=\"menu-item menu-item-type-post_type menu-item-object-page menu-item-6137\"><a href=\"https:\/\/allergies-alimentaires.org\/en\/9-priority-allergens\/sesame\/\" class=\"elementor-sub-item\" tabindex=\"-1\">Sesame<\/a><\/li>\n\t<li class=\"menu-item menu-item-type-post_type menu-item-object-page menu-item-6138\"><a href=\"https:\/\/allergies-alimentaires.org\/en\/9-priority-allergens\/soybeans\/\" class=\"elementor-sub-item\" tabindex=\"-1\">Soybeans<\/a><\/li>\n<\/ul>\n<\/li>\n<li class=\"menu-item menu-item-type-post_type menu-item-object-page menu-item-6139\"><a href=\"https:\/\/allergies-alimentaires.org\/en\/finding-hidden-allergens\/\" class=\"elementor-item\" tabindex=\"-1\">Finding Hidden Allergens<\/a><\/li>\n<li class=\"menu-item menu-item-type-post_type menu-item-object-page menu-item-6140\"><a href=\"https:\/\/allergies-alimentaires.org\/en\/other-allergens\/\" class=\"elementor-item\" tabindex=\"-1\">Other Allergens and Triggers<\/a><\/li>\n<li class=\"menu-item menu-item-type-post_type menu-item-object-page menu-item-6141\"><a href=\"https:\/\/allergies-alimentaires.org\/en\/food-sensitivities-and-intolerances-2\/\" class=\"elementor-item\" tabindex=\"-1\">Food Sensitivities and Intolerances<\/a><\/li>\n<li class=\"menu-item menu-item-type-post_type menu-item-object-page menu-item-6142\"><a href=\"https:\/\/allergies-alimentaires.org\/en\/at-risk-individuals\/\" class=\"elementor-item\" tabindex=\"-1\">At Risk Individuals<\/a><\/li>\n<li class=\"menu-item menu-item-type-post_type menu-item-object-page menu-item-6143\"><a href=\"https:\/\/allergies-alimentaires.org\/en\/autoinjectors\/\" class=\"elementor-item\" tabindex=\"-1\">Auto-injectors<\/a><\/li>\n<li class=\"menu-item menu-item-type-post_type menu-item-object-page menu-item-6144\"><a href=\"https:\/\/allergies-alimentaires.org\/en\/statistics\/\" class=\"elementor-item\" tabindex=\"-1\">Statistics<\/a><\/li>\n<\/ul>\t\t\t<\/nav>\n\t\t\t\t\t\t<\/div>\n\t\t\t\t<\/div>\n\t\t\t\t\t<\/div>\n\t\t<\/div>\n\t\t\t\t<div class=\"elementor-column elementor-col-33 elementor-top-column elementor-element elementor-element-4fd046fd\" data-id=\"4fd046fd\" data-element_type=\"column\" data-e-type=\"column\">\n\t\t\t<div class=\"elementor-widget-wrap elementor-element-populated\">\n\t\t\t\t\t\t<div class=\"elementor-element elementor-element-962db63 elementor-widget elementor-widget-text-editor\" data-id=\"962db63\" data-element_type=\"widget\" data-e-type=\"widget\" data-widget_type=\"text-editor.default\">\n\t\t\t\t<div class=\"elementor-widget-container\">\n\t\t\t\t\t\t\t\t\t<p>Peanuts are listed as a priority allergen in Canada. This page focuses on facts specific to peanut allergy, available resources, and special considerations related to this allergen.<\/p><table><tbody><tr><td style=\"vertical-align: top; background-color: white;\" colspan=\"1\" rowspan=\"7\"><strong>On this page:<\/strong><\/td><td><a href=\"#1\">Facts about peanut allergy &gt;<\/a><\/td><\/tr><tr><td><a href=\"#2\">Peanut allergy reference guide &gt;<\/a><\/td><\/tr><tr><td><em>\u00a0 \u00a0 \u00a0Terms that may indicate the presence of peanuts<\/em><\/td><\/tr><tr><td><em>\u00a0 \u00a0 \u00a0Foods that are likely sources of peanuts<\/em><\/td><\/tr><tr><td><em>\u00a0 \u00a0 \u00a0Possible sources of peanuts in commonly used products<\/em><\/td><\/tr><tr><td><em>\u00a0 \u00a0 \u00a0Substituting peanuts in your diet<\/em><\/td><\/tr><tr><td><a href=\"#3\">Peanut-free recipes and resources &gt;<\/a><\/td><\/tr><\/tbody><\/table><div id=\"1\"><h2>Facts about peanut allergy<\/h2><ul><li>Contrary to popular belief, peanuts are not nuts, but legumes.<\/li><li>Peanut allergy is estimated to affect 2.4% of children and 0.7% of adults[ii].<\/li><li>It is estimated that 20% of children allergic to peanuts will outgrow their allergy with time [iii]. Unfortunately, there is a risk of recurrence of the outgrown allergy, when the food is not included regularly in the diet. This should be discussed with an allergist [iv].<\/li><li>People with peanut allergies usually tolerate other legumes such as peas, lentils, and beans.<\/li><li>It is estimated that 25% to 40% of individuals allergic to peanuts are also allergic to tree nuts[v]. These are considered two separate allergies.<\/li><li>By 2016, 17 allergenic proteins capable of inducing an allergic reaction had been identified in peanuts [vi]. A person with peanut allergy may react to one or more of these proteins.<\/li><li>Except for vegetarians and vegans, a single allergy to peanuts does not present a risk of nutritional deficiency. However, when multiple allergies are present, consultation with a nutritionist is important. The nutritionist can work to ensure a healthy, balanced diet despite multiple restrictions.<\/li><\/ul><\/div><div id=\"2\"><h2>Peanut REFERENCE GUIDE<\/h2><p><a href=\"https:\/\/allergies-alimentaires.org\/wp-content\/uploads\/2019\/08\/19_allergies_quebec_aide-memoire_arachide.pdf\" target=\"_blank\" rel=\"noopener\">Peanut REFERENCE GUIDE<\/a>, PDF version (0,5 Mo) (in French)<\/p><\/div><table style=\"width: 100%;\" border=\"1\"><tbody><tr><td style=\"background-color: #efefef;\" colspan=\"3\" rowspan=\"1\"><center><strong>Cross-allergies with peanuts<\/strong><\/center><\/td><\/tr><tr><td colspan=\"3\" rowspan=\"1\">Other legumes (peas, lentils, beans)<\/td><\/tr><tr><td style=\"background-color: #efefef;\" colspan=\"3\" rowspan=\"1\"><center><strong>Terms that may indicate the presence of peanuts (non-exhaustive list)<\/strong><\/center><\/td><\/tr><tr><td style=\"width: 33 %;\">Groundnut-I<\/td><td style=\"width: 33 %;\">Mandelonas<\/td><td style=\"width: 33 %;\">Arachin<\/td><\/tr><tr><td>Artificial nuts<\/td><td>Peanut butter<\/td><td>Crushed nuts<\/td><\/tr><tr><td>Peanut<\/td><td>Accompanying nuts<\/td><td>Kernels (shelled nuts)<\/td><\/tr><tr><td>Nu-NutsTM<\/td><td>Conarachin<\/td><td>Pistachios<\/td><\/tr><tr><td>Peanut flour<\/td><td>Vegetable groundnut proteins<\/td><td>Grains<\/td><\/tr><tr><td>Hydrolyzed peanut vegetable proteins<\/td><td>Peanut oil<\/td><td>Valencia<\/td><\/tr><tr><td colspan=\"3\" rowspan=\"1\"><em><a href=\"https:\/\/www.canada.ca\/en\/health-canada\/services\/food-nutrition\/food-labelling\/allergen-labelling.html\" target=\"_blank\" rel=\"noopener\">Health Canada&#8217;s food allergen labelling regulations<\/a> established in 2012 prohibit use of the these terms. Manufacturers must clearly indicate the presence of peanuts in their product using the words &#8220;Contains&#8221; or &#8220;May contain.&#8221; However, it is important to keep these terms in mind when travelling, as regulations vary from one country to another. In some cases, it may also be useful to know them when we are offered artisanal products.<\/em><\/td><\/tr><tr><td style=\"background-color: #efefef;\" colspan=\"3\" rowspan=\"1\"><center><strong>Foods that are likely sources of peanuts (non-exhaustive list)<\/strong><\/center><\/td><\/tr><tr><td>Almonds (mandelonas)<\/td><td>Almond icing<\/td><td>Seasonings<\/td><\/tr><tr><td>Dehydrated soups or sauces in sachets (with peanut flavourings)<\/td><td>Grenoble nuts (dearomatized peanuts, rearomatized)<\/td><td>Thai or Asian dishes (e.g. imperial or spring rolls, sauce)<\/td><\/tr><tr><td>Chocolate<\/td><td>Biscuits<\/td><td>Cereals<\/td><\/tr><tr><td>Nougat<\/td><td>Chili (ready-made meal)<\/td><td>Pastry<\/td><\/tr><tr><td>Ice cream<\/td><td>Almond or hazelnut paste<\/td><td>Frozen desserts<\/td><\/tr><tr><td>Marzipan<\/td><td>Dragees<\/td><td>Viennese pastries<\/td><\/tr><tr><td style=\"background-color: #efefef;\" colspan=\"3\" rowspan=\"1\"><center><strong>Foods that are possible sources of peanuts (non-exhaustive list)<\/strong><\/center><\/td><\/tr><tr><td>Mixed nuts<\/td><td>Chicha<\/td><td>\u00a0<\/td><\/tr><tr><td style=\"background-color: #efefef;\" colspan=\"3\" rowspan=\"1\"><center><strong>Possible sources of peanuts in commonly used products (non-exhaustive list)<\/strong><\/center><\/td><\/tr><tr><td>Ant bait<\/td><td>Drugs, vitamins, and supplements<\/td><td>Cosmetics<\/td><\/tr><tr><td>Mushroom growing media<\/td><td>Creams and sunscreens<\/td><td>Toy stuffing<\/td><\/tr><tr><td>Food for animals and birds<\/td><td>Mousetrap<\/td><td>Handicraft materials<\/td><\/tr><tr><td colspan=\"3\" rowspan=\"1\"><i>Note: To find out if common products contain peanuts, it is important to read the labels and contact the manufacturer. Food allergen labelling regulations apply only to packaged foods, they do not apply to non-food products.<\/i><\/td><\/tr><\/tbody><\/table><div>\u00a0<\/div><table style=\"width: 100%;\" border=\"1\"><tbody><tr><td style=\"background-color: #efefef;\"><b>Peanuts replacements and cooking without peanuts<\/b><\/td><td><ul><li>Peanuts: roasted chickpeas, sunflower seeds, cashews, soy nuts, almonds, macadamia nuts (in the absence of a nut allergy)<\/li><li>Peanut butter: sunflower seed butter, hummus, nut butter (in the absence of a nut allergy), soy butter, pea butter<\/li><\/ul><\/td><\/tr><\/tbody><\/table><p>* The lists of foods and ingredients presented in the table are not exhaustive and are given for information only.<\/p><div id=\"3\"><h2>Recipes and resources for people with peanut allergy<\/h2><\/div><h3>Recipes<\/h3><ul><li><a href=\"https:\/\/allergies-alimentaires.org\/en\/recipes\">Priority allergen-free recipes on the Allergy Quebec website<\/a><\/li><li><a href=\"https:\/\/www.soscuisine.com\/recipe\/category\/nut-allergy-peanut-allergy\" target=\"_blank\" rel=\"noopener\">SOS Cuisine<\/a><\/li><li><a href=\"https:\/\/www.allrecipes.com\/recipes\/16104\/world-cuisine\/canadian\/quebec\/\" target=\"_blank\" rel=\"noopener\">Recettes du Qu\u00e9bec<\/a> (in French)<\/li><\/ul><h3>Resources<\/h3><ul><li><a href=\"https:\/\/allerg.qc.ca\/main_page_en.php\" target=\"_blank\" rel=\"noopener\">The Association of Allergists and Immunologists of Qu\u00e9bec<\/a><\/li><li><a href=\"https:\/\/www.canada.ca\/en\/health-canada\/services\/food-nutrition\/food-safety\/food-allergies-intolerances\/food-allergies.html\" target=\"_blank\" rel=\"noopener\">Health Canada<\/a><\/li><li><a href=\"https:\/\/www.aap.org\/en-us\/Pages\/Default.aspx\" target=\"_blank\" rel=\"noopener\">American Academy of Pediatrics<\/a><\/li><li><a href=\"https:\/\/www.worldallergy.org\/\" target=\"_blank\" rel=\"noopener\">World Allergy Organization<\/a><\/li><li><a href=\"https:\/\/www.foodallergy.org\/\" target=\"_blank\" rel=\"noopener\">Food Allergy Research and Education<\/a><\/li><\/ul><p>Subscribe for free to food recall notices from the <a href=\"https:\/\/recalls-rappels.canada.ca\/en\/subscribe\" target=\"_blank\" rel=\"noopener\">Canadian Food Inspection Agency<\/a> [http:\/\/www.inspection.gc.ca\/english\/util\/listserv\/listsube.shtml?foodrecalls_rappelsaliments] and <a href=\"https:\/\/www.mapaq.gouv.qc.ca\/fr\/Pages\/Accueil.aspx\" target=\"_blank\" rel=\"noopener\">MAPAQ<\/a> (in French).<\/p><p>[1] National Institute of Allergy and Infectious Disease. (2017). Addendum guidelines for the prevention of peanut allergy in the United States. Rep\u00e9r\u00e9 \u00e0 <a href=\"https:\/\/www.niaid.nih.gov\/sites\/default\/files\/peanut-allergy-prevention-guidelines-parent-summary.pd...\" target=\"_blank\" rel=\"noopener\">https:\/\/www.niaid.nih.gov\/sites\/default\/files\/peanut-allergy-prevention-guidelines-parent-summary.pd&#8230;<\/a><br \/>[ii] Soller, S et coll. (2015). Adjusting for nonresponse bias corrects overestimates of food allergy prevalence. Journal of Allergy and Clinical Immunology, 3(2), 291-293. DOI 10.1016\/j.jaip.2014.11.006<br \/>[iii] Skolnick, H. S. et coll. (2001). The natural history of peanut allergy. Journal of Allergy and Clinical Immunology, 107(2), 367-74. DOI 10.1067\/mai.2001.112129<br \/>[iv] Fleischer, D. M. et coll. (2003). The natural progression of peanut allergy : Resolution and the possibility of reccurence. Journal of Allergy and Clinical Immunology, 112(1), 183-89. DOI 10.1067\/mai.2003.1517<br \/>[v] Food Allergy Research and Education (FARE). (2016). Peanut Allergy. Rep\u00e9r\u00e9 \u00e0 https:\/\/www.foodallergy.org\/allergens\/peanut-allergy<br \/>[vi] Bavaro, S. L. et Monaci, L. (2016). Peanut allergy and strategies for allergenicity reduction. Austin Journal of Allergy, 3(1), 1022.<\/p>\t\t\t\t\t\t\t\t<\/div>\n\t\t\t\t<\/div>\n\t\t\t\t\t<\/div>\n\t\t<\/div>\n\t\t\t\t<div class=\"elementor-column elementor-col-33 elementor-top-column elementor-element elementor-element-66b8691\" data-id=\"66b8691\" data-element_type=\"column\" data-e-type=\"column\">\n\t\t\t<div class=\"elementor-widget-wrap elementor-element-populated\">\n\t\t\t\t\t\t<div class=\"elementor-element elementor-element-d9647e9 elementor-widget elementor-widget-image\" data-id=\"d9647e9\" data-element_type=\"widget\" data-e-type=\"widget\" data-widget_type=\"image.default\">\n\t\t\t\t<div class=\"elementor-widget-container\">\n\t\t\t\t\t\t\t\t\t\t\t\t\t\t\t<img fetchpriority=\"high\" decoding=\"async\" width=\"960\" height=\"638\" src=\"https:\/\/allergies-alimentaires.org\/wp-content\/uploads\/2019\/10\/allergies-quebec_arachides_01.webp\" class=\"attachment-large size-large wp-image-5538\" alt=\"Allergie aux arachides\" \/>\t\t\t\t\t\t\t\t\t\t\t\t\t\t\t<\/div>\n\t\t\t\t<\/div>\n\t\t\t\t<div class=\"elementor-element elementor-element-f3a75ca rightnav elementor-widget elementor-widget-text-editor\" data-id=\"f3a75ca\" data-element_type=\"widget\" data-e-type=\"widget\" data-widget_type=\"text-editor.default\">\n\t\t\t\t<div class=\"elementor-widget-container\">\n\t\t\t\t\t\t\t\t\t<strong>SUGGESTED READING:<\/strong>\n<div id=\"u374\" class=\"ax_default box_1\" data-label=\"bouton-soumettre\">\n<div id=\"u374_text\" class=\"text \">\n<p id=\"cache20\"><a href=\"https:\/\/allergies-alimentaires.org\/en\/a-testimonial-learning-to-live-with-an-allergy-or-other-food-sensitivities\"><span id=\"cache21\">Learning to Live with an Allergy or Other Food Sensitivities (Testimonial)<\/span><\/a><\/p>\n\n<\/div>\n<\/div>\n<div id=\"u375\" class=\"ax_default materialicons\">\n<div id=\"u375_div\" class=\"\">\n<div id=\"u377\" class=\"ax_default box_1 mouseOver\" data-label=\"bouton-soumettre\">\n<div id=\"u377_text\" class=\"text \">\n<p id=\"cache18\"><a href=\"https:\/\/allergies-alimentaires.org\/en\/cross-contamination\"><span id=\"cache19\">Avoiding Cross-contact<\/span><\/a><\/p>\n\n<\/div>\n<\/div>\n<div id=\"u378\" class=\"ax_default materialicons\">\n<div id=\"u378_div\" class=\"\"><a href=\"https:\/\/allergies-alimentaires.org\/en\/recipe-for-green-bean-salad\">Recipe for Green Bean Salad<\/a><\/div>\n<\/div>\n<\/div>\n<\/div>\t\t\t\t\t\t\t\t<\/div>\n\t\t\t\t<\/div>\n\t\t\t\t\t<\/div>\n\t\t<\/div>\n\t\t\t\t\t<\/div>\n\t\t<\/section>\n\t\t\t\t<\/div>\n\t\t","protected":false},"excerpt":{"rendered":"<p>Peanuts are listed as a priority allergen in Canada. This page focuses on facts specific to peanut allergy, available resources, &#8230; <a title=\"Peanuts\" class=\"read-more\" href=\"https:\/\/allergies-alimentaires.org\/en\/9-priority-allergens\/peanuts\/\" aria-label=\"Read more about Peanuts\">Lire plus<\/a><\/p>\n","protected":false},"author":1,"featured_media":0,"parent":5874,"menu_order":0,"comment_status":"closed","ping_status":"closed","template":"","meta":{"footnotes":""},"categories":[],"tags":[],"class_list":{"0":"post-5877","1":"page","2":"type-page","3":"status-publish","5":"infinite-scroll-item","6":"no-featured-image-padding"},"_links":{"self":[{"href":"https:\/\/allergies-alimentaires.org\/en\/wp-json\/wp\/v2\/pages\/5877","targetHints":{"allow":["GET"]}}],"collection":[{"href":"https:\/\/allergies-alimentaires.org\/en\/wp-json\/wp\/v2\/pages"}],"about":[{"href":"https:\/\/allergies-alimentaires.org\/en\/wp-json\/wp\/v2\/types\/page"}],"author":[{"embeddable":true,"href":"https:\/\/allergies-alimentaires.org\/en\/wp-json\/wp\/v2\/users\/1"}],"replies":[{"embeddable":true,"href":"https:\/\/allergies-alimentaires.org\/en\/wp-json\/wp\/v2\/comments?post=5877"}],"version-history":[{"count":0,"href":"https:\/\/allergies-alimentaires.org\/en\/wp-json\/wp\/v2\/pages\/5877\/revisions"}],"up":[{"embeddable":true,"href":"https:\/\/allergies-alimentaires.org\/en\/wp-json\/wp\/v2\/pages\/5874"}],"wp:attachment":[{"href":"https:\/\/allergies-alimentaires.org\/en\/wp-json\/wp\/v2\/media?parent=5877"}],"wp:term":[{"taxonomy":"category","embeddable":true,"href":"https:\/\/allergies-alimentaires.org\/en\/wp-json\/wp\/v2\/categories?post=5877"},{"taxonomy":"post_tag","embeddable":true,"href":"https:\/\/allergies-alimentaires.org\/en\/wp-json\/wp\/v2\/tags?post=5877"}],"curies":[{"name":"wp","href":"https:\/\/api.w.org\/{rel}","templated":true}]}}